{"id":65,"date":"2023-02-10T17:06:56","date_gmt":"2023-02-10T17:06:56","guid":{"rendered":"https:\/\/cdo-fitness.com\/?page_id=65"},"modified":"2025-04-11T13:42:26","modified_gmt":"2025-04-11T13:42:26","slug":"terminos-y-condiciones-de-uso","status":"publish","type":"page","link":"https:\/\/cdo-fitness.com\/es\/terminos-y-condiciones-de-uso\/","title":{"rendered":"T\u00e9rminos y condiciones de uso"},"content":{"rendered":"<h2>Condiciones de uso<\/h2>\n<p>La p\u00e1gina web <strong>https:\/\/cdo-fitness.com<\/strong> est\u00e1 dirigida a: <em><strong>TODOS LOS P\u00daBLICOS<\/strong><\/em><\/p>\n<p>El acceso y uso de la p\u00e1gina web y los Servicios por parte de menores de la\/las edad\/es indicada\/s est\u00e1 expresamente prohibido. Al acceder y utilizar la p\u00e1gina web y los Servicios declaras y garantizas que eres mayor de la\/las edad\/es indicada\/s.<\/p>\n<p>Por medio de este aviso, informamos al visitante de los t\u00e9rminos y condiciones de uso que rigen el acceso y consulta de nuestra p\u00e1gina web. El titular de la p\u00e1gina web se reserva el derecho a modificarlas en cualquier momento y sin previo aviso. Al usuario le ser\u00e1 aplicada los t\u00e9rminos de uso y condiciones vigentes en cada momento, registrando su visita con un \u201ctimestamp\u201d o registro exacto del momento de su visita, que incluye la IP, y se guarda con el ID de Usuario y anonimizado.<\/p>\n<p>El acceso y utilizaci\u00f3n de dichos servicios, por parte de los visitantes o usuarios, supone la aceptaci\u00f3n impl\u00edcita y plena, sin reserva alguna, de los presente t\u00e9rminos de uso y condiciones generales de acceso.<\/p>\n<p>Se entiende por usuario todo visitante de la p\u00e1gina web. Utilizamos de forma indistinta el t\u00e9rmino usuario o visitante, para referirnos a la totalidad de usuarios. Si bien a la hora de reconocer derechos y asumir obligaciones distinguimos dos tipos de usuarios en funci\u00f3n del inter\u00e9s del usuario en su visita:<\/p>\n<ul>\n<li><strong>Usuarios Consumidores<\/strong>: Aquellos que visitan nuestra website por una inquietud o con \u00e1nimo de satisfacci\u00f3n de un inter\u00e9s personal, sea de obtener informaci\u00f3n, documentaci\u00f3n, lectura, visualizaci\u00f3n, consumo o compra personal, o contrataci\u00f3n de productos y servicios personales.<\/li>\n<li><strong>Usuarios con inter\u00e9s econ\u00f3mico o profesional<\/strong>: Son aquellos que las visitan por un inter\u00e9s de obtener cualquier tipo de ganancia profesional o contraprestaci\u00f3n con valor econ\u00f3mico y aquellos que la visitan por un desempe\u00f1o o participaci\u00f3n en las actividades de una organizaci\u00f3n, sea p\u00fablica o privada.<\/li>\n<\/ul>\n<p>Conforme a este inter\u00e9s, y dentro de una misma pol\u00edtica de privacidad, asumimos y procuramos cumplir todas las disposiciones en favor de la privacidad de los usuarios-consumidores. Sin embargo, hemos de advertir que aquellos que nos visitan con un \u00e1nimo o inter\u00e9s econ\u00f3mico o profesional se les excluye de determinados derechos que corresponden \u00fanicamente a consumidores-usuarios. En consecuencia, anunciamos p\u00fablicamente que priorizamos nuestro inter\u00e9s propio y la defensa de nuestro Know How frente a los usuarios con inter\u00e9s econ\u00f3mico o profesional.<\/p>\n<p>Adicionalmente, nuestra p\u00e1gina web puede admitir el registro de usuarios. En este caso, el usuario al crear una cuenta declara la veracidad de los datos incorporados y que tiene los derechos, poderes y autoridad necesarios para suscribir la cuenta de usuario, y su compromiso de cumplir con las obligaciones contractuales establecidas en el presente documento. Asimismo, el usuario se compromete a proporcionar y mantener actualizada, exacta y completa la informaci\u00f3n sobre \u00e9l o sobre su organizaci\u00f3n; a mantener la confidencialidad de su Cuenta de Usuario y credenciales de registro; y a restringir el acceso a su Cuenta de Usuario a terceros extra\u00f1os. Las cuentas de los usuarios registrados podr\u00e1n ser canceladas o suspendidas en el caso de detecci\u00f3n de falsedad de la informaci\u00f3n suministrada, inexactitud de datos relevantes y esenciales para la relaci\u00f3n, suplantaci\u00f3n de personalidad, o uso de datos de terceros sin autorizaci\u00f3n.<\/p>\n<p>Todo visitante se compromete tras su acceso a utilizar esta p\u00e1gina web de conformidad con los presentes t\u00e9rminos de uso y condiciones generales, la ley, el orden p\u00fablico, la moral y buenas costumbres generalmente aceptadas. De forma enunciativa, sin que ello suponga una descripci\u00f3n de la totalidad de conductas prohibidas mencionamos las siguientes:<\/p>\n<p>&nbsp;<\/p>\n<h2>Conductas prohibidas<\/h2>\n<p>Se proh\u00edbe a los visitantes las siguientes conductas:<\/p>\n<ul>\n<li>El uso del email para actividades de env\u00edo masivo de correo no solicitado (spam).<\/li>\n<li>El env\u00edo y suministro de informaci\u00f3n, o incorporaci\u00f3n de contenidos u opiniones, que vulneren la legalidad vigente.<\/li>\n<li>El env\u00edo y suministro de informaci\u00f3n, o incorporaci\u00f3n de contenido u opiniones falsas, imprecisas y enga\u00f1osas.<\/li>\n<li>El registro de usuarios que no cumplan los requisitos legales establecidos en la Ley o en los t\u00e9rminos y condiciones generales de acceso de esta p\u00e1gina web.<\/li>\n<li>El registro de usuarios en nombre o representaci\u00f3n de terceras personas, si no se cuenta con una autorizaci\u00f3n expresa y escrita por parte de esta tercera persona. En caso de incidencia, denuncia o reclamaci\u00f3n, el usuario deber\u00e1 exhibir y documentar de forma fehaciente la documentaci\u00f3n que asegure su representaci\u00f3n y vigencia al tiempo de la suscripci\u00f3n. En caso de no ser real dicha autorizaci\u00f3n, el usuario asumir\u00e1 su responsabilidad en la emisi\u00f3n de declaraciones y representaciones falsarias.<\/li>\n<li>El uso de una cuenta sin autorizaci\u00f3n del usuario registrado. De forma proactiva, y para la protecci\u00f3n del usuario perseguimos la suplantaci\u00f3n y usurpaci\u00f3n de la identidad de usuarios.<\/li>\n<li>El env\u00edo y suministro de informaci\u00f3n, o incorporaci\u00f3n de contenido u opiniones, que infrinjan la propiedad intelectual o propiedad industrial de un tercero o la nuestra propia.<\/li>\n<li>\u00a0El env\u00edo y suministro de informaci\u00f3n, incorporaci\u00f3n de contenido u opini\u00f3n sobre los que no se tenga derecho leg\u00edtimo para su comunicaci\u00f3n y publicaci\u00f3n. A modo de ejemplo, son impedimentos de comunicaci\u00f3n de informaci\u00f3n la infracci\u00f3n de ley, de una obligaci\u00f3n contractual, de un deber de confidencialidad, o de un deber de secreto, o del deber de conservaci\u00f3n de informaci\u00f3n en forma reservada, privilegiada o protegida.<\/li>\n<li>El env\u00edo y suministro de informaci\u00f3n ilegal o incorporaci\u00f3n de contenido u opini\u00f3n ilegal. Por ejemplo, sin que ello suponga limitaci\u00f3n y delimitaci\u00f3n:\n<ol>\n<li><em>La denigratoria por raz\u00f3n de sexo, raza, color, idioma, religi\u00f3n, opini\u00f3n pol\u00edtica, origen nacional o social, posici\u00f3n econ\u00f3mica, nacimiento o cualquier otra condici\u00f3n;<\/em><\/li>\n<li><em>La difamatoria, injuriosa o calumniosa para las personas f\u00edsicas o las organizaciones;<\/em><\/li>\n<li><em>La que vulnere la legalidad en materia de pornograf\u00eda, sexo, privacidad, pedofilia, violencia expl\u00edcita, juego, armas, drogas, tabaco, alcohol u otras actividades prohibidas por el legislador;<\/em><\/li>\n<li><em>La maliciosa y enga\u00f1osa tendente a crear concepciones o im\u00e1genes de la realidad falsa.<\/em><\/li>\n<li><em>La que induzca a la violencia sobre las personas, los animales o las cosas, incluidas aquellas que puedan suponer una lesi\u00f3n o da\u00f1o personal autoinfligido.<\/em><\/li>\n<\/ol>\n<\/li>\n<li>El env\u00edo y suministro de datos, informaci\u00f3n o realizaci\u00f3n de conductas dirigidas a actividades ilegales como son:\n<ol>\n<li><em>Programas, c\u00f3digos o algoritmos inform\u00e1ticos nocivos, maliciosos o peligrosos, a modo de ejemplo, virus inform\u00e1ticos y todo tipo de archivos o programas de c\u00f3digo inform\u00e1tico con la capacidad de interrumpir, destruir, comprometer o limitar la funcionalidad de dispositivos, hardware, software o redes de telecomunicaciones;<\/em><\/li>\n<li><em>La manipulaci\u00f3n o alteraci\u00f3n de la p\u00e1gina web o de sus datos identificativos.<\/em><\/li>\n<li><em>La manipulaci\u00f3n de las conexiones y\/o de datos identificadores del visitante que favorezcan la ocultaci\u00f3n de identidad al objeto de facilitar la comisi\u00f3n de da\u00f1os, faltas, il\u00edcitos o delitos;<\/em><\/li>\n<li><em>La realizaci\u00f3n ingenier\u00eda inversa, interferir en la p\u00e1gina web, desactivar medidas de seguridad, impedir el normal funcionamiento, desencriptar o descompilar las medidas t\u00e9cnicas de seguridad implementadas para administrar y proteger nuestra p\u00e1gina web.<\/em><\/li>\n<li><em>La utilizaci\u00f3n de herramientas (robot-crawlers) autom\u00e1ticas de recolecci\u00f3n o extracci\u00f3n de datos para acceder, consultar, descargar o recolectar nuestro contenido e informaci\u00f3n sin autorizaci\u00f3n.<\/em><\/li>\n<li><em>La creaci\u00f3n de enlaces o referencias o compartir publicaciones mediante el uso de motores, software, herramientas, agentes, dispositivos o mecanismos (incluidas herramientas de miner\u00eda de datos, robots, spiders, rastreadores y scripts automatizados).<\/em><\/li>\n<li><em>La utilizaci\u00f3n de interfaces no autorizados para obtener informaci\u00f3n cuya difusi\u00f3n, distribuci\u00f3n o comunicaci\u00f3n no ha sido autorizada de forma previa. Anunciamos que por motivos de seguridad t\u00e9cnica podemos supervisar la actividad del usuario en nuestra p\u00e1gina web, editar y eliminar contenido de usuario que infrinja o no cumpla con estos T\u00e9rminos y Condiciones Generales.<\/em><\/li>\n<\/ol>\n<\/li>\n<\/ul>\n<p>&nbsp;<\/p>\n<h2>Otros t\u00e9rminos legales<\/h2>\n<p>En caso de vulneraci\u00f3n de los presentes t\u00e9rminos y condiciones o de cualquier contenido de nuestra p\u00e1gina web, el titular de la p\u00e1gina web se reserva el derecho para adoptar las medidas legales y de seguridad que considere oportunas dirigidas a proteger sus leg\u00edtimos derechos, entre ellas el DERECHO DE EXCLUSION, que consiste en denegar o retirar el acceso a su website y\/o los servicios ofrecidos sin necesidad de preaviso. Adem\u00e1s, se podr\u00e1 cancelar la cuenta del usuario, suspender o interrumpir nuestro servicio.<\/p>\n<p>Las versiones traducidas de los t\u00e9rminos y condiciones de uso se proporcionan para que el usuario pueda comprender los textos en su idioma nativo. Las traducciones se han realizado por expertos profesionales y las entendemos apropiadas, pero es posible el error de traducci\u00f3n a pesar de nuestros esfuerzos de supervisi\u00f3n y control.<\/p>\n<p>Por ello, los textos traducidos no despliegan obligaciones y no sustituyen a la versi\u00f3n original del editor web ni despliega validez jur\u00eddica. En caso de dudas interpretativas o conflictos la versi\u00f3n original del pa\u00eds del editor web prevalecer\u00e1 sobre las versiones en otros idiomas.<\/p>\n<p>Las partes se someten expresamente, para cualesquier cuesti\u00f3n o divergencia que se suscite con motivo de la interpretaci\u00f3n, cumplimiento y ejecuci\u00f3n de este contrato, a la jurisdicci\u00f3n y competencia de los Juzgados y Tribunales que correspondan. Si las partes fueran un usuario consumidor y el BPXPORT XXI SL el derecho de elecci\u00f3n de foro judicial corresponder\u00e1 al usuario consumidor. Si las partes fuera un usuario persona f\u00edsica o jur\u00eddica con inter\u00e9s econ\u00f3mico lucrativo la designaci\u00f3n del foro judicial corresponder\u00e1 a BPXPORT XXI SL, designando el del domicilio del titular de la web.<\/p>\n<p>&nbsp;<\/p>\n<h2>Finalizaci\u00f3n del uso de nuestra p\u00e1gina web<\/h2>\n<p>El titular de la web se reserva el derecho, sin penalizaci\u00f3n y en cualquier momento sin aviso, de modificar o interrumpir (temporal o permanentemente) el acceso del usuario a nuestra P\u00e1gina web y nuestros servicios.<\/p>\n<p>El usuario en cualquier momento puede cancelar su cuenta de usuario si estuviera registrado. Para proceder a la oposici\u00f3n del tratamiento de sus datos, la solicitud de borrado o la retirada de consentimiento, consulte la <a href=\"https:\/\/cdo-fitness.com\/politica-privacidad\/\" target=\"_blank\" rel=\"noopener\">Pol\u00edtica de Privacidad<\/a>. Tras la cancelaci\u00f3n de la cuenta, podr\u00e1 seguir disfrutando de la p\u00e1gina web y sus servicios gratuitos para usuarios no registrados.<\/p>\n<p>&nbsp;<\/p>\n<h2>Divisibilidad e integridad de los textos legales de la p\u00e1gina web<\/h2>\n<p>Si cualquiera de los T\u00e9rminos y Condiciones Generales de acceso de los Usuarios se considera inv\u00e1lido, nulo o, por cualquier motivo, inaplicable de acuerdo con la legislaci\u00f3n, esta cl\u00e1usula se considera separable y no afectar\u00e1 a la validez y aplicabilidad de las cl\u00e1usulas y disposiciones restantes.<\/p>\n<p>El Aviso Legal, la Pol\u00edtica de Privacidad para usuarios-consumidores, o en su caso para personas con inter\u00e9s econ\u00f3mico profesional, la Pol\u00edtica de Cookies, los T\u00e9rminos y Condiciones de uso, as\u00ed como las Condiciones Generales de la contrataci\u00f3n constituyen el acuerdo completo y compromiso con nuestros usuarios.<\/p>\n<p>&nbsp;<\/p>\n","protected":false},"excerpt":{"rendered":"<p>Condiciones de uso La p\u00e1gina web https:\/\/cdo-fitness.com est\u00e1 dirigida a: TODOS LOS P\u00daBLICOS El acceso y uso de la p\u00e1gina &#8230; <a title=\"T\u00e9rminos y condiciones de uso\" class=\"read-more\" href=\"https:\/\/cdo-fitness.com\/es\/terminos-y-condiciones-de-uso\/\" aria-label=\"M\u00e1s en T\u00e9rminos y condiciones de uso\">Leer m\u00e1s<\/a><\/p>\n","protected":false},"author":2,"featured_media":0,"parent":0,"menu_order":0,"comment_status":"closed","ping_status":"closed","template":"","meta":{"_acf_changed":false,"content-type":"","footnotes":""},"categories":[],"tags":[],"class_list":["post-65","page","type-page","status-publish"],"acf":[],"yoast_head":"<!-- This site is optimized with the Yoast SEO plugin v27.5 - https:\/\/yoast.com\/product\/yoast-seo-wordpress\/ -->\n<title>T\u00e9rminos y condiciones - CDO<\/title>\n<meta name=\"description\" content=\"Informamos al visitante de los t\u00e9rminos y condiciones de uso que rigen el acceso y consulta de nuestra p\u00e1gina web\" \/>\n<meta name=\"robots\" content=\"index, follow, max-snippet:-1, max-image-preview:large, max-video-preview:-1\" \/>\n<link rel=\"canonical\" href=\"https:\/\/cdo-fitness.com\/es\/terminos-y-condiciones-de-uso\/\" \/>\n<meta property=\"og:locale\" content=\"es_ES\" \/>\n<meta property=\"og:type\" content=\"article\" \/>\n<meta property=\"og:title\" content=\"T\u00e9rminos y condiciones - CDO\" \/>\n<meta property=\"og:description\" content=\"Informamos al visitante de los t\u00e9rminos y condiciones de uso que rigen el acceso y consulta de nuestra p\u00e1gina web\" \/>\n<meta property=\"og:url\" content=\"https:\/\/cdo-fitness.com\/es\/terminos-y-condiciones-de-uso\/\" \/>\n<meta property=\"og:site_name\" content=\"cdo\" \/>\n<meta property=\"article:modified_time\" content=\"2025-04-11T13:42:26+00:00\" \/>\n<meta property=\"og:image\" content=\"https:\/\/cdo-fitness.com\/wp-content\/uploads\/2025\/03\/\u00bfGestionamos-tu-centros-3.png\" \/>\n\t<meta property=\"og:image:width\" content=\"662\" \/>\n\t<meta property=\"og:image:height\" content=\"404\" \/>\n\t<meta property=\"og:image:type\" content=\"image\/png\" \/>\n<meta name=\"twitter:card\" content=\"summary_large_image\" \/>\n<meta name=\"twitter:label1\" content=\"Tiempo de lectura\" \/>\n\t<meta name=\"twitter:data1\" content=\"8 minutos\" \/>\n<script type=\"application\/ld+json\" class=\"yoast-schema-graph\">{\"@context\":\"https:\\\/\\\/schema.org\",\"@graph\":[{\"@type\":\"WebPage\",\"@id\":\"https:\\\/\\\/cdo-fitness.com\\\/es\\\/terminos-y-condiciones-de-uso\\\/\",\"url\":\"https:\\\/\\\/cdo-fitness.com\\\/es\\\/terminos-y-condiciones-de-uso\\\/\",\"name\":\"T\u00e9rminos y condiciones - CDO\",\"isPartOf\":{\"@id\":\"https:\\\/\\\/cdo-fitness.com\\\/es\\\/#website\"},\"datePublished\":\"2023-02-10T17:06:56+00:00\",\"dateModified\":\"2025-04-11T13:42:26+00:00\",\"description\":\"Informamos al visitante de los t\u00e9rminos y condiciones de uso que rigen el acceso y consulta de nuestra p\u00e1gina web\",\"breadcrumb\":{\"@id\":\"https:\\\/\\\/cdo-fitness.com\\\/es\\\/terminos-y-condiciones-de-uso\\\/#breadcrumb\"},\"inLanguage\":\"es\",\"potentialAction\":[{\"@type\":\"ReadAction\",\"target\":[\"https:\\\/\\\/cdo-fitness.com\\\/es\\\/terminos-y-condiciones-de-uso\\\/\"]}]},{\"@type\":\"BreadcrumbList\",\"@id\":\"https:\\\/\\\/cdo-fitness.com\\\/es\\\/terminos-y-condiciones-de-uso\\\/#breadcrumb\",\"itemListElement\":[{\"@type\":\"ListItem\",\"position\":1,\"name\":\"Portada\",\"item\":\"https:\\\/\\\/cdo-fitness.com\\\/es\\\/\"},{\"@type\":\"ListItem\",\"position\":2,\"name\":\"T\u00e9rminos y condiciones de uso\"}]},{\"@type\":\"WebSite\",\"@id\":\"https:\\\/\\\/cdo-fitness.com\\\/es\\\/#website\",\"url\":\"https:\\\/\\\/cdo-fitness.com\\\/es\\\/\",\"name\":\"CDO Fitness\",\"description\":\"Club de Deporte y Ocio\",\"publisher\":{\"@id\":\"https:\\\/\\\/cdo-fitness.com\\\/es\\\/#organization\"},\"alternateName\":\"Gimnasios CDO\",\"potentialAction\":[{\"@type\":\"SearchAction\",\"target\":{\"@type\":\"EntryPoint\",\"urlTemplate\":\"https:\\\/\\\/cdo-fitness.com\\\/es\\\/?s={search_term_string}\"},\"query-input\":{\"@type\":\"PropertyValueSpecification\",\"valueRequired\":true,\"valueName\":\"search_term_string\"}}],\"inLanguage\":\"es\"},{\"@type\":\"Organization\",\"@id\":\"https:\\\/\\\/cdo-fitness.com\\\/es\\\/#organization\",\"name\":\"CDO Fitness\",\"alternateName\":\"Club deporte y ocio\",\"url\":\"https:\\\/\\\/cdo-fitness.com\\\/es\\\/\",\"logo\":{\"@type\":\"ImageObject\",\"inLanguage\":\"es\",\"@id\":\"https:\\\/\\\/cdo-fitness.com\\\/es\\\/#\\\/schema\\\/logo\\\/image\\\/\",\"url\":\"https:\\\/\\\/cdo-fitness.com\\\/wp-content\\\/uploads\\\/2025\\\/03\\\/cropped-\u00bfGestionamos-tu-centros-3.png\",\"contentUrl\":\"https:\\\/\\\/cdo-fitness.com\\\/wp-content\\\/uploads\\\/2025\\\/03\\\/cropped-\u00bfGestionamos-tu-centros-3.png\",\"width\":661,\"height\":284,\"caption\":\"CDO Fitness\"},\"image\":{\"@id\":\"https:\\\/\\\/cdo-fitness.com\\\/es\\\/#\\\/schema\\\/logo\\\/image\\\/\"},\"sameAs\":[\"https:\\\/\\\/www.instagram.com\\\/cdo.fitness\\\/\"]}]}<\/script>\n<!-- \/ Yoast SEO plugin. -->","yoast_head_json":{"title":"T\u00e9rminos y condiciones - CDO","description":"Informamos al visitante de los t\u00e9rminos y condiciones de uso que rigen el acceso y consulta de nuestra p\u00e1gina web","robots":{"index":"index","follow":"follow","max-snippet":"max-snippet:-1","max-image-preview":"max-image-preview:large","max-video-preview":"max-video-preview:-1"},"canonical":"https:\/\/cdo-fitness.com\/es\/terminos-y-condiciones-de-uso\/","og_locale":"es_ES","og_type":"article","og_title":"T\u00e9rminos y condiciones - CDO","og_description":"Informamos al visitante de los t\u00e9rminos y condiciones de uso que rigen el acceso y consulta de nuestra p\u00e1gina web","og_url":"https:\/\/cdo-fitness.com\/es\/terminos-y-condiciones-de-uso\/","og_site_name":"cdo","article_modified_time":"2025-04-11T13:42:26+00:00","og_image":[{"width":662,"height":404,"url":"https:\/\/cdo-fitness.com\/wp-content\/uploads\/2025\/03\/\u00bfGestionamos-tu-centros-3.png","type":"image\/png"}],"twitter_card":"summary_large_image","twitter_misc":{"Tiempo de lectura":"8 minutos"},"schema":{"@context":"https:\/\/schema.org","@graph":[{"@type":"WebPage","@id":"https:\/\/cdo-fitness.com\/es\/terminos-y-condiciones-de-uso\/","url":"https:\/\/cdo-fitness.com\/es\/terminos-y-condiciones-de-uso\/","name":"T\u00e9rminos y condiciones - CDO","isPartOf":{"@id":"https:\/\/cdo-fitness.com\/es\/#website"},"datePublished":"2023-02-10T17:06:56+00:00","dateModified":"2025-04-11T13:42:26+00:00","description":"Informamos al visitante de los t\u00e9rminos y condiciones de uso que rigen el acceso y consulta de nuestra p\u00e1gina web","breadcrumb":{"@id":"https:\/\/cdo-fitness.com\/es\/terminos-y-condiciones-de-uso\/#breadcrumb"},"inLanguage":"es","potentialAction":[{"@type":"ReadAction","target":["https:\/\/cdo-fitness.com\/es\/terminos-y-condiciones-de-uso\/"]}]},{"@type":"BreadcrumbList","@id":"https:\/\/cdo-fitness.com\/es\/terminos-y-condiciones-de-uso\/#breadcrumb","itemListElement":[{"@type":"ListItem","position":1,"name":"Portada","item":"https:\/\/cdo-fitness.com\/es\/"},{"@type":"ListItem","position":2,"name":"T\u00e9rminos y condiciones de uso"}]},{"@type":"WebSite","@id":"https:\/\/cdo-fitness.com\/es\/#website","url":"https:\/\/cdo-fitness.com\/es\/","name":"CDO Fitness","description":"Club de Deporte y Ocio","publisher":{"@id":"https:\/\/cdo-fitness.com\/es\/#organization"},"alternateName":"Gimnasios CDO","potentialAction":[{"@type":"SearchAction","target":{"@type":"EntryPoint","urlTemplate":"https:\/\/cdo-fitness.com\/es\/?s={search_term_string}"},"query-input":{"@type":"PropertyValueSpecification","valueRequired":true,"valueName":"search_term_string"}}],"inLanguage":"es"},{"@type":"Organization","@id":"https:\/\/cdo-fitness.com\/es\/#organization","name":"CDO Fitness","alternateName":"Club deporte y ocio","url":"https:\/\/cdo-fitness.com\/es\/","logo":{"@type":"ImageObject","inLanguage":"es","@id":"https:\/\/cdo-fitness.com\/es\/#\/schema\/logo\/image\/","url":"https:\/\/cdo-fitness.com\/wp-content\/uploads\/2025\/03\/cropped-\u00bfGestionamos-tu-centros-3.png","contentUrl":"https:\/\/cdo-fitness.com\/wp-content\/uploads\/2025\/03\/cropped-\u00bfGestionamos-tu-centros-3.png","width":661,"height":284,"caption":"CDO Fitness"},"image":{"@id":"https:\/\/cdo-fitness.com\/es\/#\/schema\/logo\/image\/"},"sameAs":["https:\/\/www.instagram.com\/cdo.fitness\/"]}]}},"_links":{"self":[{"href":"https:\/\/cdo-fitness.com\/es\/wp-json\/wp\/v2\/pages\/65","targetHints":{"allow":["GET"]}}],"collection":[{"href":"https:\/\/cdo-fitness.com\/es\/wp-json\/wp\/v2\/pages"}],"about":[{"href":"https:\/\/cdo-fitness.com\/es\/wp-json\/wp\/v2\/types\/page"}],"author":[{"embeddable":true,"href":"https:\/\/cdo-fitness.com\/es\/wp-json\/wp\/v2\/users\/2"}],"replies":[{"embeddable":true,"href":"https:\/\/cdo-fitness.com\/es\/wp-json\/wp\/v2\/comments?post=65"}],"version-history":[{"count":3,"href":"https:\/\/cdo-fitness.com\/es\/wp-json\/wp\/v2\/pages\/65\/revisions"}],"predecessor-version":[{"id":11409,"href":"https:\/\/cdo-fitness.com\/es\/wp-json\/wp\/v2\/pages\/65\/revisions\/11409"}],"wp:attachment":[{"href":"https:\/\/cdo-fitness.com\/es\/wp-json\/wp\/v2\/media?parent=65"}],"wp:term":[{"taxonomy":"category","embeddable":true,"href":"https:\/\/cdo-fitness.com\/es\/wp-json\/wp\/v2\/categories?post=65"},{"taxonomy":"post_tag","embeddable":true,"href":"https:\/\/cdo-fitness.com\/es\/wp-json\/wp\/v2\/tags?post=65"}],"curies":[{"name":"wp","href":"https:\/\/api.w.org\/{rel}","templated":true}]}}