{"id":59,"date":"2023-02-10T17:05:10","date_gmt":"2023-02-10T17:05:10","guid":{"rendered":"https:\/\/cdo-fitness.com\/?page_id=59"},"modified":"2023-02-10T17:05:10","modified_gmt":"2023-02-10T17:05:10","slug":"politica-de-cookies","status":"publish","type":"page","link":"https:\/\/cdo-fitness.com\/es\/politica-de-cookies\/","title":{"rendered":"Pol\u00edtica de cookies"},"content":{"rendered":"<h2>\u00bfQu\u00e9 Cookies utilizamos?<\/h2>\n<table>\n<thead>\n<tr>\n<th>Nombre de la cookie<\/th>\n<th>Dominio<\/th>\n<th>Titular<\/th>\n<th>Tipo<\/th>\n<th>Categor\u00eda<\/th>\n<th>Caducidad<\/th>\n<th>Descripci\u00f3n<\/th>\n<\/tr>\n<\/thead>\n<tbody>\n<tr>\n<td>_ga<\/td>\n<td>google.com<\/td>\n<td>Google Inc<\/td>\n<td>Terceros<\/td>\n<td>Estad\u00edstica<\/td>\n<td>730<\/td>\n<td>Google informa que su funci\u00f3n es generar aleatoriamente un n\u00famero identificador \u00fanico para cada usuario y es \u00e9l que se utiliza para recontar el n\u00famero de veces que el usuario visita el sitio web, as\u00ed como la fecha y la hora de la primera y \u00faltima visita. Adem\u00e1s, determina si existe la necesidad de mantener la sesi\u00f3n de un usuario abierta o crear una nueva. Mediante esta cookie se identifica la sesi\u00f3n del usuario, para recoger la ubicaci\u00f3n geogr\u00e1fica aproximada del ordenador que accede al Sitio Web con efectos estad\u00edsticos. En consecuencia, Google te identifica, te monitoriza y geolocaliza en tu visita.<\/td>\n<\/tr>\n<tr>\n<td>_ga_LZQF1BY07P<\/td>\n<td>google.com<\/td>\n<td>Google Inc<\/td>\n<td>Terceros<\/td>\n<td>Estad\u00edstica<\/td>\n<td>730<\/td>\n<td>Google informa que su funci\u00f3n es generar aleatoriamente un n\u00famero identificador \u00fanico para cada usuario y es \u00e9l que se utiliza para recontar el n\u00famero de veces que el usuario visita el sitio web, as\u00ed como la fecha y la hora de la primera y \u00faltima visita. Adem\u00e1s, determina si existe la necesidad de mantener la sesi\u00f3n de un usuario abierta o crear una nueva. Mediante esta cookie se identifica la sesi\u00f3n del usuario, para recoger la ubicaci\u00f3n geogr\u00e1fica aproximada del ordenador que accede al Sitio Web con efectos estad\u00edsticos. En consecuencia, Google te identifica, te monitoriza y geolocaliza en tu visita.<\/td>\n<\/tr>\n<tr>\n<td>_ga_661XL2NB0T<\/td>\n<td>google.com<\/td>\n<td>Google Inc<\/td>\n<td>Terceros<\/td>\n<td>Estad\u00edstica<\/td>\n<td>730<\/td>\n<td>Google informa que su funci\u00f3n es generar aleatoriamente un n\u00famero identificador \u00fanico para cada usuario y es \u00e9l que se utiliza para recontar el n\u00famero de veces que el usuario visita el sitio web, as\u00ed como la fecha y la hora de la primera y \u00faltima visita. Adem\u00e1s, determina si existe la necesidad de mantener la sesi\u00f3n de un usuario abierta o crear una nueva. Mediante esta cookie se identifica la sesi\u00f3n del usuario, para recoger la ubicaci\u00f3n geogr\u00e1fica aproximada del ordenador que accede al Sitio Web con efectos estad\u00edsticos. En consecuencia, Google te identifica, te monitoriza y geolocaliza en tu visita.<\/td>\n<\/tr>\n<tr>\n<td>PHPSESSID<\/td>\n<td><\/td>\n<td><\/td>\n<td>Propia<\/td>\n<td>Funcional<\/td>\n<td>0<\/td>\n<td>Esta cookie se activa autom\u00e1ticamente al entrar el usuario en el site y caduca al finalizar la sesi\u00f3n de navegaci\u00f3n. Su finalidad es la de controlar la sesi\u00f3n del usuario. Necesarias para la navegaci\u00f3n y el buen funcionamiento del formulario y registro de declaraciones y consentimiento Website Compliance.<\/td>\n<\/tr>\n<tr>\n<td>_cookie<\/td>\n<td>ww2.bpxport.es<\/td>\n<td><\/td>\n<td>Propia<\/td>\n<td>Funcional<\/td>\n<td>15<\/td>\n<td>Cookie del configurador de accesos cuya funci\u00f3n es registrar la autorizaci\u00f3n o rechazo de tratamiento y las declaraciones del usuario. Al iniciar su ejecuci\u00f3n los datos personales como IP, se almacenan encriptados y se crea autom\u00e1ticamente una ID pseudoanonimizada que no se asocia a datos personales que identifiquen a los usuarios. Si el usuario se loguea en LexProgram y\/o en el Editor Web de la p\u00e1gina web visitada, es decir, se ejecuta un contrato puede identificar al usuario y ordenar el almacenamiento de datos personales como ip, residencia y edad.<\/td>\n<\/tr>\n<tr>\n<td>_cookie_session<\/td>\n<td>ww2.bpxport.es<\/td>\n<td><\/td>\n<td>Propia<\/td>\n<td>Funcional<\/td>\n<td>0<\/td>\n<td>Cookie del configurador de accesos cuya funci\u00f3n es registrar la sesi\u00f3n del usuario.<\/td>\n<\/tr>\n<\/tbody>\n<\/table>\n<p>&nbsp;<\/p>\n<h2>\u00bfQu\u00e9 son y para qu\u00e9 sirven las cookies?<\/h2>\n<p>Las cookies son peque\u00f1os archivos que se configuran como herramientas de obtenci\u00f3n de informaci\u00f3n para:<\/p>\n<p>1) mejorar la navegaci\u00f3n;<\/p>\n<p>2) mejorar la experiencia de usuario;<\/p>\n<p>3) con fines estad\u00edsticos de utilizaci\u00f3n de servicios, comportamiento del usuario y\/o visitas de p\u00e1gina;<\/p>\n<p>4) analizar la actividad del usuario;<\/p>\n<p>5) realizar publicidad personalizada; y,<\/p>\n<p>6) perfilar al usuario;<\/p>\n<p>7) capturar datos intrusivos como tu domicilio, lo que compras, como pagas, donde env\u00edas tus compras, tus contrase\u00f1as, n\u00fameros de tel\u00e9fono, lo que buscas en la red, etc.<\/p>\n<p>Las cookies se almacenan en el dispositivo del usuario y a menudo guardan su configuraci\u00f3n de los sitios web, como el idioma de uso, el hardware de conexi\u00f3n, el sistema operativo, y en algunos casos, hasta la ubicaci\u00f3n. Las cookies instaladas pueden obtener mucha informaci\u00f3n de los usuarios llegando incluso a identificar a una persona junto con su actividad en la web, lectura de emails, uso de aplicaciones, etc.<\/p>\n<p>En el mismo momento en que una cookie es capaz de identificar a una persona se considera que los datos obtenidos son datos personales. No todas las cookies se utilizan con el prop\u00f3sito de identificar a los usuarios, pero s\u00ed gran parte de ellas. Las cookies que identifican a los usuarios y\/o que son capaces de perfilarlos, son las m\u00e1s utilizadas para fines comerciales y publicitarios por parte de los propietarios de los sitios web o de sus terceros vinculados.<\/p>\n<p>Las cookies de funcionamiento se generan bien con cada visita o en la primera visita a nuestra p\u00e1gina web. Para ello, se genera y guarda una cookie en tu navegador. En las siguientes visitas, el servidor podr\u00e1 solicitar la informaci\u00f3n almacenada en tu ordenador para establecer y adaptar la web a tus preferencias o equipos y terminales con los que te conectas en aras a que la visita sea lo m\u00e1s personalizada posible.<\/p>\n<p>&nbsp;<\/p>\n<h2>Tipos de cookies<\/h2>\n<p>Las cookies pueden clasificarse de diferentes maneras.<\/p>\n<p>Si nos centramos en la Entidad que gestiona el dominio desde donde se env\u00edan las cookies y trata los datos obtenidos, podemos diferenciar entre cookies propias y cookies de terceros.<\/p>\n<p>Las cookies propias son aquellas que se env\u00edan al equipo terminal del usuario desde un equipo o dominio que gestiona el propio editor y desde el que se presta el servicio solicitado por el usuario. Las cookies de terceros, en cambio, son aquellas que se env\u00edan al equipo terminal del usuario desde un equipo o dominio que no es gestionado por el editor, sino por otra entidad que trata los datos obtenidos a trav\u00e9s de las cookies. En el caso de que las cookies sean servidas desde un equipo o dominio gestionado por el propio editor, pero la informaci\u00f3n que se recoja mediante estas sea gestionada por un tercero, no pueden ser consideradas como cookies propias si el tercero las utiliza para sus propias finalidades (por ejemplo, la mejora de los servicios que presta o la prestaci\u00f3n de servicios de car\u00e1cter publicitario a favor de otras entidades).<\/p>\n<p><strong>Si nos centramos en la Finalidad, diferenciaremos:<\/strong><\/p>\n<p>a) Cookies t\u00e9cnicas: son aquellas que permiten al usuario la navegaci\u00f3n a trav\u00e9s de una p\u00e1gina web, plataforma o aplicaci\u00f3n y la utilizaci\u00f3n de las diferentes opciones o servicios que en ella existan, incluyendo aquellas que el editor utiliza para permitir la gesti\u00f3n y operativa de la p\u00e1gina web y habilitar sus funciones y servicios, como, por ejemplo, controlar el tr\u00e1fico y la comunicaci\u00f3n de datos, identificar la sesi\u00f3n, acceder a partes de acceso restringido, recordar los elementos que integran un pedido, realizar el proceso de compra de un pedido, gestionar el pago, controlar el fraude vinculado a la seguridad del servicio, realizar la solicitud de inscripci\u00f3n o participaci\u00f3n en un evento, contar visitas a efectos de la facturaci\u00f3n de licencias del software con el que funciona el servicio (sitio web, plataforma o aplicaci\u00f3n), utilizar elementos de seguridad durante la navegaci\u00f3n, almacenar contenidos para la difusi\u00f3n de v\u00eddeos o sonido, habilitar contenidos din\u00e1micos (por ejemplo, animaci\u00f3n de carga de un texto o imagen) o compartir contenidos a trav\u00e9s de redes sociales.<\/p>\n<p>Tambi\u00e9n pertenecen a esta categor\u00eda, por su naturaleza t\u00e9cnica, aquellas cookies que permiten la gesti\u00f3n, de la forma m\u00e1s eficaz posible, de los espacios publicitarios que, como un elemento m\u00e1s de dise\u00f1o o \u201cmaquetaci\u00f3n\u201d del servicio ofrecido al usuario, el editor haya incluido en una p\u00e1gina web, aplicaci\u00f3n o plataforma en base a criterios como el contenido editado, sin que se recopile informaci\u00f3n de los usuarios con fines distintos, como puede ser personalizar ese contenido publicitario u otros contenidos.<\/p>\n<p>b) Cookies de preferencias o personalizaci\u00f3n: son aquellas que permiten recordar informaci\u00f3n para que el usuario acceda al servicio con determinadas caracter\u00edsticas que pueden diferenciar su experiencia de la de otros usuarios, como, por ejemplo, el idioma, el n\u00famero de resultados a mostrar cuando el usuario realiza una b\u00fasqueda, el aspecto o contenido del servicio en funci\u00f3n del tipo de navegador a trav\u00e9s del cual el usuario accede al servicio o de la regi\u00f3n desde la que accede al servicio, etc.<\/p>\n<p>c) Cookies estad\u00edsticas, an\u00e1lisis o medici\u00f3n: son aquellas que permiten a su titular o propietario, el seguimiento y an\u00e1lisis del comportamiento de los usuarios de los sitios web a los que est\u00e1n vinculadas, incluida la cuantificaci\u00f3n de los impactos de los anuncios. La informaci\u00f3n recogida mediante este tipo de cookies se utiliza en la medici\u00f3n de la actividad de los sitios web, aplicaci\u00f3n o plataforma, con el fin de introducir mejoras en funci\u00f3n del an\u00e1lisis de los datos de uso que hacen los usuarios del servicio.<\/p>\n<p>Respecto al tratamiento de datos recabados a trav\u00e9s de las cookies de an\u00e1lisis, estas cookies requieren el consentimiento informado para su uso, aunque es poco probable que representen un riesgo para la privacidad de los usuarios siempre que se trate de cookies de primera parte, que traten datos agregados con una finalidad estrictamente estad\u00edstica, que se facilite informaci\u00f3n sobre sus usos y se incluya la posibilidad de que los usuarios manifiesten su negativa sobre su utilizaci\u00f3n.<\/p>\n<p>d)Cookies de publicidad comportamental: son aquellas que almacenan informaci\u00f3n del comportamiento de los usuarios obtenida a trav\u00e9s de la observaci\u00f3n continuada de sus h\u00e1bitos de navegaci\u00f3n, lo que permite desarrollar un perfil espec\u00edfico para mostrar publicidad en funci\u00f3n del perfil.<\/p>\n<p>Por \u00faltimo, centr\u00e1ndonos en el Plazo de permanencia del almacenamiento en el navegador del usuario, diferenciamos las cookies de sesi\u00f3n y las cookies persistentes.<\/p>\n<p>a) Cookies de sesi\u00f3n: son aquellas dise\u00f1adas para recabar y almacenar datos mientras el usuario accede a una p\u00e1gina web. Se suelen emplear para almacenar informaci\u00f3n que solo interesa conservar para la prestaci\u00f3n del servicio solicitado por el usuario en una sola ocasi\u00f3n (por ejemplo, una lista de productos adquiridos) y desaparecen al terminar la sesi\u00f3n.<\/p>\n<p>b) Cookies persistentes: son aquellas en las que los datos siguen almacenados en el terminal y pueden ser accedidos y tratados durante un periodo definido por el responsable de la cookie, y que puede ir de unos minutos a varios a\u00f1os.<\/p>\n<p>Te recomendamos la supresi\u00f3n de las cookies de tu dispositivo.<\/p>\n<p>&nbsp;<\/p>\n<h2>Nuestras obligaciones legales de las Pol\u00edticas de cookies<\/h2>\n<p>Como titular de un sitio web y de acuerdo a las exigencias de transparencia y lealtad al usuario, te informamos de forma clara, sencilla, completa y continua, de tal forma que dispongas de una opci\u00f3n real y efectiva sobre el uso de tus datos y el funcionamiento de las cookies en nuestro sitio web; de la informaci\u00f3n almacenada en tus dispositivos, de la lectura, tratamiento y recuperaci\u00f3n de tus datos; de los fines del tratamiento de datos; de la posibilidad de modificaci\u00f3n y revocaci\u00f3n del consentimiento y de la posibilidad de supresi\u00f3n de cookies y datos almacenados.<\/p>\n<p>Declaramos nuestra responsabilidad por el uso de cookies en nuestra p\u00e1gina web y nos comprometemos a cumplir todas las exigencias y obligaciones legales, incluida la posible rendici\u00f3n de cuentas sobre el tratamiento de datos obtenidos y vinculados al sitio web.<\/p>\n<p>El consentimiento debe ser otorgado antes de la configuraci\u00f3n de las cookies y del tratamiento inicial de datos personales a trav\u00e9s de una acci\u00f3n afirmativa, positiva y evidente (expl\u00edcito). Por tanto, inicialmente estableceremos s\u00f3lo las cookies estrictamente necesarias; siendo una opci\u00f3n real el posible rechazo de las cookies, as\u00ed como la retirada de la autorizaci\u00f3n otorgada. En caso de que deniegues el consentimiento, no te impedimos la navegaci\u00f3n.<\/p>\n<p>Es importante y necesario que como usuario puedas acceder a tu declaraci\u00f3n de consentimiento en cualquier momento y tengas la posibilidad de modificar o incluso retirar completamente tu autorizaci\u00f3n.<\/p>\n<p>En todo caso, las cookies instaladas permanecer\u00e1n el m\u00ednimo tiempo necesario y el consentimiento otorgado no exceder\u00e1 de 24 meses desde tu primera visita al sitio web.<\/p>\n<p>Hemos hecho un esfuerzo para dar al usuario la opci\u00f3n real de limitar el uso de sus datos.<\/p>\n<p>Todos los consentimientos otorgados como usuario, los guardamos de una forma segura utilizando la tecnolog\u00eda Blockchain, para asegurar la trazabilidad del consentimiento.<\/p>\n<p>&nbsp;<\/p>\n<h2>Desactivaci\u00f3n y eliminaci\u00f3n de cookies en tu navegador<\/h2>\n<p>Adem\u00e1s, tienes la posibilidad de permitir, bloquear o eliminar las cookies instaladas en tu equipo a trav\u00e9s de la configuraci\u00f3n de las opciones del navegador que tengas instalado. Si desactivas las cookies, algunos de los servicios disponibles pueden funcionar defectuosamente.<\/p>\n<p>En cuanto a la forma de deshabilitar las cookies, depende del navegador que utilices; aunque normalmente se har\u00e1 desde Men\u00fa &#8211; Herramientas u Opciones. De esta manera, puedes elegir en todo momento qu\u00e9 cookies deseas que funcionen en este sitio web.<\/p>\n<p>A continuaci\u00f3n, tienes los enlaces para poder impedir la instalaci\u00f3n de las cookies, en funci\u00f3n de qu\u00e9 navegador utilices en tu equipo:<\/p>\n<p>Google Chrome: <a href=\"https:\/\/support.google.com\/chrome\/answer\/95647?hl=es-419\" target=\"_blank\" rel=\"noopener\">https:\/\/support.google.com\/chrome\/answer\/95647?hl=es-419<\/a><\/p>\n<p>Internet Explorer: <a href=\"https:\/\/support.microsoft.com\/en-us\/help\/17442\/windows-internet-explorer-delete-manage-cookies#ie=ie-10\" target=\"_blank\" rel=\"noopener\">https:\/\/support.microsoft.com\/en-us\/help\/17442\/windows-internet-explorer-delete-manage-cookies#ie=ie-10<\/a><\/p>\n<p>Mozilla Firefox: <a href=\"https:\/\/support.mozilla.org\/es\/kb\/habilitar-y-deshabilitar-cookies-sitios-web-rastrear-preferencias\" target=\"_blank\" rel=\"noopener\">https:\/\/support.mozilla.org\/es\/kb\/habilitar-y-deshabilitar-cookies-sitios-web-rastrear-preferencias<\/a><\/p>\n<p>Apple Safari: <a href=\"https:\/\/support.apple.com\/en-us\/HT201265\" target=\"_blank\" rel=\"noopener\">https:\/\/support.apple.com\/en-us\/HT201265<\/a><\/p>\n","protected":false},"excerpt":{"rendered":"<p>\u00bfQu\u00e9 Cookies utilizamos? Nombre de la cookie Dominio Titular Tipo Categor\u00eda Caducidad Descripci\u00f3n _ga google.com Google Inc Terceros Estad\u00edstica 730 &#8230; <a title=\"Pol\u00edtica de cookies\" class=\"read-more\" href=\"https:\/\/cdo-fitness.com\/es\/politica-de-cookies\/\" aria-label=\"M\u00e1s en Pol\u00edtica de cookies\">Leer m\u00e1s<\/a><\/p>\n","protected":false},"author":2,"featured_media":0,"parent":0,"menu_order":0,"comment_status":"closed","ping_status":"closed","template":"","meta":{"_acf_changed":false,"content-type":"","footnotes":""},"categories":[],"tags":[],"class_list":["post-59","page","type-page","status-publish"],"acf":[],"yoast_head":"<!-- This site is optimized with the Yoast SEO plugin v27.5 - https:\/\/yoast.com\/product\/yoast-seo-wordpress\/ -->\n<title>Pol\u00edtica de cookies - BPXport<\/title>\n<meta name=\"description\" content=\"Obligaciones legales sobre pol\u00edtica de cookies. Qu\u00e9 cookies utiliza BPXport. Tipos de cookies. Qu\u00e9 son y para qu\u00e9 sirven.\" \/>\n<meta name=\"robots\" content=\"index, follow, max-snippet:-1, max-image-preview:large, max-video-preview:-1\" \/>\n<link rel=\"canonical\" href=\"https:\/\/cdo-fitness.com\/es\/politica-de-cookies\/\" \/>\n<meta property=\"og:locale\" content=\"es_ES\" \/>\n<meta property=\"og:type\" content=\"article\" \/>\n<meta property=\"og:title\" content=\"Pol\u00edtica de cookies - BPXport\" \/>\n<meta property=\"og:description\" content=\"Obligaciones legales sobre pol\u00edtica de cookies. Qu\u00e9 cookies utiliza BPXport. Tipos de cookies. Qu\u00e9 son y para qu\u00e9 sirven.\" \/>\n<meta property=\"og:url\" content=\"https:\/\/cdo-fitness.com\/es\/politica-de-cookies\/\" \/>\n<meta property=\"og:site_name\" content=\"cdo\" \/>\n<meta property=\"og:image\" content=\"https:\/\/cdo-fitness.com\/wp-content\/uploads\/2025\/03\/\u00bfGestionamos-tu-centros-3.png\" \/>\n\t<meta property=\"og:image:width\" content=\"662\" \/>\n\t<meta property=\"og:image:height\" content=\"404\" \/>\n\t<meta property=\"og:image:type\" content=\"image\/png\" \/>\n<meta name=\"twitter:card\" content=\"summary_large_image\" \/>\n<meta name=\"twitter:label1\" content=\"Tiempo de lectura\" \/>\n\t<meta name=\"twitter:data1\" content=\"12 minutos\" \/>\n<script type=\"application\/ld+json\" class=\"yoast-schema-graph\">{\"@context\":\"https:\\\/\\\/schema.org\",\"@graph\":[{\"@type\":\"WebPage\",\"@id\":\"https:\\\/\\\/cdo-fitness.com\\\/es\\\/politica-de-cookies\\\/\",\"url\":\"https:\\\/\\\/cdo-fitness.com\\\/es\\\/politica-de-cookies\\\/\",\"name\":\"Pol\u00edtica de cookies - BPXport\",\"isPartOf\":{\"@id\":\"https:\\\/\\\/cdo-fitness.com\\\/es\\\/#website\"},\"datePublished\":\"2023-02-10T17:05:10+00:00\",\"description\":\"Obligaciones legales sobre pol\u00edtica de cookies. Qu\u00e9 cookies utiliza BPXport. Tipos de cookies. Qu\u00e9 son y para qu\u00e9 sirven.\",\"breadcrumb\":{\"@id\":\"https:\\\/\\\/cdo-fitness.com\\\/es\\\/politica-de-cookies\\\/#breadcrumb\"},\"inLanguage\":\"es\",\"potentialAction\":[{\"@type\":\"ReadAction\",\"target\":[\"https:\\\/\\\/cdo-fitness.com\\\/es\\\/politica-de-cookies\\\/\"]}]},{\"@type\":\"BreadcrumbList\",\"@id\":\"https:\\\/\\\/cdo-fitness.com\\\/es\\\/politica-de-cookies\\\/#breadcrumb\",\"itemListElement\":[{\"@type\":\"ListItem\",\"position\":1,\"name\":\"Portada\",\"item\":\"https:\\\/\\\/cdo-fitness.com\\\/es\\\/\"},{\"@type\":\"ListItem\",\"position\":2,\"name\":\"Pol\u00edtica de cookies\"}]},{\"@type\":\"WebSite\",\"@id\":\"https:\\\/\\\/cdo-fitness.com\\\/es\\\/#website\",\"url\":\"https:\\\/\\\/cdo-fitness.com\\\/es\\\/\",\"name\":\"CDO Fitness\",\"description\":\"Club de Deporte y Ocio\",\"publisher\":{\"@id\":\"https:\\\/\\\/cdo-fitness.com\\\/es\\\/#organization\"},\"alternateName\":\"Gimnasios CDO\",\"potentialAction\":[{\"@type\":\"SearchAction\",\"target\":{\"@type\":\"EntryPoint\",\"urlTemplate\":\"https:\\\/\\\/cdo-fitness.com\\\/es\\\/?s={search_term_string}\"},\"query-input\":{\"@type\":\"PropertyValueSpecification\",\"valueRequired\":true,\"valueName\":\"search_term_string\"}}],\"inLanguage\":\"es\"},{\"@type\":\"Organization\",\"@id\":\"https:\\\/\\\/cdo-fitness.com\\\/es\\\/#organization\",\"name\":\"CDO Fitness\",\"alternateName\":\"Club deporte y ocio\",\"url\":\"https:\\\/\\\/cdo-fitness.com\\\/es\\\/\",\"logo\":{\"@type\":\"ImageObject\",\"inLanguage\":\"es\",\"@id\":\"https:\\\/\\\/cdo-fitness.com\\\/es\\\/#\\\/schema\\\/logo\\\/image\\\/\",\"url\":\"https:\\\/\\\/cdo-fitness.com\\\/wp-content\\\/uploads\\\/2025\\\/03\\\/cropped-\u00bfGestionamos-tu-centros-3.png\",\"contentUrl\":\"https:\\\/\\\/cdo-fitness.com\\\/wp-content\\\/uploads\\\/2025\\\/03\\\/cropped-\u00bfGestionamos-tu-centros-3.png\",\"width\":661,\"height\":284,\"caption\":\"CDO Fitness\"},\"image\":{\"@id\":\"https:\\\/\\\/cdo-fitness.com\\\/es\\\/#\\\/schema\\\/logo\\\/image\\\/\"},\"sameAs\":[\"https:\\\/\\\/www.instagram.com\\\/cdo.fitness\\\/\"]}]}<\/script>\n<!-- \/ Yoast SEO plugin. -->","yoast_head_json":{"title":"Pol\u00edtica de cookies - BPXport","description":"Obligaciones legales sobre pol\u00edtica de cookies. Qu\u00e9 cookies utiliza BPXport. Tipos de cookies. Qu\u00e9 son y para qu\u00e9 sirven.","robots":{"index":"index","follow":"follow","max-snippet":"max-snippet:-1","max-image-preview":"max-image-preview:large","max-video-preview":"max-video-preview:-1"},"canonical":"https:\/\/cdo-fitness.com\/es\/politica-de-cookies\/","og_locale":"es_ES","og_type":"article","og_title":"Pol\u00edtica de cookies - BPXport","og_description":"Obligaciones legales sobre pol\u00edtica de cookies. Qu\u00e9 cookies utiliza BPXport. Tipos de cookies. Qu\u00e9 son y para qu\u00e9 sirven.","og_url":"https:\/\/cdo-fitness.com\/es\/politica-de-cookies\/","og_site_name":"cdo","og_image":[{"width":662,"height":404,"url":"https:\/\/cdo-fitness.com\/wp-content\/uploads\/2025\/03\/\u00bfGestionamos-tu-centros-3.png","type":"image\/png"}],"twitter_card":"summary_large_image","twitter_misc":{"Tiempo de lectura":"12 minutos"},"schema":{"@context":"https:\/\/schema.org","@graph":[{"@type":"WebPage","@id":"https:\/\/cdo-fitness.com\/es\/politica-de-cookies\/","url":"https:\/\/cdo-fitness.com\/es\/politica-de-cookies\/","name":"Pol\u00edtica de cookies - BPXport","isPartOf":{"@id":"https:\/\/cdo-fitness.com\/es\/#website"},"datePublished":"2023-02-10T17:05:10+00:00","description":"Obligaciones legales sobre pol\u00edtica de cookies. Qu\u00e9 cookies utiliza BPXport. Tipos de cookies. Qu\u00e9 son y para qu\u00e9 sirven.","breadcrumb":{"@id":"https:\/\/cdo-fitness.com\/es\/politica-de-cookies\/#breadcrumb"},"inLanguage":"es","potentialAction":[{"@type":"ReadAction","target":["https:\/\/cdo-fitness.com\/es\/politica-de-cookies\/"]}]},{"@type":"BreadcrumbList","@id":"https:\/\/cdo-fitness.com\/es\/politica-de-cookies\/#breadcrumb","itemListElement":[{"@type":"ListItem","position":1,"name":"Portada","item":"https:\/\/cdo-fitness.com\/es\/"},{"@type":"ListItem","position":2,"name":"Pol\u00edtica de cookies"}]},{"@type":"WebSite","@id":"https:\/\/cdo-fitness.com\/es\/#website","url":"https:\/\/cdo-fitness.com\/es\/","name":"CDO Fitness","description":"Club de Deporte y Ocio","publisher":{"@id":"https:\/\/cdo-fitness.com\/es\/#organization"},"alternateName":"Gimnasios CDO","potentialAction":[{"@type":"SearchAction","target":{"@type":"EntryPoint","urlTemplate":"https:\/\/cdo-fitness.com\/es\/?s={search_term_string}"},"query-input":{"@type":"PropertyValueSpecification","valueRequired":true,"valueName":"search_term_string"}}],"inLanguage":"es"},{"@type":"Organization","@id":"https:\/\/cdo-fitness.com\/es\/#organization","name":"CDO Fitness","alternateName":"Club deporte y ocio","url":"https:\/\/cdo-fitness.com\/es\/","logo":{"@type":"ImageObject","inLanguage":"es","@id":"https:\/\/cdo-fitness.com\/es\/#\/schema\/logo\/image\/","url":"https:\/\/cdo-fitness.com\/wp-content\/uploads\/2025\/03\/cropped-\u00bfGestionamos-tu-centros-3.png","contentUrl":"https:\/\/cdo-fitness.com\/wp-content\/uploads\/2025\/03\/cropped-\u00bfGestionamos-tu-centros-3.png","width":661,"height":284,"caption":"CDO Fitness"},"image":{"@id":"https:\/\/cdo-fitness.com\/es\/#\/schema\/logo\/image\/"},"sameAs":["https:\/\/www.instagram.com\/cdo.fitness\/"]}]}},"_links":{"self":[{"href":"https:\/\/cdo-fitness.com\/es\/wp-json\/wp\/v2\/pages\/59","targetHints":{"allow":["GET"]}}],"collection":[{"href":"https:\/\/cdo-fitness.com\/es\/wp-json\/wp\/v2\/pages"}],"about":[{"href":"https:\/\/cdo-fitness.com\/es\/wp-json\/wp\/v2\/types\/page"}],"author":[{"embeddable":true,"href":"https:\/\/cdo-fitness.com\/es\/wp-json\/wp\/v2\/users\/2"}],"replies":[{"embeddable":true,"href":"https:\/\/cdo-fitness.com\/es\/wp-json\/wp\/v2\/comments?post=59"}],"version-history":[{"count":1,"href":"https:\/\/cdo-fitness.com\/es\/wp-json\/wp\/v2\/pages\/59\/revisions"}],"predecessor-version":[{"id":60,"href":"https:\/\/cdo-fitness.com\/es\/wp-json\/wp\/v2\/pages\/59\/revisions\/60"}],"wp:attachment":[{"href":"https:\/\/cdo-fitness.com\/es\/wp-json\/wp\/v2\/media?parent=59"}],"wp:term":[{"taxonomy":"category","embeddable":true,"href":"https:\/\/cdo-fitness.com\/es\/wp-json\/wp\/v2\/categories?post=59"},{"taxonomy":"post_tag","embeddable":true,"href":"https:\/\/cdo-fitness.com\/es\/wp-json\/wp\/v2\/tags?post=59"}],"curies":[{"name":"wp","href":"https:\/\/api.w.org\/{rel}","templated":true}]}}