{"id":3629,"date":"2023-04-24T07:11:23","date_gmt":"2023-04-24T07:11:23","guid":{"rendered":"https:\/\/cdo-fitness.com\/?page_id=3629"},"modified":"2025-12-03T14:16:06","modified_gmt":"2025-12-03T14:16:06","slug":"canal-etico","status":"publish","type":"page","link":"https:\/\/cdo-fitness.com\/es\/canal-etico\/","title":{"rendered":"Canal \u00c9tico"},"content":{"rendered":"<div id=\"pl-3629\"  class=\"panel-layout\" ><div id=\"pg-3629-0\"  class=\"panel-grid panel-no-style\" ><div id=\"pgc-3629-0-0\"  class=\"panel-grid-cell\" ><div id=\"panel-3629-0-0-0\" class=\"so-panel widget widget_sow-editor panel-first-child panel-last-child\" data-index=\"0\" ><div\n\t\t\t\n\t\t\tclass=\"so-widget-sow-editor so-widget-sow-editor-base\"\n\t\t\t\n\t\t>\n<div class=\"siteorigin-widget-tinymce textwidget\">\n\t<p style=\"text-align: justify;\">CDO pone a su disposici\u00f3n su Canal \u00c9tico para que las personas f\u00edsicas relacionadas con sus actividades puedan informar, de forma confidencial, sobre cualquier acci\u00f3n u omisi\u00f3n que pueda constituir una infracci\u00f3n legal, especialmente de naturaleza penal o administrativa.<\/p>\n<p style=\"text-align: justify;\">CDO mantiene una pol\u00edtica corporativa de \u00e9tica empresarial basada en el principio de <strong>tolerancia cero<\/strong> hacia la comisi\u00f3n de actos il\u00edcitos, incumplimientos normativos o cualquier tipo de corrupci\u00f3n, abuso o discriminaci\u00f3n.<\/p>\n<p style=\"text-align: justify;\"><img loading=\"lazy\" decoding=\"async\" class=\"wp-image-6310 size-medium alignright\" src=\"https:\/\/cdo-fitness.com\/wp-content\/uploads\/2023\/06\/Tolerancia-cero-300x223.png\" alt=\"\" width=\"300\" height=\"223\" data-wp-editing=\"1\" srcset=\"https:\/\/cdo-fitness.com\/wp-content\/uploads\/2023\/06\/Tolerancia-cero-300x223.png 300w, https:\/\/cdo-fitness.com\/wp-content\/uploads\/2023\/06\/Tolerancia-cero-1024x761.png 1024w, https:\/\/cdo-fitness.com\/wp-content\/uploads\/2023\/06\/Tolerancia-cero-768x571.png 768w, https:\/\/cdo-fitness.com\/wp-content\/uploads\/2023\/06\/Tolerancia-cero-1536x1142.png 1536w, https:\/\/cdo-fitness.com\/wp-content\/uploads\/2023\/06\/Tolerancia-cero-2048x1523.png 2048w\" sizes=\"auto, (max-width: 300px) 100vw, 300px\" \/><\/p>\n<p style=\"text-align: justify;\">La gesti\u00f3n de nuestro Canal \u00c9tico es realizada por una empresa externa, con la finalidad de dotar a las comunicaciones que se reciban de la mayor confidencialidad y objetividad posible.<\/p>\n<p style=\"text-align: justify;\">La utilizaci\u00f3n del Canal \u00c9tico requiere la actuaci\u00f3n de buena fe por parte de las personas usuarias. La informaci\u00f3n que facilite a trav\u00e9s del Canal \u00c9tico debe ser veraz y exclusivamente relativa a una acci\u00f3n u omisi\u00f3n que pueda constituir una infracci\u00f3n legal. Queda excluida la utilizaci\u00f3n del Canal \u00c9tico para otras finalidades.<\/p>\n<p style=\"text-align: justify;\">La normativa garantiza la ausencia de represalias hacia las personas que hagan un buen uso del Canal \u00c9tico, pero tambi\u00e9n establece sanciones para los casos en los que se utilice de mala fe como, por ejemplo, para comunicar informaciones falsas o incompletas.<\/p>\n<p style=\"text-align: justify;\">El Canal \u00c9tico est\u00e1 disponible aqu\u00ed: \u00a0\u00a0<a href=\"https:\/\/centinela.lefebvre.es\/public\/concept\/2376688?access=j4CayRY2VNIqVhV0BZdY60R4dBqDP7P6qneJ9tVTh6g%3D\" target=\"_blank\" rel=\"noopener\">Canal \u00e9tico<\/a><\/p>\n<p style=\"text-align: justify;\">El funcionamiento de nuestro Canal \u00c9tico y Sistema Interno de Informaci\u00f3n se ajustar\u00e1 en todo momento a lo establecido en la Directiva de la Uni\u00f3n Europea 2019\/1937 relativa a la protecci\u00f3n de las personas que informen sobre infracciones del Derecho de la Uni\u00f3n, en la Ley 2\/2023, de 20 de febrero, reguladora de la protecci\u00f3n de las personas que informen sobre infracciones normativas y de lucha contra la corrupci\u00f3n, as\u00ed como en otras normas que las complementen, desarrollen o sustituyan.<\/p>\n<p style=\"text-align: justify;\">Si usted quiere m\u00e1s informaci\u00f3n sobre este tema, puede ponerse en contacto con nosotros en la direcci\u00f3n de correo electr\u00f3nico: <strong>info@cdo-fitness.com<\/strong><\/p>\n<\/div>\n<\/div><\/div><\/div><\/div><\/div>","protected":false},"excerpt":{"rendered":"<p>CDO pone a su disposici\u00f3n su Canal \u00c9tico para que las personas f\u00edsicas relacionadas con sus actividades puedan informar, de &#8230; <a title=\"Canal \u00c9tico\" class=\"read-more\" href=\"https:\/\/cdo-fitness.com\/es\/canal-etico\/\" aria-label=\"M\u00e1s en Canal \u00c9tico\">Leer m\u00e1s<\/a><\/p>\n","protected":false},"author":2,"featured_media":0,"parent":0,"menu_order":0,"comment_status":"closed","ping_status":"closed","template":"","meta":{"_acf_changed":false,"content-type":"","footnotes":""},"categories":[],"tags":[],"class_list":["post-3629","page","type-page","status-publish"],"acf":[],"yoast_head":"<!-- This site is optimized with the Yoast SEO plugin v27.5 - https:\/\/yoast.com\/product\/yoast-seo-wordpress\/ -->\n<title>Canal \u00e9tico - CDO<\/title>\n<meta name=\"description\" content=\"CDO pone a tu disposici\u00f3n su Canal \u00c9tico, que permite que las personas f\u00edsicas que manteng\u00e1is alguna relaci\u00f3n con nuestras actividades, pod\u00e1is contactar con nosotros e informanos directamente cuando lo necesit\u00e9is.\" \/>\n<meta name=\"robots\" content=\"index, follow, max-snippet:-1, max-image-preview:large, max-video-preview:-1\" \/>\n<link rel=\"canonical\" href=\"https:\/\/cdo-fitness.com\/es\/canal-etico\/\" \/>\n<meta property=\"og:locale\" content=\"es_ES\" \/>\n<meta property=\"og:type\" content=\"article\" \/>\n<meta property=\"og:title\" content=\"Canal \u00e9tico - CDO\" \/>\n<meta property=\"og:description\" content=\"CDO pone a tu disposici\u00f3n su Canal \u00c9tico, que permite que las personas f\u00edsicas que manteng\u00e1is alguna relaci\u00f3n con nuestras actividades, pod\u00e1is contactar con nosotros e informanos directamente cuando lo necesit\u00e9is.\" \/>\n<meta property=\"og:url\" content=\"https:\/\/cdo-fitness.com\/es\/canal-etico\/\" \/>\n<meta property=\"og:site_name\" content=\"cdo\" \/>\n<meta property=\"article:modified_time\" content=\"2025-12-03T14:16:06+00:00\" \/>\n<meta property=\"og:image\" content=\"https:\/\/cdo-fitness.com\/wp-content\/uploads\/2023\/06\/Tolerancia-cero-1024x761.png\" \/>\n\t<meta property=\"og:image:width\" content=\"1024\" \/>\n\t<meta property=\"og:image:height\" content=\"761\" \/>\n\t<meta property=\"og:image:type\" content=\"image\/png\" \/>\n<meta name=\"twitter:card\" content=\"summary_large_image\" \/>\n<meta name=\"twitter:label1\" content=\"Tiempo de lectura\" \/>\n\t<meta name=\"twitter:data1\" content=\"2 minutos\" \/>\n<script type=\"application\/ld+json\" class=\"yoast-schema-graph\">{\"@context\":\"https:\\\/\\\/schema.org\",\"@graph\":[{\"@type\":\"WebPage\",\"@id\":\"https:\\\/\\\/cdo-fitness.com\\\/es\\\/canal-etico\\\/\",\"url\":\"https:\\\/\\\/cdo-fitness.com\\\/es\\\/canal-etico\\\/\",\"name\":\"Canal \u00e9tico - CDO\",\"isPartOf\":{\"@id\":\"https:\\\/\\\/cdo-fitness.com\\\/es\\\/#website\"},\"primaryImageOfPage\":{\"@id\":\"https:\\\/\\\/cdo-fitness.com\\\/es\\\/canal-etico\\\/#primaryimage\"},\"image\":{\"@id\":\"https:\\\/\\\/cdo-fitness.com\\\/es\\\/canal-etico\\\/#primaryimage\"},\"thumbnailUrl\":\"https:\\\/\\\/cdo-fitness.com\\\/wp-content\\\/uploads\\\/2023\\\/06\\\/Tolerancia-cero-300x223.png\",\"datePublished\":\"2023-04-24T07:11:23+00:00\",\"dateModified\":\"2025-12-03T14:16:06+00:00\",\"description\":\"CDO pone a tu disposici\u00f3n su Canal \u00c9tico, que permite que las personas f\u00edsicas que manteng\u00e1is alguna relaci\u00f3n con nuestras actividades, pod\u00e1is contactar con nosotros e informanos directamente cuando lo necesit\u00e9is.\",\"breadcrumb\":{\"@id\":\"https:\\\/\\\/cdo-fitness.com\\\/es\\\/canal-etico\\\/#breadcrumb\"},\"inLanguage\":\"es\",\"potentialAction\":[{\"@type\":\"ReadAction\",\"target\":[\"https:\\\/\\\/cdo-fitness.com\\\/es\\\/canal-etico\\\/\"]}]},{\"@type\":\"ImageObject\",\"inLanguage\":\"es\",\"@id\":\"https:\\\/\\\/cdo-fitness.com\\\/es\\\/canal-etico\\\/#primaryimage\",\"url\":\"https:\\\/\\\/cdo-fitness.com\\\/wp-content\\\/uploads\\\/2023\\\/06\\\/Tolerancia-cero-300x223.png\",\"contentUrl\":\"https:\\\/\\\/cdo-fitness.com\\\/wp-content\\\/uploads\\\/2023\\\/06\\\/Tolerancia-cero-300x223.png\"},{\"@type\":\"BreadcrumbList\",\"@id\":\"https:\\\/\\\/cdo-fitness.com\\\/es\\\/canal-etico\\\/#breadcrumb\",\"itemListElement\":[{\"@type\":\"ListItem\",\"position\":1,\"name\":\"Portada\",\"item\":\"https:\\\/\\\/cdo-fitness.com\\\/es\\\/\"},{\"@type\":\"ListItem\",\"position\":2,\"name\":\"Canal \u00c9tico\"}]},{\"@type\":\"WebSite\",\"@id\":\"https:\\\/\\\/cdo-fitness.com\\\/es\\\/#website\",\"url\":\"https:\\\/\\\/cdo-fitness.com\\\/es\\\/\",\"name\":\"CDO Fitness\",\"description\":\"Club de Deporte y Ocio\",\"publisher\":{\"@id\":\"https:\\\/\\\/cdo-fitness.com\\\/es\\\/#organization\"},\"alternateName\":\"Gimnasios CDO\",\"potentialAction\":[{\"@type\":\"SearchAction\",\"target\":{\"@type\":\"EntryPoint\",\"urlTemplate\":\"https:\\\/\\\/cdo-fitness.com\\\/es\\\/?s={search_term_string}\"},\"query-input\":{\"@type\":\"PropertyValueSpecification\",\"valueRequired\":true,\"valueName\":\"search_term_string\"}}],\"inLanguage\":\"es\"},{\"@type\":\"Organization\",\"@id\":\"https:\\\/\\\/cdo-fitness.com\\\/es\\\/#organization\",\"name\":\"CDO Fitness\",\"alternateName\":\"Club deporte y ocio\",\"url\":\"https:\\\/\\\/cdo-fitness.com\\\/es\\\/\",\"logo\":{\"@type\":\"ImageObject\",\"inLanguage\":\"es\",\"@id\":\"https:\\\/\\\/cdo-fitness.com\\\/es\\\/#\\\/schema\\\/logo\\\/image\\\/\",\"url\":\"https:\\\/\\\/cdo-fitness.com\\\/wp-content\\\/uploads\\\/2025\\\/03\\\/cropped-\u00bfGestionamos-tu-centros-3.png\",\"contentUrl\":\"https:\\\/\\\/cdo-fitness.com\\\/wp-content\\\/uploads\\\/2025\\\/03\\\/cropped-\u00bfGestionamos-tu-centros-3.png\",\"width\":661,\"height\":284,\"caption\":\"CDO Fitness\"},\"image\":{\"@id\":\"https:\\\/\\\/cdo-fitness.com\\\/es\\\/#\\\/schema\\\/logo\\\/image\\\/\"},\"sameAs\":[\"https:\\\/\\\/www.instagram.com\\\/cdo.fitness\\\/\"]}]}<\/script>\n<!-- \/ Yoast SEO plugin. -->","yoast_head_json":{"title":"Canal \u00e9tico - CDO","description":"CDO pone a tu disposici\u00f3n su Canal \u00c9tico, que permite que las personas f\u00edsicas que manteng\u00e1is alguna relaci\u00f3n con nuestras actividades, pod\u00e1is contactar con nosotros e informanos directamente cuando lo necesit\u00e9is.","robots":{"index":"index","follow":"follow","max-snippet":"max-snippet:-1","max-image-preview":"max-image-preview:large","max-video-preview":"max-video-preview:-1"},"canonical":"https:\/\/cdo-fitness.com\/es\/canal-etico\/","og_locale":"es_ES","og_type":"article","og_title":"Canal \u00e9tico - CDO","og_description":"CDO pone a tu disposici\u00f3n su Canal \u00c9tico, que permite que las personas f\u00edsicas que manteng\u00e1is alguna relaci\u00f3n con nuestras actividades, pod\u00e1is contactar con nosotros e informanos directamente cuando lo necesit\u00e9is.","og_url":"https:\/\/cdo-fitness.com\/es\/canal-etico\/","og_site_name":"cdo","article_modified_time":"2025-12-03T14:16:06+00:00","og_image":[{"width":1024,"height":761,"url":"https:\/\/cdo-fitness.com\/wp-content\/uploads\/2023\/06\/Tolerancia-cero-1024x761.png","type":"image\/png"}],"twitter_card":"summary_large_image","twitter_misc":{"Tiempo de lectura":"2 minutos"},"schema":{"@context":"https:\/\/schema.org","@graph":[{"@type":"WebPage","@id":"https:\/\/cdo-fitness.com\/es\/canal-etico\/","url":"https:\/\/cdo-fitness.com\/es\/canal-etico\/","name":"Canal \u00e9tico - CDO","isPartOf":{"@id":"https:\/\/cdo-fitness.com\/es\/#website"},"primaryImageOfPage":{"@id":"https:\/\/cdo-fitness.com\/es\/canal-etico\/#primaryimage"},"image":{"@id":"https:\/\/cdo-fitness.com\/es\/canal-etico\/#primaryimage"},"thumbnailUrl":"https:\/\/cdo-fitness.com\/wp-content\/uploads\/2023\/06\/Tolerancia-cero-300x223.png","datePublished":"2023-04-24T07:11:23+00:00","dateModified":"2025-12-03T14:16:06+00:00","description":"CDO pone a tu disposici\u00f3n su Canal \u00c9tico, que permite que las personas f\u00edsicas que manteng\u00e1is alguna relaci\u00f3n con nuestras actividades, pod\u00e1is contactar con nosotros e informanos directamente cuando lo necesit\u00e9is.","breadcrumb":{"@id":"https:\/\/cdo-fitness.com\/es\/canal-etico\/#breadcrumb"},"inLanguage":"es","potentialAction":[{"@type":"ReadAction","target":["https:\/\/cdo-fitness.com\/es\/canal-etico\/"]}]},{"@type":"ImageObject","inLanguage":"es","@id":"https:\/\/cdo-fitness.com\/es\/canal-etico\/#primaryimage","url":"https:\/\/cdo-fitness.com\/wp-content\/uploads\/2023\/06\/Tolerancia-cero-300x223.png","contentUrl":"https:\/\/cdo-fitness.com\/wp-content\/uploads\/2023\/06\/Tolerancia-cero-300x223.png"},{"@type":"BreadcrumbList","@id":"https:\/\/cdo-fitness.com\/es\/canal-etico\/#breadcrumb","itemListElement":[{"@type":"ListItem","position":1,"name":"Portada","item":"https:\/\/cdo-fitness.com\/es\/"},{"@type":"ListItem","position":2,"name":"Canal \u00c9tico"}]},{"@type":"WebSite","@id":"https:\/\/cdo-fitness.com\/es\/#website","url":"https:\/\/cdo-fitness.com\/es\/","name":"CDO Fitness","description":"Club de Deporte y Ocio","publisher":{"@id":"https:\/\/cdo-fitness.com\/es\/#organization"},"alternateName":"Gimnasios CDO","potentialAction":[{"@type":"SearchAction","target":{"@type":"EntryPoint","urlTemplate":"https:\/\/cdo-fitness.com\/es\/?s={search_term_string}"},"query-input":{"@type":"PropertyValueSpecification","valueRequired":true,"valueName":"search_term_string"}}],"inLanguage":"es"},{"@type":"Organization","@id":"https:\/\/cdo-fitness.com\/es\/#organization","name":"CDO Fitness","alternateName":"Club deporte y ocio","url":"https:\/\/cdo-fitness.com\/es\/","logo":{"@type":"ImageObject","inLanguage":"es","@id":"https:\/\/cdo-fitness.com\/es\/#\/schema\/logo\/image\/","url":"https:\/\/cdo-fitness.com\/wp-content\/uploads\/2025\/03\/cropped-\u00bfGestionamos-tu-centros-3.png","contentUrl":"https:\/\/cdo-fitness.com\/wp-content\/uploads\/2025\/03\/cropped-\u00bfGestionamos-tu-centros-3.png","width":661,"height":284,"caption":"CDO Fitness"},"image":{"@id":"https:\/\/cdo-fitness.com\/es\/#\/schema\/logo\/image\/"},"sameAs":["https:\/\/www.instagram.com\/cdo.fitness\/"]}]}},"_links":{"self":[{"href":"https:\/\/cdo-fitness.com\/es\/wp-json\/wp\/v2\/pages\/3629","targetHints":{"allow":["GET"]}}],"collection":[{"href":"https:\/\/cdo-fitness.com\/es\/wp-json\/wp\/v2\/pages"}],"about":[{"href":"https:\/\/cdo-fitness.com\/es\/wp-json\/wp\/v2\/types\/page"}],"author":[{"embeddable":true,"href":"https:\/\/cdo-fitness.com\/es\/wp-json\/wp\/v2\/users\/2"}],"replies":[{"embeddable":true,"href":"https:\/\/cdo-fitness.com\/es\/wp-json\/wp\/v2\/comments?post=3629"}],"version-history":[{"count":13,"href":"https:\/\/cdo-fitness.com\/es\/wp-json\/wp\/v2\/pages\/3629\/revisions"}],"predecessor-version":[{"id":16093,"href":"https:\/\/cdo-fitness.com\/es\/wp-json\/wp\/v2\/pages\/3629\/revisions\/16093"}],"wp:attachment":[{"href":"https:\/\/cdo-fitness.com\/es\/wp-json\/wp\/v2\/media?parent=3629"}],"wp:term":[{"taxonomy":"category","embeddable":true,"href":"https:\/\/cdo-fitness.com\/es\/wp-json\/wp\/v2\/categories?post=3629"},{"taxonomy":"post_tag","embeddable":true,"href":"https:\/\/cdo-fitness.com\/es\/wp-json\/wp\/v2\/tags?post=3629"}],"curies":[{"name":"wp","href":"https:\/\/api.w.org\/{rel}","templated":true}]}}