{"id":15688,"date":"2025-07-01T15:51:56","date_gmt":"2025-07-01T15:51:56","guid":{"rendered":"https:\/\/cdo-fitness.com\/?page_id=15688"},"modified":"2025-10-07T15:03:19","modified_gmt":"2025-10-07T15:03:19","slug":"aviso-legal-ateneu","status":"publish","type":"page","link":"https:\/\/cdo-fitness.com\/es\/aviso-legal-ateneu\/","title":{"rendered":"Aviso Legal Ateneu"},"content":{"rendered":"<div id=\"pl-15688\"  class=\"panel-layout\" ><div id=\"pg-15688-0\"  class=\"panel-grid panel-no-style\" ><div id=\"pgc-15688-0-0\"  class=\"panel-grid-cell\" ><div id=\"panel-15688-0-0-0\" class=\"so-panel widget widget_sow-editor panel-first-child panel-last-child\" data-index=\"0\" ><div\n\t\t\t\n\t\t\tclass=\"so-widget-sow-editor so-widget-sow-editor-base\"\n\t\t\t\n\t\t>\n<div class=\"siteorigin-widget-tinymce textwidget\">\n\t<h2>Informaci\u00f3n legal<\/h2>\n<p>En cumplimiento de la normativa vigente le informamos que el dominio de internet <a href=\"http:\/\/www.ateneulesbases.cat\">www.ateneulesbases.cat<\/a> (en adelante \u201cel sitio web\u201d), es titularidad de Ateneu Les Bases, A.I.E. (en adelante \u201cAteneu Les Bases\u201d), con NIF V65168437, sede en Txingurri Pasealekua 28, 4\u00aa planta, oficina 7, 20017 Donostia \/ San Sebasti\u00e1n (Gipuzkoa), tel\u00e9fono 943672459 y correo electr\u00f3nico <a href=\"mailto:rgpd@cdo-fitness.com\">rgpd@cdo-fitness.com<\/a>, inscrita en el Registro Mercantil de Barcelona con tomo 41918, Folio 89, Secci\u00f3n 8, Hoja B-395473.<\/p>\n<p>Ateneu Les Bases tiene por objeto principal la gesti\u00f3n y asistencia t\u00e9cnica en el \u00e1mbito del deporte, y act\u00faa como \u201cResponsable del Tratamiento\u201d (o en su caso como \u201cEncargado de Tratamiento\u201d) en relaci\u00f3n con los tratamientos de datos personales (personas usuarias del sitio web, solicitantes de informaci\u00f3n, etc.) que se realizan a trav\u00e9s de este sitio web. No obstante, en aquellos casos en los que Ateneu Les Bases publique noticias y enlaces a sitios web o redes sociales externas, su funci\u00f3n es meramente informativa y los posibles tratamientos de datos personales que se puedan producir en relaci\u00f3n con los contenidos de noticias y enlaces y su utilizaci\u00f3n por parte de las personas usuarias no son titularidad de Ateneu Les Bases.<\/p>\n<p>La persona que visita y utiliza este sitio web es usuaria del sitio web (en adelante \u201cla persona usuaria\u201d).<\/p>\n<h3>1. Finalidades<\/h3>\n<p>Las finalidades principales del sitio web son dar a conocer, ofrecer y gestionar los servicios deportivos de Ateneu Les Bases; proporcionar una herramienta de contacto, consulta y comunicaci\u00f3n con las personas interesadas, respondiendo a solicitudes y peticiones; e informar, organizar y difundir las actividades e iniciativas en las que Ateneu Les Bases participe.<\/p>\n<h3>2. Condiciones de uso<\/h3>\n<p>La persona usuaria accede a este sitio web de forma voluntaria. El acceso a este sitio web tiene car\u00e1cter gratuito. La navegaci\u00f3n en este sitio web implica aceptar y conocer las advertencias legales, condiciones y t\u00e9rminos de uso, pol\u00edtica de privacidad y pol\u00edtica de cookies contenidos en \u00e9l. Si la persona usuaria no est\u00e1 de acuerdo con estas condiciones y no las acepta sin reserva, no podr\u00e1 hacer uso del sitio web.<\/p>\n<p>El acceso al sitio web, as\u00ed como el uso que pueda hacerse de la informaci\u00f3n y utilidades que contiene, son de la exclusiva responsabilidad de la persona usuaria, que se compromete a utilizarlo con respeto a la buena fe, al ordenamiento jur\u00eddico, de manera \u00e9tica y de acuerdo con sus finalidades. La persona usuaria no puede hacer un uso il\u00edcito de la informaci\u00f3n y utilidades contenidas en el sitio web, ni llevar a cabo acciones que puedan da\u00f1ar o alterar su contenido, funcionamiento, los sistemas inform\u00e1ticos del sitio web, de Ateneu Les Bases o de otras personas usuarias.<\/p>\n<p>Queda prohibida la inclusi\u00f3n y comunicaci\u00f3n de contenidos, por parte de las personas usuarias, que sean falsos o inexactos y que induzcan o puedan inducir a error a Ateneu Les Bases, las personas usuarias del sitio web o terceros. Queda prohibido el uso de datos personales de terceros sin su consentimiento previo y expreso, as\u00ed como el uso de datos identificativos de terceros con el \u00e1nimo de suplantar su identidad. La persona usuaria ser\u00e1 la \u00fanica responsable de los perjuicios que cause.<\/p>\n<h3>3. Exclusi\u00f3n de garant\u00edas y responsabilidad<\/h3>\n<p>Ateneu Les Bases realiza los m\u00e1ximos esfuerzos a su alcance para evitar errores en los contenidos y utilidades que se publican en el sitio web, reserv\u00e1ndose la facultad de poder modificarlos en cualquier momento. Ateneu Les Bases declina expresamente cualquier responsabilidad por error u omisi\u00f3n en los contenidos de este sitio web y de los da\u00f1os y perjuicios que puedan deberse a su falta de veracidad, exactitud o actualizaci\u00f3n.<\/p>\n<p>El sitio web puede ofrecer enlaces a otros sitios web. Ateneu Les Bases no asume ninguna responsabilidad en relaci\u00f3n con estos sitios enlazados, ni los resultados de las b\u00fasquedas, ya que no tiene control sobre ellos, su contenido, productos y servicios ofrecidos, etc. La finalidad de estos enlaces es informar de otras fuentes de informaci\u00f3n, por lo que la persona usuaria accede bajo su exclusiva responsabilidad al contenido y en las condiciones de uso que rijan en ellas. En el caso de enlaces a redes sociales, titularidad de Ateneu Les Bases o de terceros, las mismas se regir\u00e1n por sus propias condiciones de uso.<\/p>\n<p>Ateneu Les Bases no se responsabilizar\u00e1 de ninguna consecuencia, da\u00f1o o perjuicio que pudieran derivarse del uso de este sitio web o de sus contenidos y utilidades, incluidos da\u00f1os inform\u00e1ticos y la introducci\u00f3n de virus o cualquier tipo de software malicioso. Ateneu Les Bases no garantiza la ausencia de virus ni de otros elementos da\u00f1inos en el sitio web, introducidos por terceras personas, que puedan producir alteraciones en los sistemas f\u00edsicos o l\u00f3gicos de las personas usuarias, pero utiliza los medios a su alcance para que esto no suceda.<\/p>\n<p>Ateneu Les Bases se reserva el derecho de modificar o borrar en cualquier momento, sin previo aviso o justificaci\u00f3n expresa, el dise\u00f1o, la configuraci\u00f3n y la informaci\u00f3n contenida en este sitio web, si as\u00ed lo estima oportuno y seg\u00fan su criterio. Ateneu Les Bases no se hace responsable de los perjuicios que estas modificaciones puedan causar. No obstante, utilizar\u00e1 los recursos que tenga a su alcance para informar a las personas usuarias de dichas modificaciones.<\/p>\n<h3>4. Propiedad intelectual<\/h3>\n<p>Los derechos de propiedad intelectual e industrial de este sitio web y de los elementos contenidos, incluyendo con car\u00e1cter meramente enunciativo sus p\u00e1ginas, secciones, estructura, apariencia, dise\u00f1o, pantallas, la informaci\u00f3n y utilidades que contiene, c\u00f3digo fuente, textos, fotograf\u00edas, im\u00e1genes, sonido, audios, v\u00eddeos, animaciones, combinaciones de colores, productos y servicios, marcas, logotipos, lemas, etc.) son propiedad de Ateneu Les Bases, salvo que se especifique otra cosa.<\/p>\n<p>En ning\u00fan caso el acceso o navegaci\u00f3n en el sitio web implica renuncia, transmisi\u00f3n o licencia total o parcial de Ateneu Les Bases para uso personal o profesional a la persona usuaria sobre sus derechos de propiedad intelectual e industrial.<\/p>\n<p>Quedan prohibidas la reproducci\u00f3n, distribuci\u00f3n, comercializaci\u00f3n, comunicaci\u00f3n p\u00fablica, transformaci\u00f3n o cualquier otra actividad que se pueda realizar con los contenidos y utilidades de este sitio web, salvo autorizaci\u00f3n previa, expresa y por escrito por parte de Ateneu Les Bases.<\/p>\n<p>La persona usuaria se compromete a no realizar ninguna acci\u00f3n que perjudique la titularidad del sitio web y sus contenidos. La utilizaci\u00f3n no autorizada de la informaci\u00f3n y utilidades contenidas en el sitio web, as\u00ed como los perjuicios ocasionados en los derechos de propiedad intelectual e industrial de Ateneu Les Bases o, en su caso, otros titulares, pueden dar lugar al ejercicio de las acciones que legalmente correspondan y, si procede, a las responsabilidades que de dicho ejercicio se deriven, incluyendo las de naturaleza econ\u00f3mica.<\/p>\n<h3>5. Vigencia y modificaciones<\/h3>\n<p>Ateneu Les Bases se reserva el derecho de modificar estas Condiciones de acuerdo con su criterio, bien con la finalidad de adecuarse a los cambios legislativos, bien con el fin de llevar a cabo otro tipo de actualizaciones o mejoras. Estas modificaciones ser\u00e1n v\u00e1lidas desde su publicaci\u00f3n en el sitio web. La relaci\u00f3n con las personas usuarias se regir\u00e1 por las normas previstas en el momento en que se accede al sitio web. Es por ello por lo que Ateneu Les Bases le recomienda revisar estas Condiciones cada vez que se conecte al sitio web.<\/p>\n<h3>6. Jurisdicci\u00f3n<\/h3>\n<p>Las relaciones establecidas entre Ateneu Les Bases y la persona usuaria se regir\u00e1n por lo dispuesto en la normativa vigente acerca de la legislaci\u00f3n aplicable y la jurisdicci\u00f3n competente. No obstante, para los casos en los que la normativa prevea la posibilidad a las partes de someterse a un fuero, Ateneu Les Bases y la persona usuaria, con renuncia expresa a cualquier otro fuero que pudiera corresponderles, se someten a los Juzgados y Tribunales de Donostia \/ San Sebasti\u00e1n (Gipuzkoa).<\/p>\n<p>Ateneu Les Bases perseguir\u00e1 el incumplimiento de estas Condiciones, as\u00ed como cualquier utilizaci\u00f3n indebida de los contenidos y utilidades presentados en su sitio web ejerciendo todas las acciones civiles y penales que le puedan corresponder en Derecho, incluyendo las de naturaleza econ\u00f3mica.<\/p>\n<\/div>\n<\/div><\/div><\/div><\/div><\/div>","protected":false},"excerpt":{"rendered":"<p>Informaci\u00f3n legal En cumplimiento de la normativa vigente le informamos que el dominio de internet www.ateneulesbases.cat (en adelante \u201cel sitio &#8230; <a title=\"Aviso Legal Ateneu\" class=\"read-more\" href=\"https:\/\/cdo-fitness.com\/es\/aviso-legal-ateneu\/\" aria-label=\"M\u00e1s en Aviso Legal Ateneu\">Leer m\u00e1s<\/a><\/p>\n","protected":false},"author":6,"featured_media":0,"parent":0,"menu_order":0,"comment_status":"closed","ping_status":"closed","template":"","meta":{"_acf_changed":false,"content-type":"","footnotes":""},"categories":[],"tags":[],"class_list":["post-15688","page","type-page","status-publish"],"acf":[],"yoast_head":"<!-- This site is optimized with the Yoast SEO plugin v27.3 - https:\/\/yoast.com\/product\/yoast-seo-wordpress\/ -->\n<title>Aviso Legal Ateneu - cdo<\/title>\n<meta name=\"robots\" content=\"index, follow, max-snippet:-1, max-image-preview:large, max-video-preview:-1\" \/>\n<link rel=\"canonical\" href=\"https:\/\/cdo-fitness.com\/es\/aviso-legal-ateneu\/\" \/>\n<meta property=\"og:locale\" content=\"es_ES\" \/>\n<meta property=\"og:type\" content=\"article\" \/>\n<meta property=\"og:title\" content=\"Aviso Legal Ateneu - cdo\" \/>\n<meta property=\"og:description\" content=\"Informaci\u00f3n legal En cumplimiento de la normativa vigente le informamos que el dominio de internet www.ateneulesbases.cat (en adelante \u201cel sitio ... Leer m\u00e1s\" \/>\n<meta property=\"og:url\" content=\"https:\/\/cdo-fitness.com\/es\/aviso-legal-ateneu\/\" \/>\n<meta property=\"og:site_name\" content=\"cdo\" \/>\n<meta property=\"article:modified_time\" content=\"2025-10-07T15:03:19+00:00\" \/>\n<meta property=\"og:image\" content=\"https:\/\/cdo-fitness.com\/wp-content\/uploads\/2025\/03\/\u00bfGestionamos-tu-centros-3.png\" \/>\n\t<meta property=\"og:image:width\" content=\"662\" \/>\n\t<meta property=\"og:image:height\" content=\"404\" \/>\n\t<meta property=\"og:image:type\" content=\"image\/png\" \/>\n<meta name=\"twitter:card\" content=\"summary_large_image\" \/>\n<meta name=\"twitter:label1\" content=\"Tiempo de lectura\" \/>\n\t<meta name=\"twitter:data1\" content=\"7 minutos\" \/>\n<script type=\"application\/ld+json\" class=\"yoast-schema-graph\">{\"@context\":\"https:\\\/\\\/schema.org\",\"@graph\":[{\"@type\":\"WebPage\",\"@id\":\"https:\\\/\\\/cdo-fitness.com\\\/es\\\/aviso-legal-ateneu\\\/\",\"url\":\"https:\\\/\\\/cdo-fitness.com\\\/es\\\/aviso-legal-ateneu\\\/\",\"name\":\"Aviso Legal Ateneu - cdo\",\"isPartOf\":{\"@id\":\"https:\\\/\\\/cdo-fitness.com\\\/es\\\/#website\"},\"datePublished\":\"2025-07-01T15:51:56+00:00\",\"dateModified\":\"2025-10-07T15:03:19+00:00\",\"breadcrumb\":{\"@id\":\"https:\\\/\\\/cdo-fitness.com\\\/es\\\/aviso-legal-ateneu\\\/#breadcrumb\"},\"inLanguage\":\"es\",\"potentialAction\":[{\"@type\":\"ReadAction\",\"target\":[\"https:\\\/\\\/cdo-fitness.com\\\/es\\\/aviso-legal-ateneu\\\/\"]}]},{\"@type\":\"BreadcrumbList\",\"@id\":\"https:\\\/\\\/cdo-fitness.com\\\/es\\\/aviso-legal-ateneu\\\/#breadcrumb\",\"itemListElement\":[{\"@type\":\"ListItem\",\"position\":1,\"name\":\"Portada\",\"item\":\"https:\\\/\\\/cdo-fitness.com\\\/es\\\/\"},{\"@type\":\"ListItem\",\"position\":2,\"name\":\"Aviso Legal Ateneu\"}]},{\"@type\":\"WebSite\",\"@id\":\"https:\\\/\\\/cdo-fitness.com\\\/es\\\/#website\",\"url\":\"https:\\\/\\\/cdo-fitness.com\\\/es\\\/\",\"name\":\"CDO Fitness\",\"description\":\"Club de Deporte y Ocio\",\"publisher\":{\"@id\":\"https:\\\/\\\/cdo-fitness.com\\\/es\\\/#organization\"},\"alternateName\":\"Gimnasios CDO\",\"potentialAction\":[{\"@type\":\"SearchAction\",\"target\":{\"@type\":\"EntryPoint\",\"urlTemplate\":\"https:\\\/\\\/cdo-fitness.com\\\/es\\\/?s={search_term_string}\"},\"query-input\":{\"@type\":\"PropertyValueSpecification\",\"valueRequired\":true,\"valueName\":\"search_term_string\"}}],\"inLanguage\":\"es\"},{\"@type\":\"Organization\",\"@id\":\"https:\\\/\\\/cdo-fitness.com\\\/es\\\/#organization\",\"name\":\"CDO Fitness\",\"alternateName\":\"Club deporte y ocio\",\"url\":\"https:\\\/\\\/cdo-fitness.com\\\/es\\\/\",\"logo\":{\"@type\":\"ImageObject\",\"inLanguage\":\"es\",\"@id\":\"https:\\\/\\\/cdo-fitness.com\\\/es\\\/#\\\/schema\\\/logo\\\/image\\\/\",\"url\":\"https:\\\/\\\/cdo-fitness.com\\\/wp-content\\\/uploads\\\/2025\\\/03\\\/cropped-\u00bfGestionamos-tu-centros-3.png\",\"contentUrl\":\"https:\\\/\\\/cdo-fitness.com\\\/wp-content\\\/uploads\\\/2025\\\/03\\\/cropped-\u00bfGestionamos-tu-centros-3.png\",\"width\":661,\"height\":284,\"caption\":\"CDO Fitness\"},\"image\":{\"@id\":\"https:\\\/\\\/cdo-fitness.com\\\/es\\\/#\\\/schema\\\/logo\\\/image\\\/\"},\"sameAs\":[\"https:\\\/\\\/www.instagram.com\\\/cdo.fitness\\\/\"]}]}<\/script>\n<!-- \/ Yoast SEO plugin. -->","yoast_head_json":{"title":"Aviso Legal Ateneu - cdo","robots":{"index":"index","follow":"follow","max-snippet":"max-snippet:-1","max-image-preview":"max-image-preview:large","max-video-preview":"max-video-preview:-1"},"canonical":"https:\/\/cdo-fitness.com\/es\/aviso-legal-ateneu\/","og_locale":"es_ES","og_type":"article","og_title":"Aviso Legal Ateneu - cdo","og_description":"Informaci\u00f3n legal En cumplimiento de la normativa vigente le informamos que el dominio de internet www.ateneulesbases.cat (en adelante \u201cel sitio ... Leer m\u00e1s","og_url":"https:\/\/cdo-fitness.com\/es\/aviso-legal-ateneu\/","og_site_name":"cdo","article_modified_time":"2025-10-07T15:03:19+00:00","og_image":[{"width":662,"height":404,"url":"https:\/\/cdo-fitness.com\/wp-content\/uploads\/2025\/03\/\u00bfGestionamos-tu-centros-3.png","type":"image\/png"}],"twitter_card":"summary_large_image","twitter_misc":{"Tiempo de lectura":"7 minutos"},"schema":{"@context":"https:\/\/schema.org","@graph":[{"@type":"WebPage","@id":"https:\/\/cdo-fitness.com\/es\/aviso-legal-ateneu\/","url":"https:\/\/cdo-fitness.com\/es\/aviso-legal-ateneu\/","name":"Aviso Legal Ateneu - cdo","isPartOf":{"@id":"https:\/\/cdo-fitness.com\/es\/#website"},"datePublished":"2025-07-01T15:51:56+00:00","dateModified":"2025-10-07T15:03:19+00:00","breadcrumb":{"@id":"https:\/\/cdo-fitness.com\/es\/aviso-legal-ateneu\/#breadcrumb"},"inLanguage":"es","potentialAction":[{"@type":"ReadAction","target":["https:\/\/cdo-fitness.com\/es\/aviso-legal-ateneu\/"]}]},{"@type":"BreadcrumbList","@id":"https:\/\/cdo-fitness.com\/es\/aviso-legal-ateneu\/#breadcrumb","itemListElement":[{"@type":"ListItem","position":1,"name":"Portada","item":"https:\/\/cdo-fitness.com\/es\/"},{"@type":"ListItem","position":2,"name":"Aviso Legal Ateneu"}]},{"@type":"WebSite","@id":"https:\/\/cdo-fitness.com\/es\/#website","url":"https:\/\/cdo-fitness.com\/es\/","name":"CDO Fitness","description":"Club de Deporte y Ocio","publisher":{"@id":"https:\/\/cdo-fitness.com\/es\/#organization"},"alternateName":"Gimnasios CDO","potentialAction":[{"@type":"SearchAction","target":{"@type":"EntryPoint","urlTemplate":"https:\/\/cdo-fitness.com\/es\/?s={search_term_string}"},"query-input":{"@type":"PropertyValueSpecification","valueRequired":true,"valueName":"search_term_string"}}],"inLanguage":"es"},{"@type":"Organization","@id":"https:\/\/cdo-fitness.com\/es\/#organization","name":"CDO Fitness","alternateName":"Club deporte y ocio","url":"https:\/\/cdo-fitness.com\/es\/","logo":{"@type":"ImageObject","inLanguage":"es","@id":"https:\/\/cdo-fitness.com\/es\/#\/schema\/logo\/image\/","url":"https:\/\/cdo-fitness.com\/wp-content\/uploads\/2025\/03\/cropped-\u00bfGestionamos-tu-centros-3.png","contentUrl":"https:\/\/cdo-fitness.com\/wp-content\/uploads\/2025\/03\/cropped-\u00bfGestionamos-tu-centros-3.png","width":661,"height":284,"caption":"CDO Fitness"},"image":{"@id":"https:\/\/cdo-fitness.com\/es\/#\/schema\/logo\/image\/"},"sameAs":["https:\/\/www.instagram.com\/cdo.fitness\/"]}]}},"_links":{"self":[{"href":"https:\/\/cdo-fitness.com\/es\/wp-json\/wp\/v2\/pages\/15688","targetHints":{"allow":["GET"]}}],"collection":[{"href":"https:\/\/cdo-fitness.com\/es\/wp-json\/wp\/v2\/pages"}],"about":[{"href":"https:\/\/cdo-fitness.com\/es\/wp-json\/wp\/v2\/types\/page"}],"author":[{"embeddable":true,"href":"https:\/\/cdo-fitness.com\/es\/wp-json\/wp\/v2\/users\/6"}],"replies":[{"embeddable":true,"href":"https:\/\/cdo-fitness.com\/es\/wp-json\/wp\/v2\/comments?post=15688"}],"version-history":[{"count":2,"href":"https:\/\/cdo-fitness.com\/es\/wp-json\/wp\/v2\/pages\/15688\/revisions"}],"predecessor-version":[{"id":15976,"href":"https:\/\/cdo-fitness.com\/es\/wp-json\/wp\/v2\/pages\/15688\/revisions\/15976"}],"wp:attachment":[{"href":"https:\/\/cdo-fitness.com\/es\/wp-json\/wp\/v2\/media?parent=15688"}],"wp:term":[{"taxonomy":"category","embeddable":true,"href":"https:\/\/cdo-fitness.com\/es\/wp-json\/wp\/v2\/categories?post=15688"},{"taxonomy":"post_tag","embeddable":true,"href":"https:\/\/cdo-fitness.com\/es\/wp-json\/wp\/v2\/tags?post=15688"}],"curies":[{"name":"wp","href":"https:\/\/api.w.org\/{rel}","templated":true}]}}