{"id":15098,"date":"2025-06-13T11:32:27","date_gmt":"2025-06-13T11:32:27","guid":{"rendered":"https:\/\/cdo-fitness.com\/?page_id=15098"},"modified":"2025-08-07T09:14:56","modified_gmt":"2025-08-07T09:14:56","slug":"cdo-loja-cursos-de-natacion-temporada-2025-26","status":"publish","type":"page","link":"https:\/\/cdo-fitness.com\/es\/cdo-loja-cursos-de-natacion-temporada-2025-26\/","title":{"rendered":"CDO Loja &#8211; Cursos de nataci\u00f3n temporada 2025-26"},"content":{"rendered":"<div id=\"pl-15098\"  class=\"panel-layout\" ><div id=\"pg-15098-0\"  class=\"panel-grid panel-no-style\" ><div id=\"pgc-15098-0-0\"  class=\"panel-grid-cell\" ><div id=\"panel-15098-0-0-0\" class=\"so-panel widget widget_sow-headline panel-first-child panel-last-child\" data-index=\"0\" ><div\n\t\t\t\n\t\t\tclass=\"so-widget-sow-headline so-widget-sow-headline-default-54d39f21dd80-15098\"\n\t\t\t\n\t\t><div class=\"sow-headline-container \">\n\t\t\t\t\t\t\t<h2 class=\"sow-headline\">\n\t\t\t\t\t\tCursos de nataci\u00f3n 2025-26\t\t\t\t\t\t<\/h2>\n\t\t\t\t\t\t\t\t\t\t\t<div class=\"decoration\">\n\t\t\t\t\t\t<div class=\"decoration-inside\"><\/div>\n\t\t\t\t\t<\/div>\n\t\t\t\t\t\t\t\t\t\t\t<p class=\"sow-sub-headline\">\n\t\t\t\t\t\tCDO Loja (Granada)\t\t\t\t\t\t<\/p>\n\t\t\t\t\t\t<\/div>\n<\/div><\/div><\/div><\/div><div id=\"pg-15098-1\"  class=\"panel-grid panel-has-style\" ><div class=\"panel-row-style panel-row-style-for-15098-1\" ><div id=\"pgc-15098-1-0\"  class=\"panel-grid-cell\" ><div id=\"panel-15098-1-0-0\" class=\"so-panel widget widget_sow-image panel-first-child panel-last-child\" data-index=\"1\" ><div\n\t\t\t\n\t\t\tclass=\"so-widget-sow-image so-widget-sow-image-default-a258e6bfa2d8-15098\"\n\t\t\t\n\t\t>\n<div class=\"sow-image-container\">\n\t\t<img \n\tsrc=\"https:\/\/cdo-fitness.com\/wp-content\/uploads\/2025\/05\/gruposninospiscinaPULPO-ultima.jpg\" width=\"2560\" height=\"1175\" srcset=\"https:\/\/cdo-fitness.com\/wp-content\/uploads\/2025\/05\/gruposninospiscinaPULPO-ultima.jpg 2560w, https:\/\/cdo-fitness.com\/wp-content\/uploads\/2025\/05\/gruposninospiscinaPULPO-ultima-300x138.jpg 300w, https:\/\/cdo-fitness.com\/wp-content\/uploads\/2025\/05\/gruposninospiscinaPULPO-ultima-1024x470.jpg 1024w, https:\/\/cdo-fitness.com\/wp-content\/uploads\/2025\/05\/gruposninospiscinaPULPO-ultima-768x353.jpg 768w, https:\/\/cdo-fitness.com\/wp-content\/uploads\/2025\/05\/gruposninospiscinaPULPO-ultima-1536x705.jpg 1536w, https:\/\/cdo-fitness.com\/wp-content\/uploads\/2025\/05\/gruposninospiscinaPULPO-ultima-2048x940.jpg 2048w\" sizes=\"(max-width: 2560px) 100vw, 2560px\" title=\"Un grupo de ni\u00f1os aprendiendo a nadar en una piscina CDO\" alt=\"Grupo de ni\u00f1os en un curso de nataci\u00f3n de CDO\" \t\tclass=\"so-widget-image\"\/>\n\t<\/div>\n\n<\/div><\/div><\/div><\/div><\/div><div id=\"pg-15098-2\"  class=\"panel-grid panel-no-style\" ><div id=\"pgc-15098-2-0\"  class=\"panel-grid-cell\" ><div id=\"panel-15098-2-0-0\" class=\"so-panel widget widget_sow-editor panel-first-child panel-last-child\" data-index=\"2\" ><div\n\t\t\t\n\t\t\tclass=\"so-widget-sow-editor so-widget-sow-editor-base\"\n\t\t\t\n\t\t>\n<div class=\"siteorigin-widget-tinymce textwidget\">\n\t<p>&nbsp;<\/p>\n<h3 data-start=\"824\" data-end=\"1114\"><span class=\"Y2IQFc\" lang=\"es\"><span data-teams=\"true\">Porque cada nadador y nadadora disfruta a su ritmo, en CDO Loja adaptamos la ense\u00f1anza para disfrutar, aprender y crecer nadando desde los 6 meses. Este curso, adem\u00e1s, \u00a1viviremos juntos el D\u00eda de Padres!<\/span><\/span>\u00a0\ud83c\udfca\u200d\u2640\ufe0f\ud83c\udfca\u200d\u2642\ufe0f<\/h3>\n<p class=\"\" data-start=\"1116\" data-end=\"1287\"><span class=\"Y2IQFc\" lang=\"es\">\ud83d\udcc5 Aqu\u00ed encontrar\u00e1s toda la informaci\u00f3n para inscribirte en los Cursos de Nataci\u00f3n 2025-2026.<br \/>\n\ud83c\udfaf \u00a1Plazas limitadas! No te quedes fuera \u2014\u00a1Ap\u00fantate lo antes posible!<\/span><\/p>\n<p>&nbsp;<\/p>\n<h2>Fechas<\/h2>\n<p data-start=\"827\" data-end=\"1029\"><strong data-start=\"827\" data-end=\"838\">Inicio:<\/strong> 22 de septiembre de 2025<br data-start=\"863\" data-end=\"866\" \/><strong data-start=\"866\" data-end=\"874\">Fin:<\/strong> 19 de junio de 2026<br data-start=\"894\" data-end=\"897\" \/>\ud83d\udccc <em data-start=\"900\" data-end=\"1029\">Durante el curso, se organizar\u00e1n sesiones especiales \u201cD\u00eda de Padres\u201d para que las familias puedan ver los progresos en directo.\u00a0<\/em><\/p>\n<h2 data-start=\"2060\" data-end=\"2074\">Horarios<\/h2>\n<div class=\"_tableContainer_16hzy_1\">\n<div class=\"_tableWrapper_16hzy_14 group flex w-fit flex-col-reverse\" tabindex=\"-1\">\n<table class=\"w-fit min-w-(--thread-content-width)\" data-start=\"2076\" data-end=\"2832\">\n<thead data-start=\"2076\" data-end=\"2146\">\n<tr data-start=\"2076\" data-end=\"2146\">\n<th data-start=\"2076\" data-end=\"2097\" data-col-size=\"sm\">Nivel \/ Curso<\/th>\n<th data-start=\"2097\" data-end=\"2127\" data-col-size=\"sm\">D\u00edas<\/th>\n<th data-start=\"2127\" data-end=\"2146\" data-col-size=\"sm\">Horario<\/th>\n<\/tr>\n<\/thead>\n<tbody data-start=\"2218\" data-end=\"2832\">\n<tr data-start=\"2218\" data-end=\"2294\">\n<td data-start=\"2218\" data-end=\"2239\" data-col-size=\"sm\"><strong data-start=\"2220\" data-end=\"2229\">Beb\u00e9s<\/strong><\/td>\n<td data-col-size=\"sm\" data-start=\"2239\" data-end=\"2277\">Lunes y Mi\u00e9rcoles<\/td>\n<td data-col-size=\"sm\" data-start=\"2277\" data-end=\"2294\">17:30 \u2013 18:15<\/td>\n<\/tr>\n<tr data-start=\"2295\" data-end=\"2371\">\n<td data-start=\"2295\" data-end=\"2316\" data-col-size=\"sm\"><strong data-start=\"2297\" data-end=\"2308\">Tortuga<\/strong><\/td>\n<td data-col-size=\"sm\" data-start=\"2316\" data-end=\"2354\">Lunes y Mi\u00e9rcoles \/ Martes y Jueves<\/td>\n<td data-col-size=\"sm\" data-start=\"2354\" data-end=\"2371\">16:00 \u2013 16:45<\/td>\n<\/tr>\n<tr data-start=\"2372\" data-end=\"2448\">\n<td data-start=\"2372\" data-end=\"2393\" data-col-size=\"sm\"><strong data-start=\"2374\" data-end=\"2386\">Cangrejo<\/strong><\/td>\n<td data-col-size=\"sm\" data-start=\"2393\" data-end=\"2431\">Lunes y Mi\u00e9rcoles \/ Martes y Jueves<\/td>\n<td data-col-size=\"sm\" data-start=\"2431\" data-end=\"2448\">16:45 \u2013 17:30<\/td>\n<\/tr>\n<tr data-start=\"2449\" data-end=\"2525\">\n<td data-start=\"2449\" data-end=\"2470\" data-col-size=\"sm\"><strong data-start=\"2451\" data-end=\"2460\">Pulpo<\/strong><\/td>\n<td data-col-size=\"sm\" data-start=\"2470\" data-end=\"2508\">Lunes y Mi\u00e9rcoles<\/td>\n<td data-col-size=\"sm\" data-start=\"2508\" data-end=\"2525\">17:30 \u2013 18:15<\/td>\n<\/tr>\n<tr data-start=\"2526\" data-end=\"2602\">\n<td data-start=\"2526\" data-end=\"2547\" data-col-size=\"sm\"><strong data-start=\"2528\" data-end=\"2538\">Anchoa<\/strong><\/td>\n<td data-col-size=\"sm\" data-start=\"2547\" data-end=\"2585\">Martes y Jueves<\/td>\n<td data-col-size=\"sm\" data-start=\"2585\" data-end=\"2602\">17:30 \u2013 18:15<\/td>\n<\/tr>\n<tr data-start=\"2603\" data-end=\"2677\">\n<td data-start=\"2603\" data-end=\"2627\" data-col-size=\"sm\"><strong data-start=\"2605\" data-end=\"2626\">Master Iniciaci\u00f3n<\/strong><\/td>\n<td data-col-size=\"sm\" data-start=\"2627\" data-end=\"2660\">Lunes y Mi\u00e9rcoles<\/td>\n<td data-col-size=\"sm\" data-start=\"2660\" data-end=\"2677\">20:30 \u2013 21:15<\/td>\n<\/tr>\n<tr data-start=\"2678\" data-end=\"2759\">\n<td data-start=\"2678\" data-end=\"2709\" data-col-size=\"sm\"><strong data-start=\"2680\" data-end=\"2708\">Master Perfeccionamiento<\/strong><\/td>\n<td data-col-size=\"sm\" data-start=\"2709\" data-end=\"2742\">Martes y Jueves<\/td>\n<td data-col-size=\"sm\" data-start=\"2742\" data-end=\"2759\">20:30 \u2013 21:15<\/td>\n<\/tr>\n<tr data-start=\"2760\" data-end=\"2832\">\n<td data-start=\"2760\" data-end=\"2782\" data-col-size=\"sm\"><strong data-start=\"2762\" data-end=\"2781\">Master Gen\u00e9rico<\/strong><\/td>\n<td data-col-size=\"sm\" data-start=\"2782\" data-end=\"2815\">Martes y Jueves<\/td>\n<td data-col-size=\"sm\" data-start=\"2815\" data-end=\"2832\">08:00 \u2013 08:45<\/td>\n<\/tr>\n<\/tbody>\n<\/table>\n<\/div>\n<div class=\"absolute end-0 flex items-end\">\n<h2 data-start=\"1235\" data-end=\"1248\"><\/h2>\n<h2 data-start=\"1235\" data-end=\"1248\">Tarifas<\/h2>\n<div class=\"_tableContainer_16hzy_1\">\n<div class=\"_tableWrapper_16hzy_14 group flex w-fit flex-col-reverse\" tabindex=\"-1\">\n<table class=\"w-fit min-w-(--thread-content-width)\" data-start=\"1250\" data-end=\"1952\">\n<thead data-start=\"1250\" data-end=\"1312\">\n<tr data-start=\"1250\" data-end=\"1312\">\n<th data-start=\"1250\" data-end=\"1265\" data-col-size=\"sm\">Curso<\/th>\n<th data-start=\"1265\" data-end=\"1276\" data-col-size=\"sm\">Abonados<\/th>\n<th data-start=\"1276\" data-end=\"1291\" data-col-size=\"sm\">Cursillistas<\/th>\n<th data-start=\"1291\" data-end=\"1312\" data-col-size=\"sm\">Frecuencia<\/th>\n<\/tr>\n<\/thead>\n<tbody data-start=\"1376\" data-end=\"1952\">\n<tr data-start=\"1376\" data-end=\"1445\">\n<td data-start=\"1376\" data-end=\"1391\" data-col-size=\"sm\">Beb\u00e9s<\/td>\n<td data-col-size=\"sm\" data-start=\"1391\" data-end=\"1402\">75,60 \u20ac<\/td>\n<td data-col-size=\"sm\" data-start=\"1402\" data-end=\"1417\">125,90 \u20ac<\/td>\n<td data-col-size=\"sm\" data-start=\"1417\" data-end=\"1445\">2 d\u00edas\/sem. \u00b7 Trimestral<\/td>\n<\/tr>\n<tr data-start=\"1446\" data-end=\"1515\">\n<td data-start=\"1446\" data-end=\"1461\" data-col-size=\"sm\">Tortuga<\/td>\n<td data-col-size=\"sm\" data-start=\"1461\" data-end=\"1472\">75,60 \u20ac<\/td>\n<td data-col-size=\"sm\" data-start=\"1472\" data-end=\"1487\">125,90 \u20ac<\/td>\n<td data-col-size=\"sm\" data-start=\"1487\" data-end=\"1515\">2 d\u00edas\/sem. \u00b7 Trimestral<\/td>\n<\/tr>\n<tr data-start=\"1516\" data-end=\"1585\">\n<td data-start=\"1516\" data-end=\"1531\" data-col-size=\"sm\">Cangrejo<\/td>\n<td data-col-size=\"sm\" data-start=\"1531\" data-end=\"1542\">75,60 \u20ac<\/td>\n<td data-col-size=\"sm\" data-start=\"1542\" data-end=\"1557\">125,90 \u20ac<\/td>\n<td data-col-size=\"sm\" data-start=\"1557\" data-end=\"1585\">2 d\u00edas\/sem. \u00b7 Trimestral<\/td>\n<\/tr>\n<tr data-start=\"1586\" data-end=\"1655\">\n<td data-start=\"1586\" data-end=\"1601\" data-col-size=\"sm\">Pulpo<\/td>\n<td data-col-size=\"sm\" data-start=\"1601\" data-end=\"1612\">75,60 \u20ac<\/td>\n<td data-col-size=\"sm\" data-start=\"1612\" data-end=\"1627\">125,90 \u20ac<\/td>\n<td data-col-size=\"sm\" data-start=\"1627\" data-end=\"1655\">2 d\u00edas\/sem. \u00b7 Trimestral<\/td>\n<\/tr>\n<tr data-start=\"1656\" data-end=\"1725\">\n<td data-start=\"1656\" data-end=\"1671\" data-col-size=\"sm\">Anchoa<\/td>\n<td data-col-size=\"sm\" data-start=\"1671\" data-end=\"1682\">75,60 \u20ac<\/td>\n<td data-col-size=\"sm\" data-start=\"1682\" data-end=\"1697\">125,90 \u20ac<\/td>\n<td data-col-size=\"sm\" data-start=\"1697\" data-end=\"1725\">2 d\u00edas\/sem. \u00b7 Trimestral<\/td>\n<\/tr>\n<tr data-start=\"1726\" data-end=\"1795\">\n<td data-start=\"1726\" data-end=\"1741\" data-col-size=\"sm\">Anguila<\/td>\n<td data-col-size=\"sm\" data-start=\"1741\" data-end=\"1752\">75,60 \u20ac<\/td>\n<td data-col-size=\"sm\" data-start=\"1752\" data-end=\"1767\">125,90 \u20ac<\/td>\n<td data-col-size=\"sm\" data-start=\"1767\" data-end=\"1795\">2 d\u00edas\/sem. \u00b7 Trimestral<\/td>\n<\/tr>\n<tr data-start=\"1796\" data-end=\"1873\">\n<td data-start=\"1796\" data-end=\"1820\" data-col-size=\"sm\">Master (2 d\u00edas\/sem.)<\/td>\n<td data-col-size=\"sm\" data-start=\"1820\" data-end=\"1831\">37,80 \u20ac<\/td>\n<td data-col-size=\"sm\" data-start=\"1831\" data-end=\"1846\">\u00a0 62,95 \u20ac<\/td>\n<td data-col-size=\"sm\" data-start=\"1846\" data-end=\"1873\">2 d\u00eda\/sem. \u00b7 Mensual<\/td>\n<\/tr>\n<tr data-start=\"1874\" data-end=\"1952\">\n<td data-start=\"1874\" data-end=\"1898\" data-col-size=\"sm\">Master (2 d\u00edas\/sem.)<\/td>\n<td data-col-size=\"sm\" data-start=\"1898\" data-end=\"1909\">75,60 \u20ac<\/td>\n<td data-col-size=\"sm\" data-start=\"1909\" data-end=\"1924\">125,90 \u20ac<\/td>\n<td data-col-size=\"sm\" data-start=\"1924\" data-end=\"1952\">2 d\u00edas\/sem. \u00b7 Trimestral<\/td>\n<\/tr>\n<\/tbody>\n<\/table>\n<div class=\"sticky end-(--thread-content-margin) h-0 self-end select-none\">\n<div class=\"absolute end-0 flex items-end\"><\/div>\n<\/div>\n<\/div>\n<\/div>\n<p data-start=\"1954\" data-end=\"2053\"><em data-start=\"1954\" data-end=\"2053\">El pago del primer trimestre se realiza en el momento de la inscripci\u00f3n anticipada (junio\/julio).<\/em><\/p>\n<p data-start=\"1954\" data-end=\"2053\"><em>Las tarifas son trimestrales, excepto en nataci\u00f3n m\u00e1ster, que tambi\u00e9n se puede contratar de forma mensual.<\/em><\/p>\n<\/div>\n<\/div>\n<\/div>\n<\/div><\/div><\/div><\/div><div id=\"pg-15098-3\"  class=\"panel-grid panel-no-style\" ><div id=\"pgc-15098-3-0\"  class=\"panel-grid-cell\" ><div id=\"panel-15098-3-0-0\" class=\"so-panel widget widget_sow-image panel-first-child panel-last-child\" data-index=\"3\" ><div\n\t\t\t\n\t\t\tclass=\"so-widget-sow-image so-widget-sow-image-default-c67d20f9f743-15098\"\n\t\t\t\n\t\t>\n<div class=\"sow-image-container\">\n\t\t<img \n\tsrc=\"https:\/\/cdo-fitness.com\/wp-content\/uploads\/2025\/05\/imagen-8.png\" width=\"695\" height=\"156\" sizes=\"(max-width: 695px) 100vw, 695px\" title=\"Gorros de niveles nataci\u00f3n CDO\" alt=\"Gorros de niveles nataci\u00f3n CDO\" \t\tclass=\"so-widget-image\"\/>\n\t<\/div>\n\n<\/div><\/div><\/div><\/div><div id=\"pg-15098-4\"  class=\"panel-grid panel-no-style\" ><div id=\"pgc-15098-4-0\"  class=\"panel-grid-cell\" ><div id=\"panel-15098-4-0-0\" class=\"so-panel widget widget_sow-editor panel-first-child panel-last-child\" data-index=\"4\" ><div\n\t\t\t\n\t\t\tclass=\"so-widget-sow-editor so-widget-sow-editor-base\"\n\t\t\t\n\t\t>\n<div class=\"siteorigin-widget-tinymce textwidget\">\n\t<h2 data-start=\"2839\" data-end=\"2858\">Inscripciones<\/h2>\n<ul data-start=\"2860\" data-end=\"3046\">\n<li data-start=\"2860\" data-end=\"2993\">\n<p data-start=\"2862\" data-end=\"2993\"><strong data-start=\"2862\" data-end=\"2891\">A partir del 16 de junio:<\/strong> Antiguos cursillistas y abonados que hayan realizado al menos 1 trimestre en la temporada anterior.<\/p>\n<\/li>\n<li data-start=\"2994\" data-end=\"3046\">\n<p data-start=\"2996\" data-end=\"3046\"><strong data-start=\"2996\" data-end=\"3024\">A partir del 1 de julio:<\/strong> Nuevas inscripciones.<\/p>\n<\/li>\n<\/ul>\n<p data-start=\"1036\" data-end=\"1065\">\n<h2 data-start=\"1036\" data-end=\"1065\">Documentaci\u00f3n necesaria<\/h2>\n<ul data-start=\"1067\" data-end=\"1228\">\n<li data-start=\"1067\" data-end=\"1100\">\n<p data-start=\"1069\" data-end=\"1100\">Datos personales del alumno\/a<\/p>\n<\/li>\n<li data-start=\"1101\" data-end=\"1155\">\n<p data-start=\"1103\" data-end=\"1155\">Libro de familia o DNI (solo nuevas inscripciones)<\/p>\n<\/li>\n<li data-start=\"1156\" data-end=\"1228\">\n<p data-start=\"1158\" data-end=\"1228\">Prueba de nivel: debe solicitarse cita previa en la recepci\u00f3n del club<\/p>\n<\/li>\n<\/ul>\n<p>Para m\u00e1s informaci\u00f3n, horarios y tarifas, cons\u00faltanos en recepci\u00f3n.<\/p>\n<\/div>\n<\/div><\/div><\/div><div id=\"pgc-15098-4-1\"  class=\"panel-grid-cell\" ><div id=\"panel-15098-4-1-0\" class=\"so-panel widget widget_sow-editor panel-first-child panel-last-child\" data-index=\"5\" ><div\n\t\t\t\n\t\t\tclass=\"so-widget-sow-editor so-widget-sow-editor-base\"\n\t\t\t\n\t\t>\n<div class=\"siteorigin-widget-tinymce textwidget\">\n\t<div class=\"siteorigin-widget-tinymce textwidget\">\n<div class=\"siteorigin-widget-tinymce textwidget\">\n<h2>\u00bfQuieres m\u00e1s informaci\u00f3n? Escr\u00edbenos y te llamaremos lo antes posible<\/h2>\n<div class=\"siteorigin-widget-tinymce textwidget\"><script charset=\"utf-8\" type=\"text\/javascript\" src=\"\/\/js-eu1.hsforms.net\/forms\/embed\/v2.js\"><\/script><br \/>\n<script>\n  hbspt.forms.create({\n    portalId: \"25905303\",\n    formId: \"a7a0cbcc-c692-48c9-ba5c-87537775c5b4\",\n    region: \"eu1\"\n  });\n<\/script><\/div>\n<\/div>\n<\/div>\n<\/div>\n<\/div><\/div><\/div><\/div><\/div>","protected":false},"excerpt":{"rendered":"<p>Cursos de nataci\u00f3n 2025-26 CDO Loja (Granada) &nbsp; Porque cada nadador y nadadora disfruta a su ritmo, en CDO Loja &#8230; <a title=\"CDO Loja &#8211; Cursos de nataci\u00f3n temporada 2025-26\" class=\"read-more\" href=\"https:\/\/cdo-fitness.com\/es\/cdo-loja-cursos-de-natacion-temporada-2025-26\/\" aria-label=\"M\u00e1s en CDO Loja &#8211; Cursos de nataci\u00f3n temporada 2025-26\">Leer m\u00e1s<\/a><\/p>\n","protected":false},"author":2,"featured_media":0,"parent":0,"menu_order":0,"comment_status":"closed","ping_status":"closed","template":"","meta":{"_acf_changed":false,"content-type":"","footnotes":""},"categories":[],"tags":[104],"class_list":{"0":"post-15098","1":"page","2":"type-page","3":"status-publish","5":"tag-landing"},"acf":[],"yoast_head":"<!-- This site is optimized with the Yoast SEO plugin v27.5 - https:\/\/yoast.com\/product\/yoast-seo-wordpress\/ -->\n<title>CDO Loja - Cursos de nataci\u00f3n temporada 2025-26 - cdo<\/title>\n<meta name=\"robots\" content=\"index, follow, max-snippet:-1, max-image-preview:large, max-video-preview:-1\" \/>\n<link rel=\"canonical\" href=\"https:\/\/cdo-fitness.com\/es\/cdo-loja-cursos-de-natacion-temporada-2025-26\/\" \/>\n<meta property=\"og:locale\" content=\"es_ES\" \/>\n<meta property=\"og:type\" content=\"article\" \/>\n<meta property=\"og:title\" content=\"CDO Loja - Cursos de nataci\u00f3n temporada 2025-26 - cdo\" \/>\n<meta property=\"og:description\" content=\"Cursos de nataci\u00f3n 2025-26 CDO Loja (Granada) &nbsp; Porque cada nadador y nadadora disfruta a su ritmo, en CDO Loja ... Leer m\u00e1s\" \/>\n<meta property=\"og:url\" content=\"https:\/\/cdo-fitness.com\/es\/cdo-loja-cursos-de-natacion-temporada-2025-26\/\" \/>\n<meta property=\"og:site_name\" content=\"cdo\" \/>\n<meta property=\"article:modified_time\" content=\"2025-08-07T09:14:56+00:00\" \/>\n<meta property=\"og:image\" content=\"https:\/\/cdo-fitness.com\/wp-content\/uploads\/2025\/03\/\u00bfGestionamos-tu-centros-3.png\" \/>\n\t<meta property=\"og:image:width\" content=\"662\" \/>\n\t<meta property=\"og:image:height\" content=\"404\" \/>\n\t<meta property=\"og:image:type\" content=\"image\/png\" \/>\n<meta name=\"twitter:card\" content=\"summary_large_image\" \/>\n<meta name=\"twitter:label1\" content=\"Tiempo de lectura\" \/>\n\t<meta name=\"twitter:data1\" content=\"3 minutos\" \/>\n<script type=\"application\/ld+json\" class=\"yoast-schema-graph\">{\"@context\":\"https:\\\/\\\/schema.org\",\"@graph\":[{\"@type\":\"WebPage\",\"@id\":\"https:\\\/\\\/cdo-fitness.com\\\/es\\\/cdo-loja-cursos-de-natacion-temporada-2025-26\\\/\",\"url\":\"https:\\\/\\\/cdo-fitness.com\\\/es\\\/cdo-loja-cursos-de-natacion-temporada-2025-26\\\/\",\"name\":\"CDO Loja - Cursos de nataci\u00f3n temporada 2025-26 - cdo\",\"isPartOf\":{\"@id\":\"https:\\\/\\\/cdo-fitness.com\\\/es\\\/#website\"},\"datePublished\":\"2025-06-13T11:32:27+00:00\",\"dateModified\":\"2025-08-07T09:14:56+00:00\",\"breadcrumb\":{\"@id\":\"https:\\\/\\\/cdo-fitness.com\\\/es\\\/cdo-loja-cursos-de-natacion-temporada-2025-26\\\/#breadcrumb\"},\"inLanguage\":\"es\",\"potentialAction\":[{\"@type\":\"ReadAction\",\"target\":[\"https:\\\/\\\/cdo-fitness.com\\\/es\\\/cdo-loja-cursos-de-natacion-temporada-2025-26\\\/\"]}]},{\"@type\":\"BreadcrumbList\",\"@id\":\"https:\\\/\\\/cdo-fitness.com\\\/es\\\/cdo-loja-cursos-de-natacion-temporada-2025-26\\\/#breadcrumb\",\"itemListElement\":[{\"@type\":\"ListItem\",\"position\":1,\"name\":\"Portada\",\"item\":\"https:\\\/\\\/cdo-fitness.com\\\/es\\\/\"},{\"@type\":\"ListItem\",\"position\":2,\"name\":\"CDO Loja &#8211; Cursos de nataci\u00f3n temporada 2025-26\"}]},{\"@type\":\"WebSite\",\"@id\":\"https:\\\/\\\/cdo-fitness.com\\\/es\\\/#website\",\"url\":\"https:\\\/\\\/cdo-fitness.com\\\/es\\\/\",\"name\":\"CDO Fitness\",\"description\":\"Club de Deporte y Ocio\",\"publisher\":{\"@id\":\"https:\\\/\\\/cdo-fitness.com\\\/es\\\/#organization\"},\"alternateName\":\"Gimnasios CDO\",\"potentialAction\":[{\"@type\":\"SearchAction\",\"target\":{\"@type\":\"EntryPoint\",\"urlTemplate\":\"https:\\\/\\\/cdo-fitness.com\\\/es\\\/?s={search_term_string}\"},\"query-input\":{\"@type\":\"PropertyValueSpecification\",\"valueRequired\":true,\"valueName\":\"search_term_string\"}}],\"inLanguage\":\"es\"},{\"@type\":\"Organization\",\"@id\":\"https:\\\/\\\/cdo-fitness.com\\\/es\\\/#organization\",\"name\":\"CDO Fitness\",\"alternateName\":\"Club deporte y ocio\",\"url\":\"https:\\\/\\\/cdo-fitness.com\\\/es\\\/\",\"logo\":{\"@type\":\"ImageObject\",\"inLanguage\":\"es\",\"@id\":\"https:\\\/\\\/cdo-fitness.com\\\/es\\\/#\\\/schema\\\/logo\\\/image\\\/\",\"url\":\"https:\\\/\\\/cdo-fitness.com\\\/wp-content\\\/uploads\\\/2025\\\/03\\\/cropped-\u00bfGestionamos-tu-centros-3.png\",\"contentUrl\":\"https:\\\/\\\/cdo-fitness.com\\\/wp-content\\\/uploads\\\/2025\\\/03\\\/cropped-\u00bfGestionamos-tu-centros-3.png\",\"width\":661,\"height\":284,\"caption\":\"CDO Fitness\"},\"image\":{\"@id\":\"https:\\\/\\\/cdo-fitness.com\\\/es\\\/#\\\/schema\\\/logo\\\/image\\\/\"},\"sameAs\":[\"https:\\\/\\\/www.instagram.com\\\/cdo.fitness\\\/\"]}]}<\/script>\n<!-- \/ Yoast SEO plugin. -->","yoast_head_json":{"title":"CDO Loja - Cursos de nataci\u00f3n temporada 2025-26 - cdo","robots":{"index":"index","follow":"follow","max-snippet":"max-snippet:-1","max-image-preview":"max-image-preview:large","max-video-preview":"max-video-preview:-1"},"canonical":"https:\/\/cdo-fitness.com\/es\/cdo-loja-cursos-de-natacion-temporada-2025-26\/","og_locale":"es_ES","og_type":"article","og_title":"CDO Loja - Cursos de nataci\u00f3n temporada 2025-26 - cdo","og_description":"Cursos de nataci\u00f3n 2025-26 CDO Loja (Granada) &nbsp; Porque cada nadador y nadadora disfruta a su ritmo, en CDO Loja ... Leer m\u00e1s","og_url":"https:\/\/cdo-fitness.com\/es\/cdo-loja-cursos-de-natacion-temporada-2025-26\/","og_site_name":"cdo","article_modified_time":"2025-08-07T09:14:56+00:00","og_image":[{"width":662,"height":404,"url":"https:\/\/cdo-fitness.com\/wp-content\/uploads\/2025\/03\/\u00bfGestionamos-tu-centros-3.png","type":"image\/png"}],"twitter_card":"summary_large_image","twitter_misc":{"Tiempo de lectura":"3 minutos"},"schema":{"@context":"https:\/\/schema.org","@graph":[{"@type":"WebPage","@id":"https:\/\/cdo-fitness.com\/es\/cdo-loja-cursos-de-natacion-temporada-2025-26\/","url":"https:\/\/cdo-fitness.com\/es\/cdo-loja-cursos-de-natacion-temporada-2025-26\/","name":"CDO Loja - Cursos de nataci\u00f3n temporada 2025-26 - cdo","isPartOf":{"@id":"https:\/\/cdo-fitness.com\/es\/#website"},"datePublished":"2025-06-13T11:32:27+00:00","dateModified":"2025-08-07T09:14:56+00:00","breadcrumb":{"@id":"https:\/\/cdo-fitness.com\/es\/cdo-loja-cursos-de-natacion-temporada-2025-26\/#breadcrumb"},"inLanguage":"es","potentialAction":[{"@type":"ReadAction","target":["https:\/\/cdo-fitness.com\/es\/cdo-loja-cursos-de-natacion-temporada-2025-26\/"]}]},{"@type":"BreadcrumbList","@id":"https:\/\/cdo-fitness.com\/es\/cdo-loja-cursos-de-natacion-temporada-2025-26\/#breadcrumb","itemListElement":[{"@type":"ListItem","position":1,"name":"Portada","item":"https:\/\/cdo-fitness.com\/es\/"},{"@type":"ListItem","position":2,"name":"CDO Loja &#8211; Cursos de nataci\u00f3n temporada 2025-26"}]},{"@type":"WebSite","@id":"https:\/\/cdo-fitness.com\/es\/#website","url":"https:\/\/cdo-fitness.com\/es\/","name":"CDO Fitness","description":"Club de Deporte y Ocio","publisher":{"@id":"https:\/\/cdo-fitness.com\/es\/#organization"},"alternateName":"Gimnasios CDO","potentialAction":[{"@type":"SearchAction","target":{"@type":"EntryPoint","urlTemplate":"https:\/\/cdo-fitness.com\/es\/?s={search_term_string}"},"query-input":{"@type":"PropertyValueSpecification","valueRequired":true,"valueName":"search_term_string"}}],"inLanguage":"es"},{"@type":"Organization","@id":"https:\/\/cdo-fitness.com\/es\/#organization","name":"CDO Fitness","alternateName":"Club deporte y ocio","url":"https:\/\/cdo-fitness.com\/es\/","logo":{"@type":"ImageObject","inLanguage":"es","@id":"https:\/\/cdo-fitness.com\/es\/#\/schema\/logo\/image\/","url":"https:\/\/cdo-fitness.com\/wp-content\/uploads\/2025\/03\/cropped-\u00bfGestionamos-tu-centros-3.png","contentUrl":"https:\/\/cdo-fitness.com\/wp-content\/uploads\/2025\/03\/cropped-\u00bfGestionamos-tu-centros-3.png","width":661,"height":284,"caption":"CDO Fitness"},"image":{"@id":"https:\/\/cdo-fitness.com\/es\/#\/schema\/logo\/image\/"},"sameAs":["https:\/\/www.instagram.com\/cdo.fitness\/"]}]}},"_links":{"self":[{"href":"https:\/\/cdo-fitness.com\/es\/wp-json\/wp\/v2\/pages\/15098","targetHints":{"allow":["GET"]}}],"collection":[{"href":"https:\/\/cdo-fitness.com\/es\/wp-json\/wp\/v2\/pages"}],"about":[{"href":"https:\/\/cdo-fitness.com\/es\/wp-json\/wp\/v2\/types\/page"}],"author":[{"embeddable":true,"href":"https:\/\/cdo-fitness.com\/es\/wp-json\/wp\/v2\/users\/2"}],"replies":[{"embeddable":true,"href":"https:\/\/cdo-fitness.com\/es\/wp-json\/wp\/v2\/comments?post=15098"}],"version-history":[{"count":11,"href":"https:\/\/cdo-fitness.com\/es\/wp-json\/wp\/v2\/pages\/15098\/revisions"}],"predecessor-version":[{"id":15867,"href":"https:\/\/cdo-fitness.com\/es\/wp-json\/wp\/v2\/pages\/15098\/revisions\/15867"}],"wp:attachment":[{"href":"https:\/\/cdo-fitness.com\/es\/wp-json\/wp\/v2\/media?parent=15098"}],"wp:term":[{"taxonomy":"category","embeddable":true,"href":"https:\/\/cdo-fitness.com\/es\/wp-json\/wp\/v2\/categories?post=15098"},{"taxonomy":"post_tag","embeddable":true,"href":"https:\/\/cdo-fitness.com\/es\/wp-json\/wp\/v2\/tags?post=15098"}],"curies":[{"name":"wp","href":"https:\/\/api.w.org\/{rel}","templated":true}]}}