{"id":14553,"date":"2025-05-23T12:16:25","date_gmt":"2025-05-23T12:16:25","guid":{"rendered":"https:\/\/cdo-fitness.com\/?page_id=14553"},"modified":"2025-05-26T10:39:16","modified_gmt":"2025-05-26T10:39:16","slug":"cdo-puerto-cursos-de-natacion","status":"publish","type":"page","link":"https:\/\/cdo-fitness.com\/es\/cdo-puerto-cursos-de-natacion\/","title":{"rendered":"CDO Puerto &#8211; Cursos de nataci\u00f3n"},"content":{"rendered":"<div id=\"pl-14553\"  class=\"panel-layout\" ><div id=\"pg-14553-0\"  class=\"panel-grid panel-no-style\" ><div id=\"pgc-14553-0-0\"  class=\"panel-grid-cell\" ><div id=\"panel-14553-0-0-0\" class=\"so-panel widget widget_sow-headline panel-first-child panel-last-child\" data-index=\"0\" ><div\n\t\t\t\n\t\t\tclass=\"so-widget-sow-headline so-widget-sow-headline-default-54d39f21dd80-14553\"\n\t\t\t\n\t\t><div class=\"sow-headline-container \">\n\t\t\t\t\t\t\t<h2 class=\"sow-headline\">\n\t\t\t\t\t\tCursos de nataci\u00f3n\t\t\t\t\t\t<\/h2>\n\t\t\t\t\t\t\t\t\t\t\t<div class=\"decoration\">\n\t\t\t\t\t\t<div class=\"decoration-inside\"><\/div>\n\t\t\t\t\t<\/div>\n\t\t\t\t\t\t\t\t\t\t\t<p class=\"sow-sub-headline\">\n\t\t\t\t\t\tCDO Puerto del Rosario (Fuerteventura, Las Palmas)\t\t\t\t\t\t<\/p>\n\t\t\t\t\t\t<\/div>\n<\/div><\/div><\/div><\/div><div id=\"pg-14553-1\"  class=\"panel-grid panel-has-style\" ><div class=\"panel-row-style panel-row-style-for-14553-1\" ><div id=\"pgc-14553-1-0\"  class=\"panel-grid-cell\" ><div id=\"panel-14553-1-0-0\" class=\"so-panel widget widget_sow-image panel-first-child panel-last-child\" data-index=\"1\" ><div\n\t\t\t\n\t\t\tclass=\"so-widget-sow-image so-widget-sow-image-default-a258e6bfa2d8-14553\"\n\t\t\t\n\t\t>\n<div class=\"sow-image-container\">\n\t\t<img \n\tsrc=\"https:\/\/cdo-fitness.com\/wp-content\/uploads\/2025\/05\/gruposninospiscinaPULPO-ultima.jpg\" width=\"2560\" height=\"1175\" srcset=\"https:\/\/cdo-fitness.com\/wp-content\/uploads\/2025\/05\/gruposninospiscinaPULPO-ultima.jpg 2560w, https:\/\/cdo-fitness.com\/wp-content\/uploads\/2025\/05\/gruposninospiscinaPULPO-ultima-300x138.jpg 300w, https:\/\/cdo-fitness.com\/wp-content\/uploads\/2025\/05\/gruposninospiscinaPULPO-ultima-1024x470.jpg 1024w, https:\/\/cdo-fitness.com\/wp-content\/uploads\/2025\/05\/gruposninospiscinaPULPO-ultima-768x353.jpg 768w, https:\/\/cdo-fitness.com\/wp-content\/uploads\/2025\/05\/gruposninospiscinaPULPO-ultima-1536x705.jpg 1536w, https:\/\/cdo-fitness.com\/wp-content\/uploads\/2025\/05\/gruposninospiscinaPULPO-ultima-2048x940.jpg 2048w\" sizes=\"(max-width: 2560px) 100vw, 2560px\" title=\"Un grupo de ni\u00f1os aprendiendo a nadar en una piscina CDO\" alt=\"Grupo de ni\u00f1os en un curso de nataci\u00f3n de CDO\" \t\tclass=\"so-widget-image\"\/>\n\t<\/div>\n\n<\/div><\/div><\/div><\/div><\/div><div id=\"pg-14553-2\"  class=\"panel-grid panel-no-style\" ><div id=\"pgc-14553-2-0\"  class=\"panel-grid-cell\" ><div id=\"panel-14553-2-0-0\" class=\"so-panel widget widget_sow-editor panel-first-child\" data-index=\"2\" ><div\n\t\t\t\n\t\t\tclass=\"so-widget-sow-editor so-widget-sow-editor-base\"\n\t\t\t\n\t\t>\n<div class=\"siteorigin-widget-tinymce textwidget\">\n\t<p>&nbsp;<\/p>\n<h3 data-start=\"824\" data-end=\"1114\"><span class=\"Y2IQFc\" lang=\"es\">En CDO Puerto te ofrecemos cursillos de nataci\u00f3n para todas las edades durante todo el a\u00f1o, para que nade quien nade, \u00a1todo el mundo tenga lugar!<\/span> \ud83c\udfca\u200d\u2640\ufe0f\ud83c\udfca\u200d\u2642\ufe0f<\/h3>\n<p class=\"\" data-start=\"1116\" data-end=\"1287\"><span class=\"Y2IQFc\" lang=\"es\">\ud83d\udcc5 Aqu\u00ed encontrar\u00e1s toda la informaci\u00f3n para inscribirte en los Cursos de Nataci\u00f3n<br \/>\n\ud83d\udd52 Puedes empezar el curso en cualquier momento<br \/>\n<\/span><span class=\"Y2IQFc\" lang=\"es\">\ud83c\udfaf \u00a1Plazas limitadas! No te quedes fuera \u2014\u00a1Ap\u00fantate lo antes posible!\u00a0<\/span><\/p>\n<p id=\"tw-target-text\" class=\"tw-data-text tw-text-large tw-ta\" dir=\"ltr\" data-placeholder=\"Traducci\u00f3n\" data-ved=\"2ahUKEwjRsanYt7KNAxVMRaQEHfnFEJIQ3ewLegQICRAV\" aria-label=\"Texto traducido: En el CMES CDO Deportivo La Piscina te ofrecemos cursillos de nataci\u00f3n para todas las edades, desde los 6 meses hasta adultos, para que nade quien nade, \u00a1todo el mundo tiene lugar! \ud83c\udfca\u200d\u2640\ufe0f\ud83c\udfca\u200d\u2642\ufe0f \ud83d\udcc5 Aqu\u00ed encontrar\u00e1s toda la informaci\u00f3n para inscribirte en los Cursets de Nataci\u00f3 2025-2026. \ud83c\udfaf \u00a1Plazas limitadas! No te quedes fuera \u2014\u00a1ap\u00fantate lo antes posible! Grupos y horarios Inicio del curso 1 de octubre de 2025 y finalizaci\u00f3n 19 de junio de 2026. Las sesiones seguir\u00e1n el calendario escolar. El seguimiento de los progresos de sus hijos e hijas podr\u00e1 hacerlo durante las semanas de \u201cgradas abiertas\u201d durante el curso.\">\n<p>&nbsp;<\/p>\n<\/div>\n<\/div><\/div><div id=\"panel-14553-2-0-1\" class=\"so-panel widget widget_sow-editor\" data-index=\"3\" ><div\n\t\t\t\n\t\t\tclass=\"so-widget-sow-editor so-widget-sow-editor-base\"\n\t\t\t\n\t\t>\n<div class=\"siteorigin-widget-tinymce textwidget\">\n\t<h2>Grupos y horarios<\/h2>\n<\/div>\n<\/div><\/div><div id=\"panel-14553-2-0-2\" class=\"so-panel widget widget_sow-accordion\" data-index=\"4\" ><div\n\t\t\t\n\t\t\tclass=\"so-widget-sow-accordion so-widget-sow-accordion-default-770d9ed87901-14553\"\n\t\t\t\n\t\t><div>\n\t<div class=\"sow-accordion\">\n\t\t\t<div class=\"sow-accordion-panel\n\t\t\t\t\t\"\n\t\t\t\tdata-anchor-id=\"cursos-de-natacion\">\n\t\t\t\t\t<div class=\"sow-accordion-panel-header-container\" role=\"heading\" aria-level=\"2\">\n\t\t\t\t\t<div class=\"sow-accordion-panel-header\" tabindex=\"0\" role=\"button\" id=\"accordion-label-cursos-de-nataci%c3%b3n\" aria-controls=\"accordion-content-cursos-de-nataci%c3%b3n\" aria-expanded=\"false\">\n\t\t\t\t\t\t<div class=\"sow-accordion-title sow-accordion-title-icon-left\">\n\t\t\t\t\t\t\t\t\t\t\t\t\t\tCursos de nataci\u00f3n\t\t\t\t\t\t\t\t\t\t\t\t\t<\/div>\n\t\t\t\t\t\t<div class=\"sow-accordion-open-close-button\">\n\t\t\t\t\t\t\t<div class=\"sow-accordion-open-button\">\n\t\t\t\t\t\t\t\t<span class=\"sow-icon-ionicons\" data-sow-icon=\"&#xf218;\"\n\t\t \n\t\taria-hidden=\"true\"><\/span>\t\t\t\t\t\t\t<\/div>\n\t\t\t\t\t\t\t<div class=\"sow-accordion-close-button\">\n\t\t\t\t\t\t\t\t<span class=\"sow-icon-ionicons\" data-sow-icon=\"&#xf209;\"\n\t\t \n\t\taria-hidden=\"true\"><\/span>\t\t\t\t\t\t\t<\/div>\n\t\t\t\t\t\t<\/div>\n\t\t\t\t\t<\/div>\n\t\t\t\t<\/div>\n\n\t\t\t<div\n\t\t\t\tclass=\"sow-accordion-panel-content\"\n\t\t\t\trole=\"region\"\n\t\t\t\taria-labelledby=\"accordion-label-cursos-de-nataci%c3%b3n\"\n\t\t\t\tid=\"accordion-content-cursos-de-nataci%c3%b3n\"\n\t\t\t\tstyle=\"display: none;\"\t\t\t>\n\t\t\t\t<div class=\"sow-accordion-panel-border\">\n\t\t\t\t\t<table border=\"1\">\n  <thead>\n    <tr>\n      <th>Nivel<\/th>\n      <th>D\u00eda<\/th>\n      <th>Hora<\/th>\n    <\/tr>\n  <\/thead>\n  <tbody>\n    <tr><td>Beb\u00e9s<\/td><td>Lunes a Viernes<\/td><td>10:45 - 11:30<\/td><\/tr>\n    <tr><td>Beb\u00e9s<\/td><td>Martes y Jueves<\/td><td>12:15 - 13:00<\/td><\/tr>\n    <tr><td>Beb\u00e9s<\/td><td>Lunes a Viernes<\/td><td>17:00 - 17:45<\/td><\/tr>\n    <tr><td>Beb\u00e9s<\/td><td>Lunes a Viernes<\/td><td>17:30 - 18:15<\/td><\/tr>\n    <tr><td>Adultos<\/td><td>Lunes a Viernes<\/td><td>6:15 - 07:00<\/td><\/tr>\n    <tr><td>Adultos<\/td><td>Lunes a Viernes<\/td><td>7:00 - 07:45<\/td><\/tr>\n    <tr><td>Adultos<\/td><td>Lunes a Viernes<\/td><td>7:45 - 08:30<\/td><\/tr>\n    <tr><td>Adultos<\/td><td>Lunes a Viernes<\/td><td>8:30 - 09:15<\/td><\/tr>\n    <tr><td>Adultos<\/td><td>Lunes a Viernes<\/td><td>9:15 - 10:00<\/td><\/tr>\n    <tr><td>Adultos<\/td><td>Lunes a Viernes<\/td><td>10:00 - 10:45<\/td><\/tr>\n    <tr><td>Adultos<\/td><td>Lunes a Viernes<\/td><td>11:30 - 12:15<\/td><\/tr>\n    <tr><td>Adultos<\/td><td>Lunes a Viernes<\/td><td>13:00 - 13:45<\/td><\/tr>\n    <tr><td>Adultos<\/td><td>Lunes a Viernes<\/td><td>13:45 - 14:30<\/td><\/tr>\n    <tr><td>Adultos<\/td><td>Lunes a Viernes<\/td><td>14:30 - 15:15<\/td><\/tr>\n    <tr><td>Adultos<\/td><td>Lunes a Viernes<\/td><td>19:00 - 19:45<\/td><\/tr>\n    <tr><td>Adultos<\/td><td>Lunes a Viernes<\/td><td>19:45 - 20:30<\/td><\/tr>\n    <tr><td>Adultos<\/td><td>Lunes a Viernes<\/td><td>20:30 - 21:15<\/td><\/tr>\n    <tr><td>Terap\u00e9utica<\/td><td>Lunes a Viernes<\/td><td>9:15 - 10:00<\/td><\/tr>\n    <tr><td>Terap\u00e9utica<\/td><td>Lunes a Viernes<\/td><td>10:45 - 11:30<\/td><\/tr>\n    <tr><td>Terap\u00e9utica<\/td><td>Lunes a Viernes<\/td><td>12:15 - 13:00<\/td><\/tr>\n    <tr><td>Terap\u00e9utica<\/td><td>Lunes a Viernes<\/td><td>19:45 - 20:30<\/td><\/tr>\n  <\/tbody>\n<\/table>\n\t\t\t\t<\/div>\n\t\t\t<\/div>\n\t\t<\/div>\n\t\t\t<div class=\"sow-accordion-panel\n\t\t\t\t\t\"\n\t\t\t\tdata-anchor-id=\"natacion-infantil\">\n\t\t\t\t\t<div class=\"sow-accordion-panel-header-container\" role=\"heading\" aria-level=\"2\">\n\t\t\t\t\t<div class=\"sow-accordion-panel-header\" tabindex=\"0\" role=\"button\" id=\"accordion-label-nataci%c3%b3n-infantil\" aria-controls=\"accordion-content-nataci%c3%b3n-infantil\" aria-expanded=\"false\">\n\t\t\t\t\t\t<div class=\"sow-accordion-title sow-accordion-title-icon-left\">\n\t\t\t\t\t\t\t\t\t\t\t\t\t\tNataci\u00f3n infantil\t\t\t\t\t\t\t\t\t\t\t\t\t<\/div>\n\t\t\t\t\t\t<div class=\"sow-accordion-open-close-button\">\n\t\t\t\t\t\t\t<div class=\"sow-accordion-open-button\">\n\t\t\t\t\t\t\t\t<span class=\"sow-icon-ionicons\" data-sow-icon=\"&#xf218;\"\n\t\t \n\t\taria-hidden=\"true\"><\/span>\t\t\t\t\t\t\t<\/div>\n\t\t\t\t\t\t\t<div class=\"sow-accordion-close-button\">\n\t\t\t\t\t\t\t\t<span class=\"sow-icon-ionicons\" data-sow-icon=\"&#xf209;\"\n\t\t \n\t\taria-hidden=\"true\"><\/span>\t\t\t\t\t\t\t<\/div>\n\t\t\t\t\t\t<\/div>\n\t\t\t\t\t<\/div>\n\t\t\t\t<\/div>\n\n\t\t\t<div\n\t\t\t\tclass=\"sow-accordion-panel-content\"\n\t\t\t\trole=\"region\"\n\t\t\t\taria-labelledby=\"accordion-label-nataci%c3%b3n-infantil\"\n\t\t\t\tid=\"accordion-content-nataci%c3%b3n-infantil\"\n\t\t\t\tstyle=\"display: none;\"\t\t\t>\n\t\t\t\t<div class=\"sow-accordion-panel-border\">\n\t\t\t\t\t<table border=\"1\">\n  <thead>\n    <tr>\n      <th>Nivel<\/th>\n      <th>D\u00eda<\/th>\n      <th>Hora<\/th>\n    <\/tr>\n  <\/thead>\n  <tbody>\n    <tr><td>Grupos 0 y 1<\/td><td>Lunes a Viernes<\/td><td>15:00 - 15:45<\/td><\/tr>\n    <tr><td>Grupos 0 y 1<\/td><td>Lunes a Viernes<\/td><td>16:00 - 16:45<\/td><\/tr>\n    <tr><td>Grupos 0 y 1<\/td><td>Lunes a Viernes<\/td><td>17:00 - 17:45<\/td><\/tr>\n    <tr><td>Grupos 0 y 1<\/td><td>Lunes a Viernes<\/td><td>18:00 - 18:45<\/td><\/tr>\n    <tr><td>Grupos 2, 3 y 4<\/td><td>Lunes a Viernes<\/td><td>15:15 - 16:00<\/td><\/tr>\n    <tr><td>Grupos 2, 3 y 4<\/td><td>Lunes a Viernes<\/td><td>16:15 - 17:00<\/td><\/tr>\n    <tr><td>Grupos 2, 3 y 4<\/td><td>Lunes a Viernes<\/td><td>17:15 - 18:00<\/td><\/tr>\n    <tr><td>Grupos 2, 3 y 4<\/td><td>Lunes a Viernes<\/td><td>18:15 - 19:00<\/td><\/tr>\n    <tr><td>Grupo 5<\/td><td>Lunes a Viernes<\/td><td>15:30 - 16:15<\/td><\/tr>\n    <tr><td>Grupo 5<\/td><td>Lunes a Viernes<\/td><td>16:30 - 17:15<\/td><\/tr>\n    <tr><td>Grupo 5<\/td><td>Lunes a Viernes<\/td><td>17:30 - 18:15<\/td><\/tr>\n    <tr><td>Grupo 5<\/td><td>Lunes a Viernes<\/td><td>18:30 - 19:15<\/td><\/tr>\n  <\/tbody>\n<\/table>\n\t\t\t\t<\/div>\n\t\t\t<\/div>\n\t\t<\/div>\n\t\t<\/div>\n<\/div>\n<\/div><\/div><div id=\"panel-14553-2-0-3\" class=\"so-panel widget widget_sow-editor panel-last-child\" data-index=\"5\" ><div\n\t\t\t\n\t\t\tclass=\"so-widget-sow-editor so-widget-sow-editor-base\"\n\t\t\t\n\t\t>\n<div class=\"siteorigin-widget-tinymce textwidget\">\n\t<p><b>DOCUMENTACI\u00d3N NECESARIA: <\/b><\/p>\n<ul>\n<li>DNI<\/li>\n<li>Cuenta bancaria<\/li>\n<li>Prueba de nivel: Para nuevos cursillistas, se solicita en recepci\u00f3n y se les asigna una cita (se realizan un s\u00e1bado al mes). Tras la prueba, se les asigna al grupo correspondiente o se les pone en lista de espera si est\u00e1 completo.<\/li>\n<\/ul>\n<\/div>\n<\/div><\/div><\/div><\/div><div id=\"pg-14553-3\"  class=\"panel-grid panel-no-style\" ><div id=\"pgc-14553-3-0\"  class=\"panel-grid-cell\" ><div id=\"panel-14553-3-0-0\" class=\"so-panel widget widget_sow-image panel-first-child\" data-index=\"6\" ><div\n\t\t\t\n\t\t\tclass=\"so-widget-sow-image so-widget-sow-image-default-c67d20f9f743-14553\"\n\t\t\t\n\t\t>\n<div class=\"sow-image-container\">\n\t\t<img \n\tsrc=\"https:\/\/cdo-fitness.com\/wp-content\/uploads\/2025\/05\/imagen-8.png\" width=\"695\" height=\"156\" sizes=\"(max-width: 695px) 100vw, 695px\" title=\"Gorros de niveles nataci\u00f3n CDO\" alt=\"Gorros de niveles nataci\u00f3n CDO\" \t\tclass=\"so-widget-image\"\/>\n\t<\/div>\n\n<\/div><\/div><div id=\"panel-14553-3-0-1\" class=\"so-panel widget widget_sow-editor panel-last-child\" data-index=\"7\" ><div\n\t\t\t\n\t\t\tclass=\"so-widget-sow-editor so-widget-sow-editor-base\"\n\t\t\t\n\t\t>\n<div class=\"siteorigin-widget-tinymce textwidget\">\n\t<h2>Tarifas<\/h2>\n<\/div>\n<\/div><\/div><\/div><\/div><div id=\"pg-14553-4\"  class=\"panel-grid panel-no-style\" ><div id=\"pgc-14553-4-0\"  class=\"panel-grid-cell\" ><div id=\"panel-14553-4-0-0\" class=\"so-panel widget widget_sow-editor panel-first-child panel-last-child\" data-index=\"8\" ><div\n\t\t\t\n\t\t\tclass=\"so-widget-sow-editor so-widget-sow-editor-base\"\n\t\t\t\n\t\t>\n<div class=\"siteorigin-widget-tinymce textwidget\">\n\t<p>En el momento de la inscripci\u00f3n se debe abonar la matr\u00edcula (11.85\u20ac) , tarjeta de acceso (4\u20ac) y cuota mensual (o parte proporcional del mes).<\/p>\n<p>Los cursos de 2 d\u00edas a la semana se realizan los martes y jueves y los de 3 d\u00edas a la semana, lunes, mi\u00e9rcoles y viernes.<\/p>\n<table border=\"1\">\n<thead>\n<tr>\n<th>Cliente<\/th>\n<th>Frecuencia<\/th>\n<th>Tarifa<\/th>\n<\/tr>\n<\/thead>\n<tbody>\n<tr>\n<td>Abonado<\/td>\n<td>2 d\u00edas \/ semana<\/td>\n<td>8,75 \u20ac<\/td>\n<\/tr>\n<tr>\n<td>Abonado<\/td>\n<td>3 d\u00edas \/ semana<\/td>\n<td>11,75 \u20ac<\/td>\n<\/tr>\n<tr>\n<td>General<\/td>\n<td>2 d\u00edas \/ semana<\/td>\n<td>24,90 \u20ac<\/td>\n<\/tr>\n<tr>\n<td>General<\/td>\n<td>3 d\u00edas \/ semana<\/td>\n<td>37,35 \u20ac<\/td>\n<\/tr>\n<tr>\n<td>Pensionista\/discapacitado<\/td>\n<td>2 d\u00edas \/ semana<\/td>\n<td>17,75 \u20ac<\/td>\n<\/tr>\n<tr>\n<td>Pensionista\/discapacitado<\/td>\n<td>3 d\u00edas \/ semana<\/td>\n<td>26,50 \u20ac<\/td>\n<\/tr>\n<tr>\n<td>Infantil \/ Joven<\/td>\n<td>2 d\u00edas \/ semana<\/td>\n<td>21,30 \u20ac<\/td>\n<\/tr>\n<tr>\n<td>Infantil \/ Joven<\/td>\n<td>3 d\u00edas \/ semana<\/td>\n<td>32,00 \u20ac<\/td>\n<\/tr>\n<\/tbody>\n<\/table>\n<\/div>\n<\/div><\/div><\/div><\/div><div id=\"pg-14553-5\"  class=\"panel-grid panel-no-style\" ><div id=\"pgc-14553-5-0\"  class=\"panel-grid-cell\" ><div id=\"panel-14553-5-0-0\" class=\"so-panel widget widget_sow-editor panel-first-child\" data-index=\"9\" ><div\n\t\t\t\n\t\t\tclass=\"so-widget-sow-editor so-widget-sow-editor-base\"\n\t\t\t\n\t\t>\n<div class=\"siteorigin-widget-tinymce textwidget\">\n\t<h2>Fechas de inscripci\u00f3n<\/h2>\n<\/div>\n<\/div><\/div><div id=\"panel-14553-5-0-1\" class=\"so-panel widget widget_sow-editor panel-last-child\" data-index=\"10\" ><div\n\t\t\t\n\t\t\tclass=\"so-widget-sow-editor so-widget-sow-editor-base\"\n\t\t\t\n\t\t>\n<div class=\"siteorigin-widget-tinymce textwidget\">\n\t<p><strong>\u00a1Durante todo el a\u00f1o!<\/strong><\/p>\n<p>Con los cursos de nataci\u00f3n de CDO Puerto, cualquier momento del a\u00f1o es bueno para empezar.<\/p>\n<p>Ac\u00e9rcate al centro y ap\u00fantate en el horario que m\u00e1s te convenga. \u00a1Tenemos una amplia oferta de horarios y niveles!<\/p>\n<p>Esta vez, no hay excusa para incorporar la nataci\u00f3n a tu rutina deportiva, sea cual sea tu edad y tu nivel.<\/p>\n<p><strong>\u00a1Te esperamos!<\/strong><\/p>\n<\/div>\n<\/div><\/div><\/div><div id=\"pgc-14553-5-1\"  class=\"panel-grid-cell\" ><div id=\"panel-14553-5-1-0\" class=\"so-panel widget widget_sow-editor panel-first-child panel-last-child\" data-index=\"11\" ><div\n\t\t\t\n\t\t\tclass=\"so-widget-sow-editor so-widget-sow-editor-base\"\n\t\t\t\n\t\t><h3 class=\"widget-title\">\u00bfQuieres m\u00e1s informaci\u00f3n? Escr\u00edbenos y te llamaremos lo antes posible<\/h3>\n<div class=\"siteorigin-widget-tinymce textwidget\">\n\t<div class=\"siteorigin-widget-tinymce textwidget\">\n<div class=\"siteorigin-widget-tinymce textwidget\"><script charset=\"utf-8\" type=\"text\/javascript\" src=\"\/\/js-eu1.hsforms.net\/forms\/embed\/v2.js\"><\/script><br \/><script>\n  hbspt.forms.create({\n    portalId: \"25905303\",\n    formId: \"a7a0cbcc-c692-48c9-ba5c-87537775c5b4\",\n    region: \"eu1\"\n  });\n<\/script><\/div>\n<\/div>\n<\/div>\n<\/div><\/div><\/div><\/div><\/div>","protected":false},"excerpt":{"rendered":"<p>Cursos de nataci\u00f3n CDO Puerto del Rosario (Fuerteventura, Las Palmas) &nbsp; En CDO Puerto te ofrecemos cursillos de nataci\u00f3n para &#8230; <a title=\"CDO Puerto &#8211; Cursos de nataci\u00f3n\" class=\"read-more\" href=\"https:\/\/cdo-fitness.com\/es\/cdo-puerto-cursos-de-natacion\/\" aria-label=\"M\u00e1s en CDO Puerto &#8211; Cursos de nataci\u00f3n\">Leer m\u00e1s<\/a><\/p>\n","protected":false},"author":2,"featured_media":0,"parent":0,"menu_order":0,"comment_status":"closed","ping_status":"closed","template":"","meta":{"_acf_changed":false,"content-type":"","footnotes":""},"categories":[],"tags":[104],"class_list":{"0":"post-14553","1":"page","2":"type-page","3":"status-publish","5":"tag-landing"},"acf":[],"yoast_head":"<!-- This site is optimized with the Yoast SEO plugin v27.5 - https:\/\/yoast.com\/product\/yoast-seo-wordpress\/ -->\n<title>CDO Puerto - Cursos de nataci\u00f3n - cdo<\/title>\n<meta name=\"description\" content=\"En CDO Puerto te ofrecemos cursillos de nataci\u00f3n para todas las edades durante todo el a\u00f1o, para que nade quien nade, \u00a1todo el mundo tenga lugar! \ud83c\udfca\u200d\u2640\ufe0f\ud83c\udfca\u200d\u2642\ufe0f\" \/>\n<meta name=\"robots\" content=\"index, follow, max-snippet:-1, max-image-preview:large, max-video-preview:-1\" \/>\n<link rel=\"canonical\" href=\"https:\/\/cdo-fitness.com\/es\/cdo-puerto-cursos-de-natacion\/\" \/>\n<meta property=\"og:locale\" content=\"es_ES\" \/>\n<meta property=\"og:type\" content=\"article\" \/>\n<meta property=\"og:title\" content=\"CDO Puerto - Cursos de nataci\u00f3n - cdo\" \/>\n<meta property=\"og:description\" content=\"En CDO Puerto te ofrecemos cursillos de nataci\u00f3n para todas las edades durante todo el a\u00f1o, para que nade quien nade, \u00a1todo el mundo tenga lugar! \ud83c\udfca\u200d\u2640\ufe0f\ud83c\udfca\u200d\u2642\ufe0f\" \/>\n<meta property=\"og:url\" content=\"https:\/\/cdo-fitness.com\/es\/cdo-puerto-cursos-de-natacion\/\" \/>\n<meta property=\"og:site_name\" content=\"cdo\" \/>\n<meta property=\"article:modified_time\" content=\"2025-05-26T10:39:16+00:00\" \/>\n<meta property=\"og:image\" content=\"https:\/\/cdo-fitness.com\/wp-content\/uploads\/2025\/03\/\u00bfGestionamos-tu-centros-3.png\" \/>\n\t<meta property=\"og:image:width\" content=\"662\" \/>\n\t<meta property=\"og:image:height\" content=\"404\" \/>\n\t<meta property=\"og:image:type\" content=\"image\/png\" \/>\n<meta name=\"twitter:card\" content=\"summary_large_image\" \/>\n<meta name=\"twitter:label1\" content=\"Tiempo de lectura\" \/>\n\t<meta name=\"twitter:data1\" content=\"3 minutos\" \/>\n<script type=\"application\/ld+json\" class=\"yoast-schema-graph\">{\"@context\":\"https:\\\/\\\/schema.org\",\"@graph\":[{\"@type\":\"WebPage\",\"@id\":\"https:\\\/\\\/cdo-fitness.com\\\/es\\\/cdo-puerto-cursos-de-natacion\\\/\",\"url\":\"https:\\\/\\\/cdo-fitness.com\\\/es\\\/cdo-puerto-cursos-de-natacion\\\/\",\"name\":\"CDO Puerto - Cursos de nataci\u00f3n - cdo\",\"isPartOf\":{\"@id\":\"https:\\\/\\\/cdo-fitness.com\\\/es\\\/#website\"},\"datePublished\":\"2025-05-23T12:16:25+00:00\",\"dateModified\":\"2025-05-26T10:39:16+00:00\",\"description\":\"En CDO Puerto te ofrecemos cursillos de nataci\u00f3n para todas las edades durante todo el a\u00f1o, para que nade quien nade, \u00a1todo el mundo tenga lugar! \ud83c\udfca\u200d\u2640\ufe0f\ud83c\udfca\u200d\u2642\ufe0f\",\"breadcrumb\":{\"@id\":\"https:\\\/\\\/cdo-fitness.com\\\/es\\\/cdo-puerto-cursos-de-natacion\\\/#breadcrumb\"},\"inLanguage\":\"es\",\"potentialAction\":[{\"@type\":\"ReadAction\",\"target\":[\"https:\\\/\\\/cdo-fitness.com\\\/es\\\/cdo-puerto-cursos-de-natacion\\\/\"]}]},{\"@type\":\"BreadcrumbList\",\"@id\":\"https:\\\/\\\/cdo-fitness.com\\\/es\\\/cdo-puerto-cursos-de-natacion\\\/#breadcrumb\",\"itemListElement\":[{\"@type\":\"ListItem\",\"position\":1,\"name\":\"Portada\",\"item\":\"https:\\\/\\\/cdo-fitness.com\\\/es\\\/\"},{\"@type\":\"ListItem\",\"position\":2,\"name\":\"CDO Puerto &#8211; Cursos de nataci\u00f3n\"}]},{\"@type\":\"WebSite\",\"@id\":\"https:\\\/\\\/cdo-fitness.com\\\/es\\\/#website\",\"url\":\"https:\\\/\\\/cdo-fitness.com\\\/es\\\/\",\"name\":\"CDO Fitness\",\"description\":\"Club de Deporte y Ocio\",\"publisher\":{\"@id\":\"https:\\\/\\\/cdo-fitness.com\\\/es\\\/#organization\"},\"alternateName\":\"Gimnasios CDO\",\"potentialAction\":[{\"@type\":\"SearchAction\",\"target\":{\"@type\":\"EntryPoint\",\"urlTemplate\":\"https:\\\/\\\/cdo-fitness.com\\\/es\\\/?s={search_term_string}\"},\"query-input\":{\"@type\":\"PropertyValueSpecification\",\"valueRequired\":true,\"valueName\":\"search_term_string\"}}],\"inLanguage\":\"es\"},{\"@type\":\"Organization\",\"@id\":\"https:\\\/\\\/cdo-fitness.com\\\/es\\\/#organization\",\"name\":\"CDO Fitness\",\"alternateName\":\"Club deporte y ocio\",\"url\":\"https:\\\/\\\/cdo-fitness.com\\\/es\\\/\",\"logo\":{\"@type\":\"ImageObject\",\"inLanguage\":\"es\",\"@id\":\"https:\\\/\\\/cdo-fitness.com\\\/es\\\/#\\\/schema\\\/logo\\\/image\\\/\",\"url\":\"https:\\\/\\\/cdo-fitness.com\\\/wp-content\\\/uploads\\\/2025\\\/03\\\/cropped-\u00bfGestionamos-tu-centros-3.png\",\"contentUrl\":\"https:\\\/\\\/cdo-fitness.com\\\/wp-content\\\/uploads\\\/2025\\\/03\\\/cropped-\u00bfGestionamos-tu-centros-3.png\",\"width\":661,\"height\":284,\"caption\":\"CDO Fitness\"},\"image\":{\"@id\":\"https:\\\/\\\/cdo-fitness.com\\\/es\\\/#\\\/schema\\\/logo\\\/image\\\/\"},\"sameAs\":[\"https:\\\/\\\/www.instagram.com\\\/cdo.fitness\\\/\"]}]}<\/script>\n<!-- \/ Yoast SEO plugin. -->","yoast_head_json":{"title":"CDO Puerto - Cursos de nataci\u00f3n - cdo","description":"En CDO Puerto te ofrecemos cursillos de nataci\u00f3n para todas las edades durante todo el a\u00f1o, para que nade quien nade, \u00a1todo el mundo tenga lugar! \ud83c\udfca\u200d\u2640\ufe0f\ud83c\udfca\u200d\u2642\ufe0f","robots":{"index":"index","follow":"follow","max-snippet":"max-snippet:-1","max-image-preview":"max-image-preview:large","max-video-preview":"max-video-preview:-1"},"canonical":"https:\/\/cdo-fitness.com\/es\/cdo-puerto-cursos-de-natacion\/","og_locale":"es_ES","og_type":"article","og_title":"CDO Puerto - Cursos de nataci\u00f3n - cdo","og_description":"En CDO Puerto te ofrecemos cursillos de nataci\u00f3n para todas las edades durante todo el a\u00f1o, para que nade quien nade, \u00a1todo el mundo tenga lugar! \ud83c\udfca\u200d\u2640\ufe0f\ud83c\udfca\u200d\u2642\ufe0f","og_url":"https:\/\/cdo-fitness.com\/es\/cdo-puerto-cursos-de-natacion\/","og_site_name":"cdo","article_modified_time":"2025-05-26T10:39:16+00:00","og_image":[{"width":662,"height":404,"url":"https:\/\/cdo-fitness.com\/wp-content\/uploads\/2025\/03\/\u00bfGestionamos-tu-centros-3.png","type":"image\/png"}],"twitter_card":"summary_large_image","twitter_misc":{"Tiempo de lectura":"3 minutos"},"schema":{"@context":"https:\/\/schema.org","@graph":[{"@type":"WebPage","@id":"https:\/\/cdo-fitness.com\/es\/cdo-puerto-cursos-de-natacion\/","url":"https:\/\/cdo-fitness.com\/es\/cdo-puerto-cursos-de-natacion\/","name":"CDO Puerto - Cursos de nataci\u00f3n - cdo","isPartOf":{"@id":"https:\/\/cdo-fitness.com\/es\/#website"},"datePublished":"2025-05-23T12:16:25+00:00","dateModified":"2025-05-26T10:39:16+00:00","description":"En CDO Puerto te ofrecemos cursillos de nataci\u00f3n para todas las edades durante todo el a\u00f1o, para que nade quien nade, \u00a1todo el mundo tenga lugar! \ud83c\udfca\u200d\u2640\ufe0f\ud83c\udfca\u200d\u2642\ufe0f","breadcrumb":{"@id":"https:\/\/cdo-fitness.com\/es\/cdo-puerto-cursos-de-natacion\/#breadcrumb"},"inLanguage":"es","potentialAction":[{"@type":"ReadAction","target":["https:\/\/cdo-fitness.com\/es\/cdo-puerto-cursos-de-natacion\/"]}]},{"@type":"BreadcrumbList","@id":"https:\/\/cdo-fitness.com\/es\/cdo-puerto-cursos-de-natacion\/#breadcrumb","itemListElement":[{"@type":"ListItem","position":1,"name":"Portada","item":"https:\/\/cdo-fitness.com\/es\/"},{"@type":"ListItem","position":2,"name":"CDO Puerto &#8211; Cursos de nataci\u00f3n"}]},{"@type":"WebSite","@id":"https:\/\/cdo-fitness.com\/es\/#website","url":"https:\/\/cdo-fitness.com\/es\/","name":"CDO Fitness","description":"Club de Deporte y Ocio","publisher":{"@id":"https:\/\/cdo-fitness.com\/es\/#organization"},"alternateName":"Gimnasios CDO","potentialAction":[{"@type":"SearchAction","target":{"@type":"EntryPoint","urlTemplate":"https:\/\/cdo-fitness.com\/es\/?s={search_term_string}"},"query-input":{"@type":"PropertyValueSpecification","valueRequired":true,"valueName":"search_term_string"}}],"inLanguage":"es"},{"@type":"Organization","@id":"https:\/\/cdo-fitness.com\/es\/#organization","name":"CDO Fitness","alternateName":"Club deporte y ocio","url":"https:\/\/cdo-fitness.com\/es\/","logo":{"@type":"ImageObject","inLanguage":"es","@id":"https:\/\/cdo-fitness.com\/es\/#\/schema\/logo\/image\/","url":"https:\/\/cdo-fitness.com\/wp-content\/uploads\/2025\/03\/cropped-\u00bfGestionamos-tu-centros-3.png","contentUrl":"https:\/\/cdo-fitness.com\/wp-content\/uploads\/2025\/03\/cropped-\u00bfGestionamos-tu-centros-3.png","width":661,"height":284,"caption":"CDO Fitness"},"image":{"@id":"https:\/\/cdo-fitness.com\/es\/#\/schema\/logo\/image\/"},"sameAs":["https:\/\/www.instagram.com\/cdo.fitness\/"]}]}},"_links":{"self":[{"href":"https:\/\/cdo-fitness.com\/es\/wp-json\/wp\/v2\/pages\/14553","targetHints":{"allow":["GET"]}}],"collection":[{"href":"https:\/\/cdo-fitness.com\/es\/wp-json\/wp\/v2\/pages"}],"about":[{"href":"https:\/\/cdo-fitness.com\/es\/wp-json\/wp\/v2\/types\/page"}],"author":[{"embeddable":true,"href":"https:\/\/cdo-fitness.com\/es\/wp-json\/wp\/v2\/users\/2"}],"replies":[{"embeddable":true,"href":"https:\/\/cdo-fitness.com\/es\/wp-json\/wp\/v2\/comments?post=14553"}],"version-history":[{"count":9,"href":"https:\/\/cdo-fitness.com\/es\/wp-json\/wp\/v2\/pages\/14553\/revisions"}],"predecessor-version":[{"id":14603,"href":"https:\/\/cdo-fitness.com\/es\/wp-json\/wp\/v2\/pages\/14553\/revisions\/14603"}],"wp:attachment":[{"href":"https:\/\/cdo-fitness.com\/es\/wp-json\/wp\/v2\/media?parent=14553"}],"wp:term":[{"taxonomy":"category","embeddable":true,"href":"https:\/\/cdo-fitness.com\/es\/wp-json\/wp\/v2\/categories?post=14553"},{"taxonomy":"post_tag","embeddable":true,"href":"https:\/\/cdo-fitness.com\/es\/wp-json\/wp\/v2\/tags?post=14553"}],"curies":[{"name":"wp","href":"https:\/\/api.w.org\/{rel}","templated":true}]}}