{"id":14418,"date":"2025-05-22T14:56:52","date_gmt":"2025-05-22T14:56:52","guid":{"rendered":"https:\/\/cdo-fitness.com\/?page_id=14418"},"modified":"2025-05-26T10:44:06","modified_gmt":"2025-05-26T10:44:06","slug":"cdo-solares-cursos-de-natacion-temporada-2025-26","status":"publish","type":"page","link":"https:\/\/cdo-fitness.com\/es\/cdo-solares-cursos-de-natacion-temporada-2025-26\/","title":{"rendered":"CDO Solares &#8211; Cursos de nataci\u00f3n temporada 2025-26"},"content":{"rendered":"<div id=\"pl-14418\"  class=\"panel-layout\" ><div id=\"pg-14418-0\"  class=\"panel-grid panel-no-style\" ><div id=\"pgc-14418-0-0\"  class=\"panel-grid-cell\" ><div id=\"panel-14418-0-0-0\" class=\"so-panel widget widget_sow-headline panel-first-child panel-last-child\" data-index=\"0\" ><div\n\t\t\t\n\t\t\tclass=\"so-widget-sow-headline so-widget-sow-headline-default-54d39f21dd80-14418\"\n\t\t\t\n\t\t><div class=\"sow-headline-container \">\n\t\t\t\t\t\t\t<h2 class=\"sow-headline\">\n\t\t\t\t\t\tCursos de nataci\u00f3n 2025-26\t\t\t\t\t\t<\/h2>\n\t\t\t\t\t\t\t\t\t\t\t<div class=\"decoration\">\n\t\t\t\t\t\t<div class=\"decoration-inside\"><\/div>\n\t\t\t\t\t<\/div>\n\t\t\t\t\t\t\t\t\t\t\t<p class=\"sow-sub-headline\">\n\t\t\t\t\t\tCDO Solares (Cantabria)\t\t\t\t\t\t<\/p>\n\t\t\t\t\t\t<\/div>\n<\/div><\/div><\/div><\/div><div id=\"pg-14418-1\"  class=\"panel-grid panel-has-style\" ><div class=\"panel-row-style panel-row-style-for-14418-1\" ><div id=\"pgc-14418-1-0\"  class=\"panel-grid-cell\" ><div id=\"panel-14418-1-0-0\" class=\"so-panel widget widget_sow-image panel-first-child panel-last-child\" data-index=\"1\" ><div\n\t\t\t\n\t\t\tclass=\"so-widget-sow-image so-widget-sow-image-default-a258e6bfa2d8-14418\"\n\t\t\t\n\t\t>\n<div class=\"sow-image-container\">\n\t\t<img \n\tsrc=\"https:\/\/cdo-fitness.com\/wp-content\/uploads\/2025\/05\/gruposninospiscinaPULPO-ultima.jpg\" width=\"2560\" height=\"1175\" srcset=\"https:\/\/cdo-fitness.com\/wp-content\/uploads\/2025\/05\/gruposninospiscinaPULPO-ultima.jpg 2560w, https:\/\/cdo-fitness.com\/wp-content\/uploads\/2025\/05\/gruposninospiscinaPULPO-ultima-300x138.jpg 300w, https:\/\/cdo-fitness.com\/wp-content\/uploads\/2025\/05\/gruposninospiscinaPULPO-ultima-1024x470.jpg 1024w, https:\/\/cdo-fitness.com\/wp-content\/uploads\/2025\/05\/gruposninospiscinaPULPO-ultima-768x353.jpg 768w, https:\/\/cdo-fitness.com\/wp-content\/uploads\/2025\/05\/gruposninospiscinaPULPO-ultima-1536x705.jpg 1536w, https:\/\/cdo-fitness.com\/wp-content\/uploads\/2025\/05\/gruposninospiscinaPULPO-ultima-2048x940.jpg 2048w\" sizes=\"(max-width: 2560px) 100vw, 2560px\" title=\"Un grupo de ni\u00f1os aprendiendo a nadar en una piscina CDO\" alt=\"Grupo de ni\u00f1os en un curso de nataci\u00f3n de CDO\" \t\tclass=\"so-widget-image\"\/>\n\t<\/div>\n\n<\/div><\/div><\/div><\/div><\/div><div id=\"pg-14418-2\"  class=\"panel-grid panel-no-style\" ><div id=\"pgc-14418-2-0\"  class=\"panel-grid-cell\" ><div id=\"panel-14418-2-0-0\" class=\"so-panel widget widget_sow-editor panel-first-child panel-last-child\" data-index=\"2\" ><div\n\t\t\t\n\t\t\tclass=\"so-widget-sow-editor so-widget-sow-editor-base\"\n\t\t\t\n\t\t>\n<div class=\"siteorigin-widget-tinymce textwidget\">\n\t<p>&nbsp;<\/p>\n<h3 data-start=\"824\" data-end=\"1114\"><span class=\"Y2IQFc\" lang=\"es\">En CDO Solares te ofrecemos cursillos de nataci\u00f3n infantiles, en un amplio horario, para que nade quien nade, \u00a1todo el mundo tenga lugar!<\/span> \ud83c\udfca\u200d\u2640\ufe0f\ud83c\udfca\u200d\u2642\ufe0f<\/h3>\n<p class=\"\" data-start=\"1116\" data-end=\"1287\"><span class=\"Y2IQFc\" lang=\"es\">\ud83d\udcc5 Aqu\u00ed encontrar\u00e1s toda la informaci\u00f3n para inscribirte en los Cursos de Nataci\u00f3n 2025-2026.<br \/>\n\ud83c\udfaf \u00a1Plazas limitadas! No te quedes fuera \u2014\u00a1Ap\u00fantate lo antes posible!<\/span><\/p>\n<h2>Fechas<\/h2>\n<p id=\"tw-target-text\" class=\"tw-data-text tw-text-large tw-ta\" dir=\"ltr\" data-placeholder=\"Traducci\u00f3n\" data-ved=\"2ahUKEwjRsanYt7KNAxVMRaQEHfnFEJIQ3ewLegQICRAV\" aria-label=\"Texto traducido: En el CMES CDO Deportivo La Piscina te ofrecemos cursillos de nataci\u00f3n para todas las edades, desde los 6 meses hasta adultos, para que nade quien nade, \u00a1todo el mundo tiene lugar! \ud83c\udfca\u200d\u2640\ufe0f\ud83c\udfca\u200d\u2642\ufe0f \ud83d\udcc5 Aqu\u00ed encontrar\u00e1s toda la informaci\u00f3n para inscribirte en los Cursets de Nataci\u00f3 2025-2026. \ud83c\udfaf \u00a1Plazas limitadas! No te quedes fuera \u2014\u00a1ap\u00fantate lo antes posible! Grupos y horarios Inicio del curso 1 de octubre de 2025 y finalizaci\u00f3n 19 de junio de 2026. Las sesiones seguir\u00e1n el calendario escolar. El seguimiento de los progresos de sus hijos e hijas podr\u00e1 hacerlo durante las semanas de \u201cgradas abiertas\u201d durante el curso.\"><span class=\"Y2IQFc\" lang=\"es\">Inicio del curso<strong> 1 de septiembre de 2025 <\/strong>y finalizaci\u00f3n <strong>30 de junio de 2026.<\/strong> El seguimiento de los progresos de sus hijos e hijas podr\u00e1n hacerlo durante las semanas asignadas como \"d\u00edas de padres\" durante el curso que comunicar\u00e1n los propios monitores.\u00a0<\/span><\/p>\n<h2>Grupos y niveles<\/h2>\n<p>En CDO Solares te ofrecemos cursos con un amplio horario, de lunes a jueves a raz\u00f3n de dos d\u00edas por semana, y los viernes, s\u00e1bados y domingos, de un d\u00eda por semana.<\/p>\n<ul>\n<li>Beb\u00e9s: De 6 meses a 2 a\u00f1os y medio.<\/li>\n<li>Tortuga: Menores de 4 a\u00f1os.<\/li>\n<li>Cangrejo: Mayores de 4 a\u00f1os.<\/li>\n<li>Anchoa y Anguila: Niveles que se alcanzan tras la consecuci\u00f3n de objetivos de los niveles anteriores.<\/li>\n<\/ul>\n<p>Para m\u00e1s informaci\u00f3n, horarios y tarifas, dir\u00edgete a tu centro.<\/p>\n<\/div>\n<\/div><\/div><\/div><\/div><div id=\"pg-14418-3\"  class=\"panel-grid panel-no-style\" ><div id=\"pgc-14418-3-0\"  class=\"panel-grid-cell\" ><div id=\"panel-14418-3-0-0\" class=\"so-panel widget widget_sow-image panel-first-child panel-last-child\" data-index=\"3\" ><div\n\t\t\t\n\t\t\tclass=\"so-widget-sow-image so-widget-sow-image-default-c67d20f9f743-14418\"\n\t\t\t\n\t\t>\n<div class=\"sow-image-container\">\n\t\t<img \n\tsrc=\"https:\/\/cdo-fitness.com\/wp-content\/uploads\/2025\/05\/imagen-8.png\" width=\"695\" height=\"156\" sizes=\"(max-width: 695px) 100vw, 695px\" title=\"Gorros de niveles nataci\u00f3n CDO\" alt=\"Gorros de niveles nataci\u00f3n CDO\" \t\tclass=\"so-widget-image\"\/>\n\t<\/div>\n\n<\/div><\/div><\/div><\/div><div id=\"pg-14418-4\"  class=\"panel-grid panel-no-style\" ><div id=\"pgc-14418-4-0\"  class=\"panel-grid-cell\" ><div id=\"panel-14418-4-0-0\" class=\"so-panel widget widget_sow-editor panel-first-child\" data-index=\"4\" ><div\n\t\t\t\n\t\t\tclass=\"so-widget-sow-editor so-widget-sow-editor-base\"\n\t\t\t\n\t\t>\n<div class=\"siteorigin-widget-tinymce textwidget\">\n\t<h2>Fechas de inscripci\u00f3n<\/h2>\n<\/div>\n<\/div><\/div><div id=\"panel-14418-4-0-1\" class=\"so-panel widget widget_sow-editor panel-last-child\" data-index=\"5\" ><div\n\t\t\t\n\t\t\tclass=\"so-widget-sow-editor so-widget-sow-editor-base\"\n\t\t\t\n\t\t>\n<div class=\"siteorigin-widget-tinymce textwidget\">\n\t<p><strong>Sin cita previa<\/strong><\/p>\n<ul>\n<li>A partir del <strong>15 de junio:<\/strong> Renovaciones<\/li>\n<li>A partir del<strong> 1 de julio: <\/strong>Nuevos cursos y cambios de horario<\/li>\n<\/ul>\n<p>La renovaci\u00f3n o reserva de plaza se realiza en el centro, por orden de llegada y dejando abonado el mes de septiembre (no reembolsable).<\/p>\n<\/div>\n<\/div><\/div><\/div><div id=\"pgc-14418-4-1\"  class=\"panel-grid-cell\" ><div id=\"panel-14418-4-1-0\" class=\"so-panel widget widget_sow-editor panel-first-child panel-last-child\" data-index=\"6\" ><div\n\t\t\t\n\t\t\tclass=\"so-widget-sow-editor so-widget-sow-editor-base\"\n\t\t\t\n\t\t><h3 class=\"widget-title\">\u00bfQuieres m\u00e1s informaci\u00f3n? Escr\u00edbenos y te llamaremos lo antes posible<\/h3>\n<div class=\"siteorigin-widget-tinymce textwidget\">\n\t<div class=\"siteorigin-widget-tinymce textwidget\">\n<div class=\"siteorigin-widget-tinymce textwidget\"><script charset=\"utf-8\" type=\"text\/javascript\" src=\"\/\/js-eu1.hsforms.net\/forms\/embed\/v2.js\"><\/script><br \/><script>\n  hbspt.forms.create({\n    portalId: \"25905303\",\n    formId: \"a7a0cbcc-c692-48c9-ba5c-87537775c5b4\",\n    region: \"eu1\"\n  });\n<\/script><\/div>\n<\/div>\n<\/div>\n<\/div><\/div><\/div><\/div><\/div>","protected":false},"excerpt":{"rendered":"<p>Cursos de nataci\u00f3n 2025-26 CDO Solares (Cantabria) &nbsp; En CDO Solares te ofrecemos cursillos de nataci\u00f3n infantiles, en un amplio &#8230; <a title=\"CDO Solares &#8211; Cursos de nataci\u00f3n temporada 2025-26\" class=\"read-more\" href=\"https:\/\/cdo-fitness.com\/es\/cdo-solares-cursos-de-natacion-temporada-2025-26\/\" aria-label=\"M\u00e1s en CDO Solares &#8211; Cursos de nataci\u00f3n temporada 2025-26\">Leer m\u00e1s<\/a><\/p>\n","protected":false},"author":2,"featured_media":0,"parent":0,"menu_order":0,"comment_status":"closed","ping_status":"closed","template":"","meta":{"_acf_changed":false,"content-type":"","footnotes":""},"categories":[],"tags":[104],"class_list":{"0":"post-14418","1":"page","2":"type-page","3":"status-publish","5":"tag-landing"},"acf":[],"yoast_head":"<!-- This site is optimized with the Yoast SEO plugin v27.5 - https:\/\/yoast.com\/product\/yoast-seo-wordpress\/ -->\n<title>CDO Solares - Cursos de nataci\u00f3n temporada 2025-26 - cdo<\/title>\n<meta name=\"robots\" content=\"index, follow, max-snippet:-1, max-image-preview:large, max-video-preview:-1\" \/>\n<link rel=\"canonical\" href=\"https:\/\/cdo-fitness.com\/es\/cdo-solares-cursos-de-natacion-temporada-2025-26\/\" \/>\n<meta property=\"og:locale\" content=\"es_ES\" \/>\n<meta property=\"og:type\" content=\"article\" \/>\n<meta property=\"og:title\" content=\"CDO Solares - Cursos de nataci\u00f3n temporada 2025-26 - cdo\" \/>\n<meta property=\"og:description\" content=\"Cursos de nataci\u00f3n 2025-26 CDO Solares (Cantabria) &nbsp; En CDO Solares te ofrecemos cursillos de nataci\u00f3n infantiles, en un amplio ... Leer m\u00e1s\" \/>\n<meta property=\"og:url\" content=\"https:\/\/cdo-fitness.com\/es\/cdo-solares-cursos-de-natacion-temporada-2025-26\/\" \/>\n<meta property=\"og:site_name\" content=\"cdo\" \/>\n<meta property=\"article:modified_time\" content=\"2025-05-26T10:44:06+00:00\" \/>\n<meta property=\"og:image\" content=\"https:\/\/cdo-fitness.com\/wp-content\/uploads\/2025\/03\/\u00bfGestionamos-tu-centros-3.png\" \/>\n\t<meta property=\"og:image:width\" content=\"662\" \/>\n\t<meta property=\"og:image:height\" content=\"404\" \/>\n\t<meta property=\"og:image:type\" content=\"image\/png\" \/>\n<meta name=\"twitter:card\" content=\"summary_large_image\" \/>\n<meta name=\"twitter:label1\" content=\"Tiempo de lectura\" \/>\n\t<meta name=\"twitter:data1\" content=\"2 minutos\" \/>\n<script type=\"application\/ld+json\" class=\"yoast-schema-graph\">{\"@context\":\"https:\\\/\\\/schema.org\",\"@graph\":[{\"@type\":\"WebPage\",\"@id\":\"https:\\\/\\\/cdo-fitness.com\\\/es\\\/cdo-solares-cursos-de-natacion-temporada-2025-26\\\/\",\"url\":\"https:\\\/\\\/cdo-fitness.com\\\/es\\\/cdo-solares-cursos-de-natacion-temporada-2025-26\\\/\",\"name\":\"CDO Solares - Cursos de nataci\u00f3n temporada 2025-26 - cdo\",\"isPartOf\":{\"@id\":\"https:\\\/\\\/cdo-fitness.com\\\/es\\\/#website\"},\"datePublished\":\"2025-05-22T14:56:52+00:00\",\"dateModified\":\"2025-05-26T10:44:06+00:00\",\"breadcrumb\":{\"@id\":\"https:\\\/\\\/cdo-fitness.com\\\/es\\\/cdo-solares-cursos-de-natacion-temporada-2025-26\\\/#breadcrumb\"},\"inLanguage\":\"es\",\"potentialAction\":[{\"@type\":\"ReadAction\",\"target\":[\"https:\\\/\\\/cdo-fitness.com\\\/es\\\/cdo-solares-cursos-de-natacion-temporada-2025-26\\\/\"]}]},{\"@type\":\"BreadcrumbList\",\"@id\":\"https:\\\/\\\/cdo-fitness.com\\\/es\\\/cdo-solares-cursos-de-natacion-temporada-2025-26\\\/#breadcrumb\",\"itemListElement\":[{\"@type\":\"ListItem\",\"position\":1,\"name\":\"Portada\",\"item\":\"https:\\\/\\\/cdo-fitness.com\\\/es\\\/\"},{\"@type\":\"ListItem\",\"position\":2,\"name\":\"CDO Solares &#8211; Cursos de nataci\u00f3n temporada 2025-26\"}]},{\"@type\":\"WebSite\",\"@id\":\"https:\\\/\\\/cdo-fitness.com\\\/es\\\/#website\",\"url\":\"https:\\\/\\\/cdo-fitness.com\\\/es\\\/\",\"name\":\"CDO Fitness\",\"description\":\"Club de Deporte y Ocio\",\"publisher\":{\"@id\":\"https:\\\/\\\/cdo-fitness.com\\\/es\\\/#organization\"},\"alternateName\":\"Gimnasios CDO\",\"potentialAction\":[{\"@type\":\"SearchAction\",\"target\":{\"@type\":\"EntryPoint\",\"urlTemplate\":\"https:\\\/\\\/cdo-fitness.com\\\/es\\\/?s={search_term_string}\"},\"query-input\":{\"@type\":\"PropertyValueSpecification\",\"valueRequired\":true,\"valueName\":\"search_term_string\"}}],\"inLanguage\":\"es\"},{\"@type\":\"Organization\",\"@id\":\"https:\\\/\\\/cdo-fitness.com\\\/es\\\/#organization\",\"name\":\"CDO Fitness\",\"alternateName\":\"Club deporte y ocio\",\"url\":\"https:\\\/\\\/cdo-fitness.com\\\/es\\\/\",\"logo\":{\"@type\":\"ImageObject\",\"inLanguage\":\"es\",\"@id\":\"https:\\\/\\\/cdo-fitness.com\\\/es\\\/#\\\/schema\\\/logo\\\/image\\\/\",\"url\":\"https:\\\/\\\/cdo-fitness.com\\\/wp-content\\\/uploads\\\/2025\\\/03\\\/cropped-\u00bfGestionamos-tu-centros-3.png\",\"contentUrl\":\"https:\\\/\\\/cdo-fitness.com\\\/wp-content\\\/uploads\\\/2025\\\/03\\\/cropped-\u00bfGestionamos-tu-centros-3.png\",\"width\":661,\"height\":284,\"caption\":\"CDO Fitness\"},\"image\":{\"@id\":\"https:\\\/\\\/cdo-fitness.com\\\/es\\\/#\\\/schema\\\/logo\\\/image\\\/\"},\"sameAs\":[\"https:\\\/\\\/www.instagram.com\\\/cdo.fitness\\\/\"]}]}<\/script>\n<!-- \/ Yoast SEO plugin. -->","yoast_head_json":{"title":"CDO Solares - Cursos de nataci\u00f3n temporada 2025-26 - cdo","robots":{"index":"index","follow":"follow","max-snippet":"max-snippet:-1","max-image-preview":"max-image-preview:large","max-video-preview":"max-video-preview:-1"},"canonical":"https:\/\/cdo-fitness.com\/es\/cdo-solares-cursos-de-natacion-temporada-2025-26\/","og_locale":"es_ES","og_type":"article","og_title":"CDO Solares - Cursos de nataci\u00f3n temporada 2025-26 - cdo","og_description":"Cursos de nataci\u00f3n 2025-26 CDO Solares (Cantabria) &nbsp; En CDO Solares te ofrecemos cursillos de nataci\u00f3n infantiles, en un amplio ... Leer m\u00e1s","og_url":"https:\/\/cdo-fitness.com\/es\/cdo-solares-cursos-de-natacion-temporada-2025-26\/","og_site_name":"cdo","article_modified_time":"2025-05-26T10:44:06+00:00","og_image":[{"width":662,"height":404,"url":"https:\/\/cdo-fitness.com\/wp-content\/uploads\/2025\/03\/\u00bfGestionamos-tu-centros-3.png","type":"image\/png"}],"twitter_card":"summary_large_image","twitter_misc":{"Tiempo de lectura":"2 minutos"},"schema":{"@context":"https:\/\/schema.org","@graph":[{"@type":"WebPage","@id":"https:\/\/cdo-fitness.com\/es\/cdo-solares-cursos-de-natacion-temporada-2025-26\/","url":"https:\/\/cdo-fitness.com\/es\/cdo-solares-cursos-de-natacion-temporada-2025-26\/","name":"CDO Solares - Cursos de nataci\u00f3n temporada 2025-26 - cdo","isPartOf":{"@id":"https:\/\/cdo-fitness.com\/es\/#website"},"datePublished":"2025-05-22T14:56:52+00:00","dateModified":"2025-05-26T10:44:06+00:00","breadcrumb":{"@id":"https:\/\/cdo-fitness.com\/es\/cdo-solares-cursos-de-natacion-temporada-2025-26\/#breadcrumb"},"inLanguage":"es","potentialAction":[{"@type":"ReadAction","target":["https:\/\/cdo-fitness.com\/es\/cdo-solares-cursos-de-natacion-temporada-2025-26\/"]}]},{"@type":"BreadcrumbList","@id":"https:\/\/cdo-fitness.com\/es\/cdo-solares-cursos-de-natacion-temporada-2025-26\/#breadcrumb","itemListElement":[{"@type":"ListItem","position":1,"name":"Portada","item":"https:\/\/cdo-fitness.com\/es\/"},{"@type":"ListItem","position":2,"name":"CDO Solares &#8211; Cursos de nataci\u00f3n temporada 2025-26"}]},{"@type":"WebSite","@id":"https:\/\/cdo-fitness.com\/es\/#website","url":"https:\/\/cdo-fitness.com\/es\/","name":"CDO Fitness","description":"Club de Deporte y Ocio","publisher":{"@id":"https:\/\/cdo-fitness.com\/es\/#organization"},"alternateName":"Gimnasios CDO","potentialAction":[{"@type":"SearchAction","target":{"@type":"EntryPoint","urlTemplate":"https:\/\/cdo-fitness.com\/es\/?s={search_term_string}"},"query-input":{"@type":"PropertyValueSpecification","valueRequired":true,"valueName":"search_term_string"}}],"inLanguage":"es"},{"@type":"Organization","@id":"https:\/\/cdo-fitness.com\/es\/#organization","name":"CDO Fitness","alternateName":"Club deporte y ocio","url":"https:\/\/cdo-fitness.com\/es\/","logo":{"@type":"ImageObject","inLanguage":"es","@id":"https:\/\/cdo-fitness.com\/es\/#\/schema\/logo\/image\/","url":"https:\/\/cdo-fitness.com\/wp-content\/uploads\/2025\/03\/cropped-\u00bfGestionamos-tu-centros-3.png","contentUrl":"https:\/\/cdo-fitness.com\/wp-content\/uploads\/2025\/03\/cropped-\u00bfGestionamos-tu-centros-3.png","width":661,"height":284,"caption":"CDO Fitness"},"image":{"@id":"https:\/\/cdo-fitness.com\/es\/#\/schema\/logo\/image\/"},"sameAs":["https:\/\/www.instagram.com\/cdo.fitness\/"]}]}},"_links":{"self":[{"href":"https:\/\/cdo-fitness.com\/es\/wp-json\/wp\/v2\/pages\/14418","targetHints":{"allow":["GET"]}}],"collection":[{"href":"https:\/\/cdo-fitness.com\/es\/wp-json\/wp\/v2\/pages"}],"about":[{"href":"https:\/\/cdo-fitness.com\/es\/wp-json\/wp\/v2\/types\/page"}],"author":[{"embeddable":true,"href":"https:\/\/cdo-fitness.com\/es\/wp-json\/wp\/v2\/users\/2"}],"replies":[{"embeddable":true,"href":"https:\/\/cdo-fitness.com\/es\/wp-json\/wp\/v2\/comments?post=14418"}],"version-history":[{"count":10,"href":"https:\/\/cdo-fitness.com\/es\/wp-json\/wp\/v2\/pages\/14418\/revisions"}],"predecessor-version":[{"id":14610,"href":"https:\/\/cdo-fitness.com\/es\/wp-json\/wp\/v2\/pages\/14418\/revisions\/14610"}],"wp:attachment":[{"href":"https:\/\/cdo-fitness.com\/es\/wp-json\/wp\/v2\/media?parent=14418"}],"wp:term":[{"taxonomy":"category","embeddable":true,"href":"https:\/\/cdo-fitness.com\/es\/wp-json\/wp\/v2\/categories?post=14418"},{"taxonomy":"post_tag","embeddable":true,"href":"https:\/\/cdo-fitness.com\/es\/wp-json\/wp\/v2\/tags?post=14418"}],"curies":[{"name":"wp","href":"https:\/\/api.w.org\/{rel}","templated":true}]}}