{"id":11994,"date":"2024-09-10T13:47:12","date_gmt":"2024-09-10T13:47:12","guid":{"rendered":"https:\/\/cdo-fitness.com\/?page_id=11994"},"modified":"2025-07-09T08:33:58","modified_gmt":"2025-07-09T08:33:58","slug":"primeros-pasos-cdo","status":"publish","type":"page","link":"https:\/\/cdo-fitness.com\/es\/comenzamos\/","title":{"rendered":"Primeros pasos a una vida saludable"},"content":{"rendered":"<div id=\"pl-11994\"  class=\"panel-layout\" ><div id=\"pg-11994-0\"  class=\"panel-grid panel-no-style\" ><div id=\"pgc-11994-0-0\"  class=\"panel-grid-cell\" ><div id=\"panel-11994-0-0-0\" class=\"so-panel widget widget_sow-image panel-first-child panel-last-child\" data-index=\"0\" ><div\n\t\t\t\n\t\t\tclass=\"so-widget-sow-image so-widget-sow-image-default-c4f6304fc136-11994\"\n\t\t\t\n\t\t>\n<div class=\"sow-image-container\">\n\t\t<img \n\tsrc=\"https:\/\/cdo-fitness.com\/wp-content\/uploads\/2025\/07\/Primeros-paso-a-una-vida-saludable.png\" width=\"1231\" height=\"342\" srcset=\"https:\/\/cdo-fitness.com\/wp-content\/uploads\/2025\/07\/Primeros-paso-a-una-vida-saludable.png 1231w, https:\/\/cdo-fitness.com\/wp-content\/uploads\/2025\/07\/Primeros-paso-a-una-vida-saludable-300x83.png 300w, https:\/\/cdo-fitness.com\/wp-content\/uploads\/2025\/07\/Primeros-paso-a-una-vida-saludable-1024x284.png 1024w, https:\/\/cdo-fitness.com\/wp-content\/uploads\/2025\/07\/Primeros-paso-a-una-vida-saludable-768x213.png 768w\" sizes=\"(max-width: 1231px) 100vw, 1231px\" title=\"Primeros paso a una vida saludable\" alt=\"Primeros paso a una vida saludable\" \t\tclass=\"so-widget-image\"\/>\n\t<\/div>\n\n<\/div><\/div><\/div><\/div><div id=\"pg-11994-1\"  class=\"panel-grid panel-no-style\" ><div id=\"pgc-11994-1-0\"  class=\"panel-grid-cell\" ><div id=\"panel-11994-1-0-0\" class=\"so-panel widget widget_sow-editor panel-first-child panel-last-child\" data-index=\"1\" ><div\n\t\t\t\n\t\t\tclass=\"so-widget-sow-editor so-widget-sow-editor-base\"\n\t\t\t\n\t\t>\n<div class=\"siteorigin-widget-tinymce textwidget\">\n\t<h3><strong>Los preparativos<\/strong><\/h3>\n<p>Las mejores vacaciones comienzan en casa, preparando la maleta mientras piensas en todas las maravillas que conocer\u00e1s y las experiencias que vivir\u00e1s. Por eso, aqu\u00ed tienes nuestra gu\u00eda para que prepares bien tu maleta en este viaje hacia una vida saludable. De esta forma, no te faltar\u00e1 nada y disfrutar\u00e1s de cada etapa de este fant\u00e1stico camino.<\/p>\n<p><strong>La ropa<\/strong><\/p>\n<p>Prepara ropa deportiva transpirable y calzado deportivo limpio (no el que usas en la calle), idealmente con buena amortiguaci\u00f3n. Si tu centro tiene zona acu\u00e1tica (piscinas, spa, etc.), necesitar\u00e1s ba\u00f1ador (para las mujeres puede ser de dos piezas), gorro de ba\u00f1o y zapatillas de goma para desplazarte por el \u00e1rea de agua.<\/p>\n<p><strong>La bolsa<\/strong><\/p>\n<p>Adem\u00e1s de todo lo que necesites para tu higiene personal, te resultar\u00e1n muy \u00fatiles algunos elementos adicionales: una toalla (es obligatoria en todos los espacios y actividades deportivas), un candado (o pulsera identificativa en algunos centros) para la taquilla, as\u00ed como una botella de agua para mantenerte hidratado.<\/p>\n<h3><strong>El primer d\u00eda<\/strong><\/h3>\n<p>En primer lugar, dir\u00edgete a recepci\u00f3n y ponte tu pulsera CDO.\u00a0 Ac\u00e9rcala al lector de los tornos en la entrada, y el torniquete se abrir\u00e1 autom\u00e1ticamente. Luego, ve a tu vestuario. Es el momento de cambiarte: ponte la ropa y calzado deportivo limpio, o el ba\u00f1ador y las chancletas si vas a la piscina. Guarda tu bolsa en una taquilla y ci\u00e9rrala con tu candado. Para objetos peque\u00f1os como el m\u00f3vil o la cartera, en muchos centros hay taquillas especiales. Si en alg\u00fan momento tienes dudas o necesitas ayuda, no dudes en consultarnos. Estaremos siempre a tu disposici\u00f3n.<\/p>\n<p><strong>La sala de fitness y las actividades dirigidas<\/strong><\/p>\n<p>En la sala de fitness siempre habr\u00e1 alguien para orientarte y resolver tus dudas. B\u00fascanos en la sala, y te propondremos un plan de entrenamiento individual. Adem\u00e1s tienes a tu disposici\u00f3n muchas actividades grupales. Desde Aquagym hasta Ciclo, encontrar\u00e1s opciones para todos los gustos. Adem\u00e1s, hay muchos horarios disponibles para que puedas elegir el que m\u00e1s te convenga.<\/p>\n<p>Para participar en estas actividades, puedes hacer una reserva en los quioscos o desde la APP (AQU\u00cd tienes m\u00e1s informaci\u00f3n). Al acceder a la sala, aseg\u00farate de confirmar tu asistencia pasando tu pulsera por el punto de marcaje. Por \u00faltimo, recuerda: toalla, zapatos deportivos limpios, ropa transpirable y muchas ganas de pasarlo bien son todo lo que necesitas. Tambi\u00e9n, es importante ser puntual para disfrutar la clase completa. Si es tu primera vez, avisa al t\u00e9cnico\/a y d\u00e9jate aconsejar.<\/p>\n<\/div>\n<\/div><\/div><\/div><\/div><\/div>","protected":false},"excerpt":{"rendered":"<p>Los preparativos Las mejores vacaciones comienzan en casa, preparando la maleta mientras piensas en todas las maravillas que conocer\u00e1s y &#8230; <a title=\"Primeros pasos a una vida saludable\" class=\"read-more\" href=\"https:\/\/cdo-fitness.com\/es\/comenzamos\/\" aria-label=\"M\u00e1s en Primeros pasos a una vida saludable\">Leer m\u00e1s<\/a><\/p>\n","protected":false},"author":2,"featured_media":13979,"parent":0,"menu_order":0,"comment_status":"closed","ping_status":"closed","template":"","meta":{"_acf_changed":false,"content-type":"","footnotes":""},"categories":[],"tags":[],"class_list":{"0":"post-11994","1":"page","2":"type-page","3":"status-publish","4":"has-post-thumbnail","6":"resize-featured-image"},"acf":[],"yoast_head":"<!-- This site is optimized with the Yoast SEO plugin v27.5 - https:\/\/yoast.com\/product\/yoast-seo-wordpress\/ -->\n<title>Primeros pasos a una vida saludable - cdo<\/title>\n<meta name=\"description\" content=\"Aqu\u00ed tienes nuestra gu\u00eda para que prepares bien tu maleta en este viaje hacia una vida saludable.\" \/>\n<meta name=\"robots\" content=\"index, follow, max-snippet:-1, max-image-preview:large, max-video-preview:-1\" \/>\n<link rel=\"canonical\" href=\"https:\/\/cdo-fitness.com\/es\/comenzamos\/\" \/>\n<meta property=\"og:locale\" content=\"es_ES\" \/>\n<meta property=\"og:type\" content=\"article\" \/>\n<meta property=\"og:title\" content=\"Primeros pasos a una vida saludable - cdo\" \/>\n<meta property=\"og:description\" content=\"Aqu\u00ed tienes nuestra gu\u00eda para que prepares bien tu maleta en este viaje hacia una vida saludable.\" \/>\n<meta property=\"og:url\" content=\"https:\/\/cdo-fitness.com\/es\/comenzamos\/\" \/>\n<meta property=\"og:site_name\" content=\"cdo\" \/>\n<meta property=\"article:modified_time\" content=\"2025-07-09T08:33:58+00:00\" \/>\n<meta property=\"og:image\" content=\"https:\/\/cdo-fitness.com\/wp-content\/uploads\/2025\/05\/\u00bfGestionamos-tu-centros-5.png\" \/>\n\t<meta property=\"og:image:width\" content=\"662\" \/>\n\t<meta property=\"og:image:height\" content=\"404\" \/>\n\t<meta property=\"og:image:type\" content=\"image\/png\" \/>\n<meta name=\"twitter:card\" content=\"summary_large_image\" \/>\n<meta name=\"twitter:label1\" content=\"Tiempo de lectura\" \/>\n\t<meta name=\"twitter:data1\" content=\"3 minutos\" \/>\n<script type=\"application\/ld+json\" class=\"yoast-schema-graph\">{\"@context\":\"https:\\\/\\\/schema.org\",\"@graph\":[{\"@type\":\"WebPage\",\"@id\":\"https:\\\/\\\/cdo-fitness.com\\\/es\\\/comenzamos\\\/\",\"url\":\"https:\\\/\\\/cdo-fitness.com\\\/es\\\/comenzamos\\\/\",\"name\":\"Primeros pasos a una vida saludable - cdo\",\"isPartOf\":{\"@id\":\"https:\\\/\\\/cdo-fitness.com\\\/es\\\/#website\"},\"primaryImageOfPage\":{\"@id\":\"https:\\\/\\\/cdo-fitness.com\\\/es\\\/comenzamos\\\/#primaryimage\"},\"image\":{\"@id\":\"https:\\\/\\\/cdo-fitness.com\\\/es\\\/comenzamos\\\/#primaryimage\"},\"thumbnailUrl\":\"https:\\\/\\\/cdo-fitness.com\\\/wp-content\\\/uploads\\\/2025\\\/05\\\/\u00bfGestionamos-tu-centros-5.png\",\"datePublished\":\"2024-09-10T13:47:12+00:00\",\"dateModified\":\"2025-07-09T08:33:58+00:00\",\"description\":\"Aqu\u00ed tienes nuestra gu\u00eda para que prepares bien tu maleta en este viaje hacia una vida saludable.\",\"breadcrumb\":{\"@id\":\"https:\\\/\\\/cdo-fitness.com\\\/es\\\/comenzamos\\\/#breadcrumb\"},\"inLanguage\":\"es\",\"potentialAction\":[{\"@type\":\"ReadAction\",\"target\":[\"https:\\\/\\\/cdo-fitness.com\\\/es\\\/comenzamos\\\/\"]}]},{\"@type\":\"ImageObject\",\"inLanguage\":\"es\",\"@id\":\"https:\\\/\\\/cdo-fitness.com\\\/es\\\/comenzamos\\\/#primaryimage\",\"url\":\"https:\\\/\\\/cdo-fitness.com\\\/wp-content\\\/uploads\\\/2025\\\/05\\\/\u00bfGestionamos-tu-centros-5.png\",\"contentUrl\":\"https:\\\/\\\/cdo-fitness.com\\\/wp-content\\\/uploads\\\/2025\\\/05\\\/\u00bfGestionamos-tu-centros-5.png\",\"width\":662,\"height\":404},{\"@type\":\"BreadcrumbList\",\"@id\":\"https:\\\/\\\/cdo-fitness.com\\\/es\\\/comenzamos\\\/#breadcrumb\",\"itemListElement\":[{\"@type\":\"ListItem\",\"position\":1,\"name\":\"Portada\",\"item\":\"https:\\\/\\\/cdo-fitness.com\\\/es\\\/\"},{\"@type\":\"ListItem\",\"position\":2,\"name\":\"Primeros pasos a una vida saludable\"}]},{\"@type\":\"WebSite\",\"@id\":\"https:\\\/\\\/cdo-fitness.com\\\/es\\\/#website\",\"url\":\"https:\\\/\\\/cdo-fitness.com\\\/es\\\/\",\"name\":\"CDO Fitness\",\"description\":\"Club de Deporte y Ocio\",\"publisher\":{\"@id\":\"https:\\\/\\\/cdo-fitness.com\\\/es\\\/#organization\"},\"alternateName\":\"Gimnasios CDO\",\"potentialAction\":[{\"@type\":\"SearchAction\",\"target\":{\"@type\":\"EntryPoint\",\"urlTemplate\":\"https:\\\/\\\/cdo-fitness.com\\\/es\\\/?s={search_term_string}\"},\"query-input\":{\"@type\":\"PropertyValueSpecification\",\"valueRequired\":true,\"valueName\":\"search_term_string\"}}],\"inLanguage\":\"es\"},{\"@type\":\"Organization\",\"@id\":\"https:\\\/\\\/cdo-fitness.com\\\/es\\\/#organization\",\"name\":\"CDO Fitness\",\"alternateName\":\"Club deporte y ocio\",\"url\":\"https:\\\/\\\/cdo-fitness.com\\\/es\\\/\",\"logo\":{\"@type\":\"ImageObject\",\"inLanguage\":\"es\",\"@id\":\"https:\\\/\\\/cdo-fitness.com\\\/es\\\/#\\\/schema\\\/logo\\\/image\\\/\",\"url\":\"https:\\\/\\\/cdo-fitness.com\\\/wp-content\\\/uploads\\\/2025\\\/03\\\/cropped-\u00bfGestionamos-tu-centros-3.png\",\"contentUrl\":\"https:\\\/\\\/cdo-fitness.com\\\/wp-content\\\/uploads\\\/2025\\\/03\\\/cropped-\u00bfGestionamos-tu-centros-3.png\",\"width\":661,\"height\":284,\"caption\":\"CDO Fitness\"},\"image\":{\"@id\":\"https:\\\/\\\/cdo-fitness.com\\\/es\\\/#\\\/schema\\\/logo\\\/image\\\/\"},\"sameAs\":[\"https:\\\/\\\/www.instagram.com\\\/cdo.fitness\\\/\"]}]}<\/script>\n<!-- \/ Yoast SEO plugin. -->","yoast_head_json":{"title":"Primeros pasos a una vida saludable - cdo","description":"Aqu\u00ed tienes nuestra gu\u00eda para que prepares bien tu maleta en este viaje hacia una vida saludable.","robots":{"index":"index","follow":"follow","max-snippet":"max-snippet:-1","max-image-preview":"max-image-preview:large","max-video-preview":"max-video-preview:-1"},"canonical":"https:\/\/cdo-fitness.com\/es\/comenzamos\/","og_locale":"es_ES","og_type":"article","og_title":"Primeros pasos a una vida saludable - cdo","og_description":"Aqu\u00ed tienes nuestra gu\u00eda para que prepares bien tu maleta en este viaje hacia una vida saludable.","og_url":"https:\/\/cdo-fitness.com\/es\/comenzamos\/","og_site_name":"cdo","article_modified_time":"2025-07-09T08:33:58+00:00","og_image":[{"width":662,"height":404,"url":"https:\/\/cdo-fitness.com\/wp-content\/uploads\/2025\/05\/\u00bfGestionamos-tu-centros-5.png","type":"image\/png"}],"twitter_card":"summary_large_image","twitter_misc":{"Tiempo de lectura":"3 minutos"},"schema":{"@context":"https:\/\/schema.org","@graph":[{"@type":"WebPage","@id":"https:\/\/cdo-fitness.com\/es\/comenzamos\/","url":"https:\/\/cdo-fitness.com\/es\/comenzamos\/","name":"Primeros pasos a una vida saludable - cdo","isPartOf":{"@id":"https:\/\/cdo-fitness.com\/es\/#website"},"primaryImageOfPage":{"@id":"https:\/\/cdo-fitness.com\/es\/comenzamos\/#primaryimage"},"image":{"@id":"https:\/\/cdo-fitness.com\/es\/comenzamos\/#primaryimage"},"thumbnailUrl":"https:\/\/cdo-fitness.com\/wp-content\/uploads\/2025\/05\/\u00bfGestionamos-tu-centros-5.png","datePublished":"2024-09-10T13:47:12+00:00","dateModified":"2025-07-09T08:33:58+00:00","description":"Aqu\u00ed tienes nuestra gu\u00eda para que prepares bien tu maleta en este viaje hacia una vida saludable.","breadcrumb":{"@id":"https:\/\/cdo-fitness.com\/es\/comenzamos\/#breadcrumb"},"inLanguage":"es","potentialAction":[{"@type":"ReadAction","target":["https:\/\/cdo-fitness.com\/es\/comenzamos\/"]}]},{"@type":"ImageObject","inLanguage":"es","@id":"https:\/\/cdo-fitness.com\/es\/comenzamos\/#primaryimage","url":"https:\/\/cdo-fitness.com\/wp-content\/uploads\/2025\/05\/\u00bfGestionamos-tu-centros-5.png","contentUrl":"https:\/\/cdo-fitness.com\/wp-content\/uploads\/2025\/05\/\u00bfGestionamos-tu-centros-5.png","width":662,"height":404},{"@type":"BreadcrumbList","@id":"https:\/\/cdo-fitness.com\/es\/comenzamos\/#breadcrumb","itemListElement":[{"@type":"ListItem","position":1,"name":"Portada","item":"https:\/\/cdo-fitness.com\/es\/"},{"@type":"ListItem","position":2,"name":"Primeros pasos a una vida saludable"}]},{"@type":"WebSite","@id":"https:\/\/cdo-fitness.com\/es\/#website","url":"https:\/\/cdo-fitness.com\/es\/","name":"CDO Fitness","description":"Club de Deporte y Ocio","publisher":{"@id":"https:\/\/cdo-fitness.com\/es\/#organization"},"alternateName":"Gimnasios CDO","potentialAction":[{"@type":"SearchAction","target":{"@type":"EntryPoint","urlTemplate":"https:\/\/cdo-fitness.com\/es\/?s={search_term_string}"},"query-input":{"@type":"PropertyValueSpecification","valueRequired":true,"valueName":"search_term_string"}}],"inLanguage":"es"},{"@type":"Organization","@id":"https:\/\/cdo-fitness.com\/es\/#organization","name":"CDO Fitness","alternateName":"Club deporte y ocio","url":"https:\/\/cdo-fitness.com\/es\/","logo":{"@type":"ImageObject","inLanguage":"es","@id":"https:\/\/cdo-fitness.com\/es\/#\/schema\/logo\/image\/","url":"https:\/\/cdo-fitness.com\/wp-content\/uploads\/2025\/03\/cropped-\u00bfGestionamos-tu-centros-3.png","contentUrl":"https:\/\/cdo-fitness.com\/wp-content\/uploads\/2025\/03\/cropped-\u00bfGestionamos-tu-centros-3.png","width":661,"height":284,"caption":"CDO Fitness"},"image":{"@id":"https:\/\/cdo-fitness.com\/es\/#\/schema\/logo\/image\/"},"sameAs":["https:\/\/www.instagram.com\/cdo.fitness\/"]}]}},"_links":{"self":[{"href":"https:\/\/cdo-fitness.com\/es\/wp-json\/wp\/v2\/pages\/11994","targetHints":{"allow":["GET"]}}],"collection":[{"href":"https:\/\/cdo-fitness.com\/es\/wp-json\/wp\/v2\/pages"}],"about":[{"href":"https:\/\/cdo-fitness.com\/es\/wp-json\/wp\/v2\/types\/page"}],"author":[{"embeddable":true,"href":"https:\/\/cdo-fitness.com\/es\/wp-json\/wp\/v2\/users\/2"}],"replies":[{"embeddable":true,"href":"https:\/\/cdo-fitness.com\/es\/wp-json\/wp\/v2\/comments?post=11994"}],"version-history":[{"count":20,"href":"https:\/\/cdo-fitness.com\/es\/wp-json\/wp\/v2\/pages\/11994\/revisions"}],"predecessor-version":[{"id":15745,"href":"https:\/\/cdo-fitness.com\/es\/wp-json\/wp\/v2\/pages\/11994\/revisions\/15745"}],"wp:featuredmedia":[{"embeddable":true,"href":"https:\/\/cdo-fitness.com\/es\/wp-json\/wp\/v2\/media\/13979"}],"wp:attachment":[{"href":"https:\/\/cdo-fitness.com\/es\/wp-json\/wp\/v2\/media?parent=11994"}],"wp:term":[{"taxonomy":"category","embeddable":true,"href":"https:\/\/cdo-fitness.com\/es\/wp-json\/wp\/v2\/categories?post=11994"},{"taxonomy":"post_tag","embeddable":true,"href":"https:\/\/cdo-fitness.com\/es\/wp-json\/wp\/v2\/tags?post=11994"}],"curies":[{"name":"wp","href":"https:\/\/api.w.org\/{rel}","templated":true}]}}