{"id":4754,"date":"2023-02-10T17:03:23","date_gmt":"2023-02-10T17:03:23","guid":{"rendered":"https:\/\/cdo-fitness.com\/aviso-legal\/"},"modified":"2025-07-01T15:47:35","modified_gmt":"2025-07-01T15:47:35","slug":"aviso-legal","status":"publish","type":"page","link":"https:\/\/cdo-fitness.com\/ca\/avis-legal\/","title":{"rendered":"Av\u00eds legal"},"content":{"rendered":"<div id=\"pl-4754\"  class=\"panel-layout\" ><div id=\"pg-4754-0\"  class=\"panel-grid panel-no-style\" ><div id=\"pgc-4754-0-0\"  class=\"panel-grid-cell\" ><div id=\"panel-4754-0-0-0\" class=\"so-panel widget widget_sow-editor panel-first-child panel-last-child\" data-index=\"0\" ><div\n\t\t\t\n\t\t\tclass=\"so-widget-sow-editor so-widget-sow-editor-base\"\n\t\t\t\n\t\t>\n<div class=\"siteorigin-widget-tinymce textwidget\">\n\t<p data-start=\"85\" data-end=\"105\"><strong data-start=\"85\" data-end=\"105\">Informaci\u00f3 legal<\/strong><\/p>\n<p data-start=\"107\" data-end=\"564\">En compliment de la normativa vigent li informem que el domini d\u2019internet <a class=\"\" href=\"http:\/\/www.cdo-fitness.com\" target=\"_new\" rel=\"noopener\" data-start=\"181\" data-end=\"200\">www.cdo-fitness.com<\/a> (en endavant \u201cel lloc web\u201d), \u00e9s titularitat de JUSTBPXPORT, S.L. (en endavant \u201cCDO\u201d), amb CIF B01801745, seu al Carrer Gurutzegi 12, 1r, local 8, del Pol\u00edgon Belartza, a 20018 Donostia \/ Sant Sebasti\u00e0 (Gipuzkoa), tel\u00e8fon 943672459 i correu electr\u00f2nic <a class=\"cursor-pointer\" rel=\"noopener\" data-start=\"452\" data-end=\"472\">rgpd@cdo-fitness.com<\/a>, inscrita al Registre Mercantil de Gipuzkoa al Tom 2220, Full 81, Secci\u00f3 8, Fulla SS-26867.<\/p>\n<p data-start=\"566\" data-end=\"1260\">CDO t\u00e9 per objecte principal la gesti\u00f3 i assist\u00e8ncia t\u00e8cnica en l\u2019\u00e0mbit de l\u2019esport, i actua com a \u201cResponsable del Tractament\u201d (o, si escau, com a \u201cEncarregat de Tractament\u201d) en relaci\u00f3 amb els tractaments de dades personals (persones usu\u00e0ries del lloc web, sol\u00b7licitants d\u2019informaci\u00f3, etc.) que es realitzen a trav\u00e9s d\u2019aquest lloc web. No obstant aix\u00f2, en aquells casos en qu\u00e8 CDO publiqui not\u00edcies i enlla\u00e7os a llocs web o xarxes socials externes, la seva funci\u00f3 \u00e9s merament informativa i els possibles tractaments de dades personals que es puguin produir en relaci\u00f3 amb els continguts de not\u00edcies i enlla\u00e7os i la seva utilitzaci\u00f3 per part de les persones usu\u00e0ries no s\u00f3n titularitat de CDO.<\/p>\n<p data-start=\"1262\" data-end=\"1370\">La persona que visita i utilitza aquest lloc web \u00e9s usu\u00e0ria del lloc web (en endavant \u201cla persona usu\u00e0ria\u201d).<\/p>\n<p data-start=\"1372\" data-end=\"1389\"><strong data-start=\"1372\" data-end=\"1389\">1. Finalitats<\/strong><\/p>\n<p data-start=\"1391\" data-end=\"1712\">Les finalitats principals del lloc web s\u00f3n donar a con\u00e8ixer, oferir i gestionar els serveis esportius de CDO; proporcionar una eina de contacte, consulta i comunicaci\u00f3 amb les persones interessades, responent a sol\u00b7licituds i peticions; i informar, organitzar i difondre les activitats i iniciatives en qu\u00e8 CDO participi.<\/p>\n<p data-start=\"1714\" data-end=\"1736\"><strong data-start=\"1714\" data-end=\"1736\">2. Condicions d\u2019\u00fas<\/strong><\/p>\n<p data-start=\"1738\" data-end=\"2150\">La persona usu\u00e0ria accedeix a aquest lloc web de forma volunt\u00e0ria. L\u2019acc\u00e9s a aquest lloc web t\u00e9 car\u00e0cter gratu\u00eft. La navegaci\u00f3 en aquest lloc web implica acceptar i con\u00e8ixer les advert\u00e8ncies legals, condicions i termes d\u2019\u00fas, pol\u00edtica de privacitat i pol\u00edtica de galetes continguts en ell. Si la persona usu\u00e0ria no est\u00e0 d\u2019acord amb aquestes condicions i no les accepta sense reserva, no podr\u00e0 fer \u00fas del lloc web.<\/p>\n<p data-start=\"2152\" data-end=\"2697\">L\u2019acc\u00e9s al lloc web, aix\u00ed com l\u2019\u00fas que es pugui fer de la informaci\u00f3 i utilitats que cont\u00e9, s\u00f3n de l\u2019exclusiva responsabilitat de la persona usu\u00e0ria, que es compromet a utilitzar-lo amb respecte a la bona fe, a l\u2019ordenament jur\u00eddic, de manera \u00e8tica i d\u2019acord amb les seves finalitats. La persona usu\u00e0ria no pot fer un \u00fas il\u00b7l\u00edcit de la informaci\u00f3 i utilitats contingudes en el lloc web, ni dur a terme accions que puguin danyar o alterar el seu contingut, funcionament, els sistemes inform\u00e0tics del lloc web, de CDO o d\u2019altres persones usu\u00e0ries.<\/p>\n<p data-start=\"2699\" data-end=\"3166\">Queda prohibida la inclusi\u00f3 i comunicaci\u00f3 de continguts, per part de les persones usu\u00e0ries, que siguin falsos o inexactes i que indu\u00efxin o puguin induir a error CDO, les persones usu\u00e0ries del lloc web o tercers. Queda prohibit l\u2019\u00fas de dades personals de tercers sense el seu consentiment previ i expr\u00e9s, aix\u00ed com l\u2019\u00fas de dades identificatives de tercers amb l\u2019\u00e0nim de suplantar la seva identitat. La persona usu\u00e0ria ser\u00e0 l\u2019\u00fanica responsable dels perjudicis que cause.<\/p>\n<p data-start=\"3168\" data-end=\"3214\"><strong data-start=\"3168\" data-end=\"3214\">3. Exclusi\u00f3 de garanties i responsabilitat<\/strong><\/p>\n<p data-start=\"3216\" data-end=\"3621\">CDO realitza els m\u00e0xims esfor\u00e7os al seu abast per evitar errors en els continguts i utilitats que es publiquen al lloc web, reservant-se la facultat de poder modificar-los en qualsevol moment. CDO declina expressament qualsevol responsabilitat per error o omissi\u00f3 en els continguts d\u2019aquest lloc web i pels danys i perjudicis que puguin derivar-se de la seva falta de veracitat, exactitud o actualitzaci\u00f3.<\/p>\n<p data-start=\"3623\" data-end=\"4200\">El lloc web pot oferir enlla\u00e7os a altres llocs web. CDO no assumeix cap responsabilitat en relaci\u00f3 amb aquests llocs enlla\u00e7ats, ni els resultats de les cerques, ja que no en t\u00e9 control, el seu contingut, productes i serveis oferts, etc. La finalitat d\u2019aquests enlla\u00e7os \u00e9s informar d\u2019altres fonts d\u2019informaci\u00f3, per la qual cosa la persona usu\u00e0ria accedeix sota la seva exclusiva responsabilitat al contingut i en les condicions d\u2019\u00fas que hi regnin. En el cas d\u2019enlla\u00e7os a xarxes socials, titularitat de CDO o de tercers, aquestes es regiran per les seves pr\u00f2pies condicions d\u2019\u00fas.<\/p>\n<p data-start=\"4202\" data-end=\"4718\">CDO no es far\u00e0 responsable de cap conseq\u00fc\u00e8ncia, dany o perjudici que poguessin derivar-se de l\u2019\u00fas d\u2019aquest lloc web o dels seus continguts i utilitats, inclosos danys inform\u00e0tics i la introducci\u00f3 de virus o qualsevol tipus de programari malici\u00f3s. CDO no garanteix l\u2019abs\u00e8ncia de virus ni d\u2019altres elements danyinosos al lloc web, introdu\u00efts per terceres persones, que puguin produir alteracions en els sistemes f\u00edsics o l\u00f2gics de les persones usu\u00e0ries, per\u00f2 utilitza els mitjans al seu abast perqu\u00e8 aix\u00f2 no succeeixi.<\/p>\n<p data-start=\"4720\" data-end=\"5163\">CDO es reserva el dret de modificar o esborrar en qualsevol moment, sense previ av\u00eds o justificaci\u00f3 expressa, el disseny, la configuraci\u00f3 i la informaci\u00f3 continguda en aquest lloc web, si aix\u00ed ho estima oport\u00fa i segons el seu criteri. CDO no es fa responsable dels perjudicis que aquestes modificacions puguin causar. No obstant aix\u00f2, utilitzar\u00e0 els recursos que tingui al seu abast per informar les persones usu\u00e0ries d\u2019aquestes modificacions.<\/p>\n<p data-start=\"5165\" data-end=\"5195\"><strong data-start=\"5165\" data-end=\"5195\">4. Propietat intel\u00b7lectual<\/strong><\/p>\n<p data-start=\"5197\" data-end=\"5652\">Els drets de propietat intel\u00b7lectual i industrial d\u2019aquest lloc web i dels elements continguts, incloent amb car\u00e0cter merament enunciatiu les seves p\u00e0gines, seccions, estructura, aparen\u00e7a, disseny, pantalles, la informaci\u00f3 i utilitats que cont\u00e9, codi font, textos, fotografies, imatges, so, \u00e0udios, v\u00eddeos, animacions, combinacions de colors, productes i serveis, marques, logotips, lemes, etc.) s\u00f3n propietat de CDO, excepte que s\u2019especifiqui altra cosa.<\/p>\n<p data-start=\"5654\" data-end=\"5877\">En cap cas l\u2019acc\u00e9s o navegaci\u00f3 al lloc web implica ren\u00fancia, transmissi\u00f3 o llic\u00e8ncia total o parcial de CDO per a \u00fas personal o professional a la persona usu\u00e0ria sobre els seus drets de propietat intel\u00b7lectual i industrial.<\/p>\n<p data-start=\"5879\" data-end=\"6147\">Queden prohibides la reproducci\u00f3, distribuci\u00f3, comercialitzaci\u00f3, comunicaci\u00f3 p\u00fablica, transformaci\u00f3 o qualsevol altra activitat que es pugui realitzar amb els continguts i utilitats d\u2019aquest lloc web, excepte autoritzaci\u00f3 pr\u00e8via, expressa i per escrit per part de CDO.<\/p>\n<p data-start=\"6149\" data-end=\"6664\">La persona usu\u00e0ria es compromet a no realitzar cap acci\u00f3 que perjudiqui la titularitat del lloc web i els seus continguts. La utilitzaci\u00f3 no autoritzada de la informaci\u00f3 i utilitats contingudes en el lloc web, aix\u00ed com els perjudicis ocasionats en els drets de propietat intel\u00b7lectual i industrial de CDO o, si escau, altres titulars, poden donar lloc a l\u2019exercici de les accions que legalment corresponguin i, si escau, a les responsabilitats que d\u2019aquest exercici es derivin, incloses les de naturalesa econ\u00f2mica.<\/p>\n<p data-start=\"6666\" data-end=\"6697\"><strong data-start=\"6666\" data-end=\"6697\">5. Vig\u00e8ncia i modificacions<\/strong><\/p>\n<p data-start=\"6699\" data-end=\"7210\">CDO es reserva el dret de modificar aquestes Condicions d\u2019acord amb el seu criteri, b\u00e9 amb la finalitat d\u2019adequar-se als canvis legislatius, b\u00e9 amb la finalitat de dur a terme un altre tipus d\u2019actualitzacions o millores. Aquestes modificacions seran v\u00e0lides des de la seva publicaci\u00f3 al lloc web. La relaci\u00f3 amb les persones usu\u00e0ries es regir\u00e0 per les normes previstes en el moment en qu\u00e8 s\u2019accedeixi al lloc web. \u00c9s per aix\u00f2 que CDO li recomana revisar aquestes Condicions cada cop que es connecti al lloc web.<\/p>\n<p data-start=\"7212\" data-end=\"7230\"><strong data-start=\"7212\" data-end=\"7230\">6. Jurisdicci\u00f3<\/strong><\/p>\n<p data-start=\"7232\" data-end=\"7679\">Les relacions establertes entre CDO i la persona usu\u00e0ria es regiran pel que disposa la normativa vigent sobre la legislaci\u00f3 aplicable i la jurisdicci\u00f3 competent. No obstant aix\u00f2, per als casos en qu\u00e8 la normativa prevegi la possibilitat a les parts de sotmetre\u2019s a un fur, CDO i la persona usu\u00e0ria, amb ren\u00fancia expressa a qualsevol altre fur que els pogu\u00e9s correspondre, se sotmeten als Jutjats i Tribunals de Donostia \/ Sant Sebasti\u00e0 (Gipuzkoa).<\/p>\n<p data-start=\"7681\" data-end=\"7948\">CDO perseguir\u00e0 l\u2019incompliment d\u2019aquestes Condicions, aix\u00ed com qualsevol utilitzaci\u00f3 indeguda dels continguts i utilitats presentats en el seu lloc web exercint totes les accions civils i penals que li puguin correspondre en Dret, incloses les de naturalesa econ\u00f2mica.<\/p>\n<\/div>\n<\/div><\/div><\/div><\/div><\/div>","protected":false},"excerpt":{"rendered":"<p>Informaci\u00f3 legal En compliment de la normativa vigent li informem que el domini d\u2019internet www.cdo-fitness.com (en endavant \u201cel lloc web\u201d), &#8230; <a title=\"Av\u00eds legal\" class=\"read-more\" href=\"https:\/\/cdo-fitness.com\/ca\/avis-legal\/\" aria-label=\"More on Av\u00eds legal\">Leer m\u00e1s<\/a><\/p>\n","protected":false},"author":2,"featured_media":0,"parent":0,"menu_order":0,"comment_status":"closed","ping_status":"closed","template":"","meta":{"_acf_changed":false,"content-type":"","footnotes":""},"categories":[],"tags":[],"class_list":["post-4754","page","type-page","status-publish"],"acf":[],"yoast_head":"<!-- This site is optimized with the Yoast SEO plugin v27.5 - https:\/\/yoast.com\/product\/yoast-seo-wordpress\/ -->\n<title>Av\u00eds legal<\/title>\n<meta name=\"description\" content=\"Informaci\u00f3 legal sobre CDO. Compliment de la normativa vigent i informaci\u00f3 sobre el domini.\" \/>\n<meta name=\"robots\" content=\"index, follow, max-snippet:-1, max-image-preview:large, max-video-preview:-1\" \/>\n<link rel=\"canonical\" href=\"https:\/\/cdo-fitness.com\/ca\/avis-legal\/\" \/>\n<meta property=\"og:locale\" content=\"ca_ES\" \/>\n<meta property=\"og:type\" content=\"article\" \/>\n<meta property=\"og:title\" content=\"Av\u00eds legal\" \/>\n<meta property=\"og:description\" content=\"Informaci\u00f3 legal sobre CDO. Compliment de la normativa vigent i informaci\u00f3 sobre el domini.\" \/>\n<meta property=\"og:url\" content=\"https:\/\/cdo-fitness.com\/ca\/avis-legal\/\" \/>\n<meta property=\"og:site_name\" content=\"cdo\" \/>\n<meta property=\"article:modified_time\" content=\"2025-07-01T15:47:35+00:00\" \/>\n<meta property=\"og:image\" content=\"https:\/\/cdo-fitness.com\/wp-content\/uploads\/2025\/03\/\u00bfGestionamos-tu-centros-3.png\" \/>\n\t<meta property=\"og:image:width\" content=\"662\" \/>\n\t<meta property=\"og:image:height\" content=\"404\" \/>\n\t<meta property=\"og:image:type\" content=\"image\/png\" \/>\n<meta name=\"twitter:card\" content=\"summary_large_image\" \/>\n<meta name=\"twitter:label1\" content=\"Temps estimat de lectura\" \/>\n\t<meta name=\"twitter:data1\" content=\"7 minuts\" \/>\n<script type=\"application\/ld+json\" class=\"yoast-schema-graph\">{\"@context\":\"https:\\\/\\\/schema.org\",\"@graph\":[{\"@type\":\"WebPage\",\"@id\":\"https:\\\/\\\/cdo-fitness.com\\\/ca\\\/avis-legal\\\/\",\"url\":\"https:\\\/\\\/cdo-fitness.com\\\/ca\\\/avis-legal\\\/\",\"name\":\"Av\u00eds legal\",\"isPartOf\":{\"@id\":\"https:\\\/\\\/cdo-fitness.com\\\/ca\\\/#website\"},\"datePublished\":\"2023-02-10T17:03:23+00:00\",\"dateModified\":\"2025-07-01T15:47:35+00:00\",\"description\":\"Informaci\u00f3 legal sobre CDO. Compliment de la normativa vigent i informaci\u00f3 sobre el domini.\",\"breadcrumb\":{\"@id\":\"https:\\\/\\\/cdo-fitness.com\\\/ca\\\/avis-legal\\\/#breadcrumb\"},\"inLanguage\":\"ca\",\"potentialAction\":[{\"@type\":\"ReadAction\",\"target\":[\"https:\\\/\\\/cdo-fitness.com\\\/ca\\\/avis-legal\\\/\"]}]},{\"@type\":\"BreadcrumbList\",\"@id\":\"https:\\\/\\\/cdo-fitness.com\\\/ca\\\/avis-legal\\\/#breadcrumb\",\"itemListElement\":[{\"@type\":\"ListItem\",\"position\":1,\"name\":\"Portada\",\"item\":\"https:\\\/\\\/cdo-fitness.com\\\/ca\\\/\"},{\"@type\":\"ListItem\",\"position\":2,\"name\":\"Av\u00eds legal\"}]},{\"@type\":\"WebSite\",\"@id\":\"https:\\\/\\\/cdo-fitness.com\\\/ca\\\/#website\",\"url\":\"https:\\\/\\\/cdo-fitness.com\\\/ca\\\/\",\"name\":\"CDO Fitness\",\"description\":\"Gesti\u00f3 de poliesportius municipals\",\"publisher\":{\"@id\":\"https:\\\/\\\/cdo-fitness.com\\\/ca\\\/#organization\"},\"alternateName\":\"Gimnasios CDO\",\"potentialAction\":[{\"@type\":\"SearchAction\",\"target\":{\"@type\":\"EntryPoint\",\"urlTemplate\":\"https:\\\/\\\/cdo-fitness.com\\\/ca\\\/?s={search_term_string}\"},\"query-input\":{\"@type\":\"PropertyValueSpecification\",\"valueRequired\":true,\"valueName\":\"search_term_string\"}}],\"inLanguage\":\"ca\"},{\"@type\":\"Organization\",\"@id\":\"https:\\\/\\\/cdo-fitness.com\\\/ca\\\/#organization\",\"name\":\"CDO Fitness\",\"alternateName\":\"Club deporte y ocio\",\"url\":\"https:\\\/\\\/cdo-fitness.com\\\/ca\\\/\",\"logo\":{\"@type\":\"ImageObject\",\"inLanguage\":\"ca\",\"@id\":\"https:\\\/\\\/cdo-fitness.com\\\/ca\\\/#\\\/schema\\\/logo\\\/image\\\/\",\"url\":\"https:\\\/\\\/cdo-fitness.com\\\/wp-content\\\/uploads\\\/2025\\\/03\\\/cropped-\u00bfGestionamos-tu-centros-3.png\",\"contentUrl\":\"https:\\\/\\\/cdo-fitness.com\\\/wp-content\\\/uploads\\\/2025\\\/03\\\/cropped-\u00bfGestionamos-tu-centros-3.png\",\"width\":661,\"height\":284,\"caption\":\"CDO Fitness\"},\"image\":{\"@id\":\"https:\\\/\\\/cdo-fitness.com\\\/ca\\\/#\\\/schema\\\/logo\\\/image\\\/\"},\"sameAs\":[\"https:\\\/\\\/www.instagram.com\\\/cdo.fitness\\\/\"]}]}<\/script>\n<!-- \/ Yoast SEO plugin. -->","yoast_head_json":{"title":"Av\u00eds legal","description":"Informaci\u00f3 legal sobre CDO. Compliment de la normativa vigent i informaci\u00f3 sobre el domini.","robots":{"index":"index","follow":"follow","max-snippet":"max-snippet:-1","max-image-preview":"max-image-preview:large","max-video-preview":"max-video-preview:-1"},"canonical":"https:\/\/cdo-fitness.com\/ca\/avis-legal\/","og_locale":"ca_ES","og_type":"article","og_title":"Av\u00eds legal","og_description":"Informaci\u00f3 legal sobre CDO. Compliment de la normativa vigent i informaci\u00f3 sobre el domini.","og_url":"https:\/\/cdo-fitness.com\/ca\/avis-legal\/","og_site_name":"cdo","article_modified_time":"2025-07-01T15:47:35+00:00","og_image":[{"width":662,"height":404,"url":"https:\/\/cdo-fitness.com\/wp-content\/uploads\/2025\/03\/\u00bfGestionamos-tu-centros-3.png","type":"image\/png"}],"twitter_card":"summary_large_image","twitter_misc":{"Temps estimat de lectura":"7 minuts"},"schema":{"@context":"https:\/\/schema.org","@graph":[{"@type":"WebPage","@id":"https:\/\/cdo-fitness.com\/ca\/avis-legal\/","url":"https:\/\/cdo-fitness.com\/ca\/avis-legal\/","name":"Av\u00eds legal","isPartOf":{"@id":"https:\/\/cdo-fitness.com\/ca\/#website"},"datePublished":"2023-02-10T17:03:23+00:00","dateModified":"2025-07-01T15:47:35+00:00","description":"Informaci\u00f3 legal sobre CDO. Compliment de la normativa vigent i informaci\u00f3 sobre el domini.","breadcrumb":{"@id":"https:\/\/cdo-fitness.com\/ca\/avis-legal\/#breadcrumb"},"inLanguage":"ca","potentialAction":[{"@type":"ReadAction","target":["https:\/\/cdo-fitness.com\/ca\/avis-legal\/"]}]},{"@type":"BreadcrumbList","@id":"https:\/\/cdo-fitness.com\/ca\/avis-legal\/#breadcrumb","itemListElement":[{"@type":"ListItem","position":1,"name":"Portada","item":"https:\/\/cdo-fitness.com\/ca\/"},{"@type":"ListItem","position":2,"name":"Av\u00eds legal"}]},{"@type":"WebSite","@id":"https:\/\/cdo-fitness.com\/ca\/#website","url":"https:\/\/cdo-fitness.com\/ca\/","name":"CDO Fitness","description":"Gesti\u00f3 de poliesportius municipals","publisher":{"@id":"https:\/\/cdo-fitness.com\/ca\/#organization"},"alternateName":"Gimnasios CDO","potentialAction":[{"@type":"SearchAction","target":{"@type":"EntryPoint","urlTemplate":"https:\/\/cdo-fitness.com\/ca\/?s={search_term_string}"},"query-input":{"@type":"PropertyValueSpecification","valueRequired":true,"valueName":"search_term_string"}}],"inLanguage":"ca"},{"@type":"Organization","@id":"https:\/\/cdo-fitness.com\/ca\/#organization","name":"CDO Fitness","alternateName":"Club deporte y ocio","url":"https:\/\/cdo-fitness.com\/ca\/","logo":{"@type":"ImageObject","inLanguage":"ca","@id":"https:\/\/cdo-fitness.com\/ca\/#\/schema\/logo\/image\/","url":"https:\/\/cdo-fitness.com\/wp-content\/uploads\/2025\/03\/cropped-\u00bfGestionamos-tu-centros-3.png","contentUrl":"https:\/\/cdo-fitness.com\/wp-content\/uploads\/2025\/03\/cropped-\u00bfGestionamos-tu-centros-3.png","width":661,"height":284,"caption":"CDO Fitness"},"image":{"@id":"https:\/\/cdo-fitness.com\/ca\/#\/schema\/logo\/image\/"},"sameAs":["https:\/\/www.instagram.com\/cdo.fitness\/"]}]}},"_links":{"self":[{"href":"https:\/\/cdo-fitness.com\/ca\/wp-json\/wp\/v2\/pages\/4754","targetHints":{"allow":["GET"]}}],"collection":[{"href":"https:\/\/cdo-fitness.com\/ca\/wp-json\/wp\/v2\/pages"}],"about":[{"href":"https:\/\/cdo-fitness.com\/ca\/wp-json\/wp\/v2\/types\/page"}],"author":[{"embeddable":true,"href":"https:\/\/cdo-fitness.com\/ca\/wp-json\/wp\/v2\/users\/2"}],"replies":[{"embeddable":true,"href":"https:\/\/cdo-fitness.com\/ca\/wp-json\/wp\/v2\/comments?post=4754"}],"version-history":[{"count":13,"href":"https:\/\/cdo-fitness.com\/ca\/wp-json\/wp\/v2\/pages\/4754\/revisions"}],"predecessor-version":[{"id":15684,"href":"https:\/\/cdo-fitness.com\/ca\/wp-json\/wp\/v2\/pages\/4754\/revisions\/15684"}],"wp:attachment":[{"href":"https:\/\/cdo-fitness.com\/ca\/wp-json\/wp\/v2\/media?parent=4754"}],"wp:term":[{"taxonomy":"category","embeddable":true,"href":"https:\/\/cdo-fitness.com\/ca\/wp-json\/wp\/v2\/categories?post=4754"},{"taxonomy":"post_tag","embeddable":true,"href":"https:\/\/cdo-fitness.com\/ca\/wp-json\/wp\/v2\/tags?post=4754"}],"curies":[{"name":"wp","href":"https:\/\/api.w.org\/{rel}","templated":true}]}}