{"id":4629,"date":"2023-04-24T07:11:23","date_gmt":"2023-04-24T07:11:23","guid":{"rendered":"https:\/\/cdo-fitness.com\/canal-etico\/"},"modified":"2025-12-04T10:42:30","modified_gmt":"2025-12-04T10:42:30","slug":"canal-etico","status":"publish","type":"page","link":"https:\/\/cdo-fitness.com\/ca\/canal-etico\/","title":{"rendered":"Canal \u00c8tic"},"content":{"rendered":"<div id=\"pl-4629\"  class=\"panel-layout\" ><div id=\"pg-4629-0\"  class=\"panel-grid panel-no-style\" ><div id=\"pgc-4629-0-0\"  class=\"panel-grid-cell\" ><div id=\"panel-4629-0-0-0\" class=\"so-panel widget widget_sow-editor panel-first-child panel-last-child\" data-index=\"0\" ><div\n\t\t\t\n\t\t\tclass=\"so-widget-sow-editor so-widget-sow-editor-base\"\n\t\t\t\n\t\t>\n<div class=\"siteorigin-widget-tinymce textwidget\">\n\t<p style=\"text-align: justify;\">CDO posa a la vostra disposici\u00f3 el vostre Canal \u00c8tic perqu\u00e8 les persones f\u00edsiques relacionades amb les seves activitats puguin informar, de forma confidencial, sobre qualsevol acci\u00f3 o omissi\u00f3 que pugui constituir una infracci\u00f3 legal, especialment de naturalesa penal o administrativa.<\/p>\n<p style=\"text-align: justify;\">CDO mant\u00e9 una pol\u00edtica corporativa d'\u00e8tica empresarial basada en el principi de <strong>toler\u00e0ncia zero<\/strong> cap a la comissi\u00f3 d'actes il\u00b7l\u00edcits, incompliments normatius o qualsevol mena de corrupci\u00f3, ab\u00fas o discriminaci\u00f3.<\/p>\n<p style=\"text-align: justify;\"><img loading=\"lazy\" decoding=\"async\" class=\"wp-image-6310 size-medium alignright\" src=\"https:\/\/cdo-fitness.com\/wp-content\/uploads\/2023\/06\/Tolerancia-cero-300x223.png\" alt=\"\" width=\"300\" height=\"223\" data-wp-editing=\"1\" srcset=\"https:\/\/cdo-fitness.com\/wp-content\/uploads\/2023\/06\/Tolerancia-cero-300x223.png 300w, https:\/\/cdo-fitness.com\/wp-content\/uploads\/2023\/06\/Tolerancia-cero-1024x761.png 1024w, https:\/\/cdo-fitness.com\/wp-content\/uploads\/2023\/06\/Tolerancia-cero-768x571.png 768w, https:\/\/cdo-fitness.com\/wp-content\/uploads\/2023\/06\/Tolerancia-cero-1536x1142.png 1536w, https:\/\/cdo-fitness.com\/wp-content\/uploads\/2023\/06\/Tolerancia-cero-2048x1523.png 2048w\" sizes=\"auto, (max-width: 300px) 100vw, 300px\" \/><\/p>\n<p style=\"text-align: justify;\">La gesti\u00f3 del nostre Canal \u00c8tic \u00e9s realitzada per una empresa externa, amb la finalitat de dotar les comunicacions que es rebin de la major confidencialitat i objectivitat possible.<\/p>\n<p style=\"text-align: justify;\">La utilitzaci\u00f3 del canal \u00e8tic requereix l'actuaci\u00f3 de bona fe per part de les persones usu\u00e0ries. La informaci\u00f3 que faciliti a trav\u00e9s del canal \u00e8tic ha de ser vera\u00e7 i exclusivament relativa a una acci\u00f3 o omissi\u00f3 que pugui constituir una infracci\u00f3 legal. Queda exclosa la utilitzaci\u00f3 del Canal \u00c8tic per a altres finalitats.<\/p>\n<p style=\"text-align: justify;\">La normativa garanteix l'abs\u00e8ncia de repres\u00e0lies envers les persones que facin un bon \u00fas del Canal \u00c8tic, per\u00f2 tamb\u00e9 estableix sancions per als casos en qu\u00e8 s'utilitzi de mala fe com ara comunicar informacions falses o incompletes.<\/p>\n<p style=\"text-align: justify;\">El Canal \u00c8tic est\u00e0 disponible aqu\u00ed: <a href=\"https:\/\/centinela.lefebvre.es\/public\/concept\/2376688?access=j4CayRY2VNIqVhV0BZdY60R4dBqDP7P6qneJ9tVTh6g%3D\" target=\"_blank\" rel=\"noopener\">Canal \u00e9tic<\/a><\/p>\n<p style=\"text-align: justify;\">El funcionament del nostre Canal \u00c8tic i Sistema Intern d'Informaci\u00f3 s'ajustar\u00e0 en tot moment al que estableix la Directiva de la Uni\u00f3 Europea 2019\/1937 relativa a la protecci\u00f3 de les persones que informin sobre infraccions del Dret de la Uni\u00f3, a la Llei 2 \/2023, de 20 de febrer, reguladora de la protecci\u00f3 de les persones que informin sobre infraccions normatives i de lluita contra la corrupci\u00f3, aix\u00ed com en altres normes que les complementin, desenvolupin o substitueixin.<\/p>\n<p style=\"text-align: justify;\">Si voleu m\u00e9s informaci\u00f3 sobre aquest tema, podeu posar-vos en contacte amb nosaltres a l'adre\u00e7a de correu electr\u00f2nic: <strong>info@cdo-fitness.com<\/strong><\/p>\n<\/div>\n<\/div><\/div><\/div><\/div><\/div>","protected":false},"excerpt":{"rendered":"<p>CDO posa a la vostra disposici\u00f3 el vostre Canal \u00c8tic perqu\u00e8 les persones f\u00edsiques relacionades amb les seves activitats puguin &#8230; <a title=\"Canal \u00c8tic\" class=\"read-more\" href=\"https:\/\/cdo-fitness.com\/ca\/canal-etico\/\" aria-label=\"More on Canal \u00c8tic\">Leer m\u00e1s<\/a><\/p>\n","protected":false},"author":2,"featured_media":0,"parent":0,"menu_order":0,"comment_status":"closed","ping_status":"closed","template":"","meta":{"_acf_changed":false,"content-type":"","footnotes":""},"categories":[],"tags":[],"class_list":["post-4629","page","type-page","status-publish"],"acf":[],"yoast_head":"<!-- This site is optimized with the Yoast SEO plugin v27.5 - https:\/\/yoast.com\/product\/yoast-seo-wordpress\/ -->\n<title>Canal \u00e8tic - CDO<\/title>\n<meta name=\"description\" content=\"A CDO posem a la teva disposici\u00f3 el nostre Canal \u00c8tic, que permet que les persones f\u00edsiques que mantingueu alguna relaci\u00f3 amb les nostres activitats, pugueu contactar amb nosaltres i informar-nos directament quan ho necessiteu.\" \/>\n<meta name=\"robots\" content=\"index, follow, max-snippet:-1, max-image-preview:large, max-video-preview:-1\" \/>\n<link rel=\"canonical\" href=\"https:\/\/cdo-fitness.com\/ca\/canal-etico\/\" \/>\n<meta property=\"og:locale\" content=\"ca_ES\" \/>\n<meta property=\"og:type\" content=\"article\" \/>\n<meta property=\"og:title\" content=\"Canal \u00e8tic - CDO\" \/>\n<meta property=\"og:description\" content=\"A CDO posem a la teva disposici\u00f3 el nostre Canal \u00c8tic, que permet que les persones f\u00edsiques que mantingueu alguna relaci\u00f3 amb les nostres activitats, pugueu contactar amb nosaltres i informar-nos directament quan ho necessiteu.\" \/>\n<meta property=\"og:url\" content=\"https:\/\/cdo-fitness.com\/ca\/canal-etico\/\" \/>\n<meta property=\"og:site_name\" content=\"cdo\" \/>\n<meta property=\"article:modified_time\" content=\"2025-12-04T10:42:30+00:00\" \/>\n<meta property=\"og:image\" content=\"https:\/\/cdo-fitness.com\/wp-content\/uploads\/2023\/06\/Tolerancia-cero-1024x761.png\" \/>\n\t<meta property=\"og:image:width\" content=\"1024\" \/>\n\t<meta property=\"og:image:height\" content=\"761\" \/>\n\t<meta property=\"og:image:type\" content=\"image\/png\" \/>\n<meta name=\"twitter:card\" content=\"summary_large_image\" \/>\n<meta name=\"twitter:label1\" content=\"Temps estimat de lectura\" \/>\n\t<meta name=\"twitter:data1\" content=\"2 minuts\" \/>\n<script type=\"application\/ld+json\" class=\"yoast-schema-graph\">{\"@context\":\"https:\\\/\\\/schema.org\",\"@graph\":[{\"@type\":\"WebPage\",\"@id\":\"https:\\\/\\\/cdo-fitness.com\\\/ca\\\/canal-etico\\\/\",\"url\":\"https:\\\/\\\/cdo-fitness.com\\\/ca\\\/canal-etico\\\/\",\"name\":\"Canal \u00e8tic - CDO\",\"isPartOf\":{\"@id\":\"https:\\\/\\\/cdo-fitness.com\\\/ca\\\/#website\"},\"primaryImageOfPage\":{\"@id\":\"https:\\\/\\\/cdo-fitness.com\\\/ca\\\/canal-etico\\\/#primaryimage\"},\"image\":{\"@id\":\"https:\\\/\\\/cdo-fitness.com\\\/ca\\\/canal-etico\\\/#primaryimage\"},\"thumbnailUrl\":\"https:\\\/\\\/cdo-fitness.com\\\/wp-content\\\/uploads\\\/2023\\\/06\\\/Tolerancia-cero-300x223.png\",\"datePublished\":\"2023-04-24T07:11:23+00:00\",\"dateModified\":\"2025-12-04T10:42:30+00:00\",\"description\":\"A CDO posem a la teva disposici\u00f3 el nostre Canal \u00c8tic, que permet que les persones f\u00edsiques que mantingueu alguna relaci\u00f3 amb les nostres activitats, pugueu contactar amb nosaltres i informar-nos directament quan ho necessiteu.\",\"breadcrumb\":{\"@id\":\"https:\\\/\\\/cdo-fitness.com\\\/ca\\\/canal-etico\\\/#breadcrumb\"},\"inLanguage\":\"ca\",\"potentialAction\":[{\"@type\":\"ReadAction\",\"target\":[\"https:\\\/\\\/cdo-fitness.com\\\/ca\\\/canal-etico\\\/\"]}]},{\"@type\":\"ImageObject\",\"inLanguage\":\"ca\",\"@id\":\"https:\\\/\\\/cdo-fitness.com\\\/ca\\\/canal-etico\\\/#primaryimage\",\"url\":\"https:\\\/\\\/cdo-fitness.com\\\/wp-content\\\/uploads\\\/2023\\\/06\\\/Tolerancia-cero-300x223.png\",\"contentUrl\":\"https:\\\/\\\/cdo-fitness.com\\\/wp-content\\\/uploads\\\/2023\\\/06\\\/Tolerancia-cero-300x223.png\"},{\"@type\":\"BreadcrumbList\",\"@id\":\"https:\\\/\\\/cdo-fitness.com\\\/ca\\\/canal-etico\\\/#breadcrumb\",\"itemListElement\":[{\"@type\":\"ListItem\",\"position\":1,\"name\":\"Portada\",\"item\":\"https:\\\/\\\/cdo-fitness.com\\\/ca\\\/\"},{\"@type\":\"ListItem\",\"position\":2,\"name\":\"Canal \u00c8tic\"}]},{\"@type\":\"WebSite\",\"@id\":\"https:\\\/\\\/cdo-fitness.com\\\/ca\\\/#website\",\"url\":\"https:\\\/\\\/cdo-fitness.com\\\/ca\\\/\",\"name\":\"CDO Fitness\",\"description\":\"Gesti\u00f3 de poliesportius municipals\",\"publisher\":{\"@id\":\"https:\\\/\\\/cdo-fitness.com\\\/ca\\\/#organization\"},\"alternateName\":\"Gimnasios CDO\",\"potentialAction\":[{\"@type\":\"SearchAction\",\"target\":{\"@type\":\"EntryPoint\",\"urlTemplate\":\"https:\\\/\\\/cdo-fitness.com\\\/ca\\\/?s={search_term_string}\"},\"query-input\":{\"@type\":\"PropertyValueSpecification\",\"valueRequired\":true,\"valueName\":\"search_term_string\"}}],\"inLanguage\":\"ca\"},{\"@type\":\"Organization\",\"@id\":\"https:\\\/\\\/cdo-fitness.com\\\/ca\\\/#organization\",\"name\":\"CDO Fitness\",\"alternateName\":\"Club deporte y ocio\",\"url\":\"https:\\\/\\\/cdo-fitness.com\\\/ca\\\/\",\"logo\":{\"@type\":\"ImageObject\",\"inLanguage\":\"ca\",\"@id\":\"https:\\\/\\\/cdo-fitness.com\\\/ca\\\/#\\\/schema\\\/logo\\\/image\\\/\",\"url\":\"https:\\\/\\\/cdo-fitness.com\\\/wp-content\\\/uploads\\\/2025\\\/03\\\/cropped-\u00bfGestionamos-tu-centros-3.png\",\"contentUrl\":\"https:\\\/\\\/cdo-fitness.com\\\/wp-content\\\/uploads\\\/2025\\\/03\\\/cropped-\u00bfGestionamos-tu-centros-3.png\",\"width\":661,\"height\":284,\"caption\":\"CDO Fitness\"},\"image\":{\"@id\":\"https:\\\/\\\/cdo-fitness.com\\\/ca\\\/#\\\/schema\\\/logo\\\/image\\\/\"},\"sameAs\":[\"https:\\\/\\\/www.instagram.com\\\/cdo.fitness\\\/\"]}]}<\/script>\n<!-- \/ Yoast SEO plugin. -->","yoast_head_json":{"title":"Canal \u00e8tic - CDO","description":"A CDO posem a la teva disposici\u00f3 el nostre Canal \u00c8tic, que permet que les persones f\u00edsiques que mantingueu alguna relaci\u00f3 amb les nostres activitats, pugueu contactar amb nosaltres i informar-nos directament quan ho necessiteu.","robots":{"index":"index","follow":"follow","max-snippet":"max-snippet:-1","max-image-preview":"max-image-preview:large","max-video-preview":"max-video-preview:-1"},"canonical":"https:\/\/cdo-fitness.com\/ca\/canal-etico\/","og_locale":"ca_ES","og_type":"article","og_title":"Canal \u00e8tic - CDO","og_description":"A CDO posem a la teva disposici\u00f3 el nostre Canal \u00c8tic, que permet que les persones f\u00edsiques que mantingueu alguna relaci\u00f3 amb les nostres activitats, pugueu contactar amb nosaltres i informar-nos directament quan ho necessiteu.","og_url":"https:\/\/cdo-fitness.com\/ca\/canal-etico\/","og_site_name":"cdo","article_modified_time":"2025-12-04T10:42:30+00:00","og_image":[{"width":1024,"height":761,"url":"https:\/\/cdo-fitness.com\/wp-content\/uploads\/2023\/06\/Tolerancia-cero-1024x761.png","type":"image\/png"}],"twitter_card":"summary_large_image","twitter_misc":{"Temps estimat de lectura":"2 minuts"},"schema":{"@context":"https:\/\/schema.org","@graph":[{"@type":"WebPage","@id":"https:\/\/cdo-fitness.com\/ca\/canal-etico\/","url":"https:\/\/cdo-fitness.com\/ca\/canal-etico\/","name":"Canal \u00e8tic - CDO","isPartOf":{"@id":"https:\/\/cdo-fitness.com\/ca\/#website"},"primaryImageOfPage":{"@id":"https:\/\/cdo-fitness.com\/ca\/canal-etico\/#primaryimage"},"image":{"@id":"https:\/\/cdo-fitness.com\/ca\/canal-etico\/#primaryimage"},"thumbnailUrl":"https:\/\/cdo-fitness.com\/wp-content\/uploads\/2023\/06\/Tolerancia-cero-300x223.png","datePublished":"2023-04-24T07:11:23+00:00","dateModified":"2025-12-04T10:42:30+00:00","description":"A CDO posem a la teva disposici\u00f3 el nostre Canal \u00c8tic, que permet que les persones f\u00edsiques que mantingueu alguna relaci\u00f3 amb les nostres activitats, pugueu contactar amb nosaltres i informar-nos directament quan ho necessiteu.","breadcrumb":{"@id":"https:\/\/cdo-fitness.com\/ca\/canal-etico\/#breadcrumb"},"inLanguage":"ca","potentialAction":[{"@type":"ReadAction","target":["https:\/\/cdo-fitness.com\/ca\/canal-etico\/"]}]},{"@type":"ImageObject","inLanguage":"ca","@id":"https:\/\/cdo-fitness.com\/ca\/canal-etico\/#primaryimage","url":"https:\/\/cdo-fitness.com\/wp-content\/uploads\/2023\/06\/Tolerancia-cero-300x223.png","contentUrl":"https:\/\/cdo-fitness.com\/wp-content\/uploads\/2023\/06\/Tolerancia-cero-300x223.png"},{"@type":"BreadcrumbList","@id":"https:\/\/cdo-fitness.com\/ca\/canal-etico\/#breadcrumb","itemListElement":[{"@type":"ListItem","position":1,"name":"Portada","item":"https:\/\/cdo-fitness.com\/ca\/"},{"@type":"ListItem","position":2,"name":"Canal \u00c8tic"}]},{"@type":"WebSite","@id":"https:\/\/cdo-fitness.com\/ca\/#website","url":"https:\/\/cdo-fitness.com\/ca\/","name":"CDO Fitness","description":"Gesti\u00f3 de poliesportius municipals","publisher":{"@id":"https:\/\/cdo-fitness.com\/ca\/#organization"},"alternateName":"Gimnasios CDO","potentialAction":[{"@type":"SearchAction","target":{"@type":"EntryPoint","urlTemplate":"https:\/\/cdo-fitness.com\/ca\/?s={search_term_string}"},"query-input":{"@type":"PropertyValueSpecification","valueRequired":true,"valueName":"search_term_string"}}],"inLanguage":"ca"},{"@type":"Organization","@id":"https:\/\/cdo-fitness.com\/ca\/#organization","name":"CDO Fitness","alternateName":"Club deporte y ocio","url":"https:\/\/cdo-fitness.com\/ca\/","logo":{"@type":"ImageObject","inLanguage":"ca","@id":"https:\/\/cdo-fitness.com\/ca\/#\/schema\/logo\/image\/","url":"https:\/\/cdo-fitness.com\/wp-content\/uploads\/2025\/03\/cropped-\u00bfGestionamos-tu-centros-3.png","contentUrl":"https:\/\/cdo-fitness.com\/wp-content\/uploads\/2025\/03\/cropped-\u00bfGestionamos-tu-centros-3.png","width":661,"height":284,"caption":"CDO Fitness"},"image":{"@id":"https:\/\/cdo-fitness.com\/ca\/#\/schema\/logo\/image\/"},"sameAs":["https:\/\/www.instagram.com\/cdo.fitness\/"]}]}},"_links":{"self":[{"href":"https:\/\/cdo-fitness.com\/ca\/wp-json\/wp\/v2\/pages\/4629","targetHints":{"allow":["GET"]}}],"collection":[{"href":"https:\/\/cdo-fitness.com\/ca\/wp-json\/wp\/v2\/pages"}],"about":[{"href":"https:\/\/cdo-fitness.com\/ca\/wp-json\/wp\/v2\/types\/page"}],"author":[{"embeddable":true,"href":"https:\/\/cdo-fitness.com\/ca\/wp-json\/wp\/v2\/users\/2"}],"replies":[{"embeddable":true,"href":"https:\/\/cdo-fitness.com\/ca\/wp-json\/wp\/v2\/comments?post=4629"}],"version-history":[{"count":13,"href":"https:\/\/cdo-fitness.com\/ca\/wp-json\/wp\/v2\/pages\/4629\/revisions"}],"predecessor-version":[{"id":16097,"href":"https:\/\/cdo-fitness.com\/ca\/wp-json\/wp\/v2\/pages\/4629\/revisions\/16097"}],"wp:attachment":[{"href":"https:\/\/cdo-fitness.com\/ca\/wp-json\/wp\/v2\/media?parent=4629"}],"wp:term":[{"taxonomy":"category","embeddable":true,"href":"https:\/\/cdo-fitness.com\/ca\/wp-json\/wp\/v2\/categories?post=4629"},{"taxonomy":"post_tag","embeddable":true,"href":"https:\/\/cdo-fitness.com\/ca\/wp-json\/wp\/v2\/tags?post=4629"}],"curies":[{"name":"wp","href":"https:\/\/api.w.org\/{rel}","templated":true}]}}