{"id":15685,"date":"2025-07-01T15:51:56","date_gmt":"2025-07-01T15:51:56","guid":{"rendered":"https:\/\/cdo-fitness.com\/?page_id=15685"},"modified":"2025-07-01T15:53:24","modified_gmt":"2025-07-01T15:53:24","slug":"avis-legal-ateneu","status":"publish","type":"page","link":"https:\/\/cdo-fitness.com\/ca\/avis-legal-ateneu\/","title":{"rendered":"Av\u00eds legal Ateneu"},"content":{"rendered":"<div id=\"pl-15685\"  class=\"panel-layout\" ><div id=\"pg-15685-0\"  class=\"panel-grid panel-no-style\" ><div id=\"pgc-15685-0-0\"  class=\"panel-grid-cell\" ><div id=\"panel-15685-0-0-0\" class=\"so-panel widget widget_sow-editor panel-first-child panel-last-child\" data-index=\"0\" ><div\n\t\t\t\n\t\t\tclass=\"so-widget-sow-editor so-widget-sow-editor-base\"\n\t\t\t\n\t\t>\n<div class=\"siteorigin-widget-tinymce textwidget\">\n\t<h2>Informaci\u00f3 legal<\/h2>\n<p>En compliment de la normativa vigent us informem que el domini d'internet <a href=\"http:\/\/www.ateneulesbases.cat\">www.ateneulesbases.cat<\/a> (en endavant \u201cel lloc web\u201d), \u00e9s titularitat d\u2019Ateneu Les Bases, A.I.E. (en endavant \u201cAteneu Les Bases\u201d), amb NIF V65168437, seu al carrer Gurutzegi 12, 1r, local 8, Pol\u00edgon Belartza, 20018 Donostia \/ Sant Sebasti\u00e0 (Gipuzkoa), tel\u00e8fon 943672459 i correu electr\u00f2nic <a href=\"mailto:rgpd@cdo-fitness.com\">rgpd@cdo-fitness.com<\/a>, inscrita en el Registre Mercantil de Barcelona amb tom 41918, foli 89, secci\u00f3 8, fulla B-395473.<\/p>\n<p>Ateneu Les Bases t\u00e9 per objecte principal la gesti\u00f3 i assist\u00e8ncia t\u00e8cnica en l\u2019\u00e0mbit de l\u2019esport, i actua com a \u201cResponsable del Tractament\u201d (o, si escau, com a \u201cEncarregat del Tractament\u201d) en relaci\u00f3 amb els tractaments de dades personals (persones usu\u00e0ries del lloc web, sol\u00b7licitants d'informaci\u00f3, etc.) que es realitzen a trav\u00e9s d\u2019aquest lloc web. No obstant aix\u00f2, en aquells casos en qu\u00e8 Ateneu Les Bases publiqui not\u00edcies i enlla\u00e7os a llocs web o xarxes socials externes, la seva funci\u00f3 \u00e9s merament informativa i els possibles tractaments de dades personals que es puguin produir en relaci\u00f3 amb els continguts de not\u00edcies i enlla\u00e7os i la seva utilitzaci\u00f3 per part de les persones usu\u00e0ries no s\u00f3n titularitat d\u2019Ateneu Les Bases.<\/p>\n<p>La persona que visita i utilitza aquest lloc web \u00e9s usu\u00e0ria del lloc web (en endavant \u201cla persona usu\u00e0ria\u201d).<\/p>\n<h3>1. Finalitats<\/h3>\n<p>Les finalitats principals del lloc web s\u00f3n donar a con\u00e8ixer, oferir i gestionar els serveis esportius d\u2019Ateneu Les Bases; proporcionar una eina de contacte, consulta i comunicaci\u00f3 amb les persones interessades, responent a sol\u00b7licituds i peticions; i informar, organitzar i difondre les activitats i iniciatives en qu\u00e8 Ateneu Les Bases participi.<\/p>\n<h3>2. Condicions d\u2019\u00fas<\/h3>\n<p>La persona usu\u00e0ria accedeix a aquest lloc web de forma volunt\u00e0ria. L\u2019acc\u00e9s a aquest lloc web t\u00e9 car\u00e0cter gratu\u00eft. La navegaci\u00f3 en aquest lloc web implica acceptar i con\u00e8ixer els advertiments legals, condicions i termes d\u2019\u00fas, pol\u00edtica de privacitat i pol\u00edtica de cookies que hi s\u00f3n continguts. Si la persona usu\u00e0ria no est\u00e0 d\u2019acord amb aquestes condicions i no les accepta sense reserves, no podr\u00e0 fer \u00fas del lloc web.<\/p>\n<p>L\u2019acc\u00e9s al lloc web, aix\u00ed com l\u2019\u00fas que es pugui fer de la informaci\u00f3 i utilitats que cont\u00e9, s\u00f3n de l\u2019exclusiva responsabilitat de la persona usu\u00e0ria, que es compromet a utilitzar-lo amb respecte a la bona fe, a l\u2019ordenament jur\u00eddic, de manera \u00e8tica i d\u2019acord amb les seves finalitats. La persona usu\u00e0ria no pot fer un \u00fas il\u00b7l\u00edcit de la informaci\u00f3 i utilitats contingudes en el lloc web, ni dur a terme accions que puguin danyar o alterar-ne el contingut, funcionament, els sistemes inform\u00e0tics del lloc web, d\u2019Ateneu Les Bases o d\u2019altres persones usu\u00e0ries.<\/p>\n<p>Queda prohibida la inclusi\u00f3 i comunicaci\u00f3 de continguts, per part de les persones usu\u00e0ries, que siguin falsos o inexactes i que indueixin o puguin induir a error Ateneu Les Bases, les persones usu\u00e0ries del lloc web o tercers. Queda prohibit l\u2019\u00fas de dades personals de tercers sense el seu consentiment previ i expr\u00e9s, aix\u00ed com l\u2019\u00fas de dades identificatives de tercers amb l\u2019\u00e0nim de suplantar-ne la identitat. La persona usu\u00e0ria ser\u00e0 l\u2019\u00fanica responsable dels perjudicis que causi.<\/p>\n<h3>3. Exclusi\u00f3 de garanties i responsabilitat<\/h3>\n<p>Ateneu Les Bases realitza els m\u00e0xims esfor\u00e7os al seu abast per evitar errors en els continguts i utilitats que es publiquen en el lloc web, reservant-se la facultat de poder modificar-los en qualsevol moment. Ateneu Les Bases declina expressament qualsevol responsabilitat per error o omissi\u00f3 en els continguts d\u2019aquest lloc web i dels danys i perjudicis que puguin deure\u2019s a la seva manca de veracitat, exactitud o actualitzaci\u00f3.<\/p>\n<p>El lloc web pot oferir enlla\u00e7os a altres llocs web. Ateneu Les Bases no assumeix cap responsabilitat en relaci\u00f3 amb aquests llocs enlla\u00e7ats, ni els resultats de les cerques, ja que no en t\u00e9 cap control, ni del seu contingut, productes i serveis oferts, etc. La finalitat d\u2019aquests enlla\u00e7os \u00e9s informar sobre altres fonts d\u2019informaci\u00f3, per la qual cosa la persona usu\u00e0ria accedeix sota la seva exclusiva responsabilitat al contingut i en les condicions d\u2019\u00fas que hi regeixin. En el cas d\u2019enlla\u00e7os a xarxes socials, titularitat d\u2019Ateneu Les Bases o de tercers, aquestes es regiran per les seves pr\u00f2pies condicions d\u2019\u00fas.<\/p>\n<p>Ateneu Les Bases no es responsabilitzar\u00e0 de cap conseq\u00fc\u00e8ncia, dany o perjudici que pogu\u00e9s derivar-se de l\u2019\u00fas d\u2019aquest lloc web o dels seus continguts i utilitats, inclosos danys inform\u00e0tics i la introducci\u00f3 de virus o qualsevol tipus de programari malici\u00f3s. Ateneu Les Bases no garanteix l\u2019abs\u00e8ncia de virus ni d\u2019altres elements nocius en el lloc web, introdu\u00efts per terceres persones, que puguin produir alteracions en els sistemes f\u00edsics o l\u00f2gics de les persones usu\u00e0ries, per\u00f2 utilitza els mitjans al seu abast per tal que aix\u00f2 no succeeixi.<\/p>\n<p>Ateneu Les Bases es reserva el dret de modificar o suprimir en qualsevol moment, sense av\u00eds previ ni justificaci\u00f3 expressa, el disseny, la configuraci\u00f3 i la informaci\u00f3 continguda en aquest lloc web, si aix\u00ed ho considera oport\u00fa i segons el seu criteri. Ateneu Les Bases no es fa responsable dels perjudicis que aquestes modificacions puguin causar. No obstant aix\u00f2, utilitzar\u00e0 els recursos que tingui al seu abast per informar les persones usu\u00e0ries d\u2019aquestes modificacions.<\/p>\n<h3>4. Propietat intel\u00b7lectual<\/h3>\n<p>Els drets de propietat intel\u00b7lectual i industrial d\u2019aquest lloc web i dels elements que cont\u00e9, incloent-hi amb car\u00e0cter merament enunciatiu les seves p\u00e0gines, seccions, estructura, aparen\u00e7a, disseny, pantalles, la informaci\u00f3 i utilitats que cont\u00e9, codi font, textos, fotografies, imatges, so, \u00e0udios, v\u00eddeos, animacions, combinacions de colors, productes i serveis, marques, logotips, lemes, etc.) s\u00f3n propietat d\u2019Ateneu Les Bases, llevat que s\u2019hi especifiqui una altra cosa.<\/p>\n<p>En cap cas l\u2019acc\u00e9s o navegaci\u00f3 en el lloc web implica ren\u00fancia, transmissi\u00f3 o llic\u00e8ncia total o parcial d\u2019Ateneu Les Bases per a \u00fas personal o professional a la persona usu\u00e0ria sobre els seus drets de propietat intel\u00b7lectual i industrial.<\/p>\n<p>Queden prohibides la reproducci\u00f3, distribuci\u00f3, comercialitzaci\u00f3, comunicaci\u00f3 p\u00fablica, transformaci\u00f3 o qualsevol altra activitat que es pugui realitzar amb els continguts i util<\/p>\n<\/div>\n<\/div><\/div><\/div><\/div><\/div>","protected":false},"excerpt":{"rendered":"<p>Informaci\u00f3 legal En compliment de la normativa vigent us informem que el domini d&#8217;internet www.ateneulesbases.cat (en endavant \u201cel lloc web\u201d), &#8230; <a title=\"Av\u00eds legal Ateneu\" class=\"read-more\" href=\"https:\/\/cdo-fitness.com\/ca\/avis-legal-ateneu\/\" aria-label=\"More on Av\u00eds legal Ateneu\">Leer m\u00e1s<\/a><\/p>\n","protected":false},"author":2,"featured_media":0,"parent":0,"menu_order":0,"comment_status":"closed","ping_status":"closed","template":"","meta":{"_acf_changed":false,"content-type":"","footnotes":""},"categories":[],"tags":[],"class_list":["post-15685","page","type-page","status-publish"],"acf":[],"yoast_head":"<!-- This site is optimized with the Yoast SEO plugin v27.3 - https:\/\/yoast.com\/product\/yoast-seo-wordpress\/ -->\n<title>Av\u00eds legal Ateneu - cdo<\/title>\n<meta name=\"robots\" content=\"index, follow, max-snippet:-1, max-image-preview:large, max-video-preview:-1\" \/>\n<link rel=\"canonical\" href=\"https:\/\/cdo-fitness.com\/ca\/avis-legal-ateneu\/\" \/>\n<meta property=\"og:locale\" content=\"ca_ES\" \/>\n<meta property=\"og:type\" content=\"article\" \/>\n<meta property=\"og:title\" content=\"Av\u00eds legal Ateneu - cdo\" \/>\n<meta property=\"og:description\" content=\"Informaci\u00f3 legal En compliment de la normativa vigent us informem que el domini d&#039;internet www.ateneulesbases.cat (en endavant \u201cel lloc web\u201d), ... Leer m\u00e1s\" \/>\n<meta property=\"og:url\" content=\"https:\/\/cdo-fitness.com\/ca\/avis-legal-ateneu\/\" \/>\n<meta property=\"og:site_name\" content=\"cdo\" \/>\n<meta property=\"article:modified_time\" content=\"2025-07-01T15:53:24+00:00\" \/>\n<meta property=\"og:image\" content=\"https:\/\/cdo-fitness.com\/wp-content\/uploads\/2025\/03\/\u00bfGestionamos-tu-centros-3.png\" \/>\n\t<meta property=\"og:image:width\" content=\"662\" \/>\n\t<meta property=\"og:image:height\" content=\"404\" \/>\n\t<meta property=\"og:image:type\" content=\"image\/png\" \/>\n<meta name=\"twitter:card\" content=\"summary_large_image\" \/>\n<meta name=\"twitter:label1\" content=\"Temps estimat de lectura\" \/>\n\t<meta name=\"twitter:data1\" content=\"6 minuts\" \/>\n<script type=\"application\/ld+json\" class=\"yoast-schema-graph\">{\"@context\":\"https:\\\/\\\/schema.org\",\"@graph\":[{\"@type\":\"WebPage\",\"@id\":\"https:\\\/\\\/cdo-fitness.com\\\/ca\\\/avis-legal-ateneu\\\/\",\"url\":\"https:\\\/\\\/cdo-fitness.com\\\/ca\\\/avis-legal-ateneu\\\/\",\"name\":\"Av\u00eds legal Ateneu - cdo\",\"isPartOf\":{\"@id\":\"https:\\\/\\\/cdo-fitness.com\\\/ca\\\/#website\"},\"datePublished\":\"2025-07-01T15:51:56+00:00\",\"dateModified\":\"2025-07-01T15:53:24+00:00\",\"breadcrumb\":{\"@id\":\"https:\\\/\\\/cdo-fitness.com\\\/ca\\\/avis-legal-ateneu\\\/#breadcrumb\"},\"inLanguage\":\"ca\",\"potentialAction\":[{\"@type\":\"ReadAction\",\"target\":[\"https:\\\/\\\/cdo-fitness.com\\\/ca\\\/avis-legal-ateneu\\\/\"]}]},{\"@type\":\"BreadcrumbList\",\"@id\":\"https:\\\/\\\/cdo-fitness.com\\\/ca\\\/avis-legal-ateneu\\\/#breadcrumb\",\"itemListElement\":[{\"@type\":\"ListItem\",\"position\":1,\"name\":\"Portada\",\"item\":\"https:\\\/\\\/cdo-fitness.com\\\/ca\\\/\"},{\"@type\":\"ListItem\",\"position\":2,\"name\":\"Av\u00eds legal Ateneu\"}]},{\"@type\":\"WebSite\",\"@id\":\"https:\\\/\\\/cdo-fitness.com\\\/ca\\\/#website\",\"url\":\"https:\\\/\\\/cdo-fitness.com\\\/ca\\\/\",\"name\":\"CDO Fitness\",\"description\":\"Gesti\u00f3 de poliesportius municipals\",\"publisher\":{\"@id\":\"https:\\\/\\\/cdo-fitness.com\\\/ca\\\/#organization\"},\"alternateName\":\"Gimnasios CDO\",\"potentialAction\":[{\"@type\":\"SearchAction\",\"target\":{\"@type\":\"EntryPoint\",\"urlTemplate\":\"https:\\\/\\\/cdo-fitness.com\\\/ca\\\/?s={search_term_string}\"},\"query-input\":{\"@type\":\"PropertyValueSpecification\",\"valueRequired\":true,\"valueName\":\"search_term_string\"}}],\"inLanguage\":\"ca\"},{\"@type\":\"Organization\",\"@id\":\"https:\\\/\\\/cdo-fitness.com\\\/ca\\\/#organization\",\"name\":\"CDO Fitness\",\"alternateName\":\"Club deporte y ocio\",\"url\":\"https:\\\/\\\/cdo-fitness.com\\\/ca\\\/\",\"logo\":{\"@type\":\"ImageObject\",\"inLanguage\":\"ca\",\"@id\":\"https:\\\/\\\/cdo-fitness.com\\\/ca\\\/#\\\/schema\\\/logo\\\/image\\\/\",\"url\":\"https:\\\/\\\/cdo-fitness.com\\\/wp-content\\\/uploads\\\/2025\\\/03\\\/cropped-\u00bfGestionamos-tu-centros-3.png\",\"contentUrl\":\"https:\\\/\\\/cdo-fitness.com\\\/wp-content\\\/uploads\\\/2025\\\/03\\\/cropped-\u00bfGestionamos-tu-centros-3.png\",\"width\":661,\"height\":284,\"caption\":\"CDO Fitness\"},\"image\":{\"@id\":\"https:\\\/\\\/cdo-fitness.com\\\/ca\\\/#\\\/schema\\\/logo\\\/image\\\/\"},\"sameAs\":[\"https:\\\/\\\/www.instagram.com\\\/cdo.fitness\\\/\"]}]}<\/script>\n<!-- \/ Yoast SEO plugin. -->","yoast_head_json":{"title":"Av\u00eds legal Ateneu - cdo","robots":{"index":"index","follow":"follow","max-snippet":"max-snippet:-1","max-image-preview":"max-image-preview:large","max-video-preview":"max-video-preview:-1"},"canonical":"https:\/\/cdo-fitness.com\/ca\/avis-legal-ateneu\/","og_locale":"ca_ES","og_type":"article","og_title":"Av\u00eds legal Ateneu - cdo","og_description":"Informaci\u00f3 legal En compliment de la normativa vigent us informem que el domini d'internet www.ateneulesbases.cat (en endavant \u201cel lloc web\u201d), ... Leer m\u00e1s","og_url":"https:\/\/cdo-fitness.com\/ca\/avis-legal-ateneu\/","og_site_name":"cdo","article_modified_time":"2025-07-01T15:53:24+00:00","og_image":[{"width":662,"height":404,"url":"https:\/\/cdo-fitness.com\/wp-content\/uploads\/2025\/03\/\u00bfGestionamos-tu-centros-3.png","type":"image\/png"}],"twitter_card":"summary_large_image","twitter_misc":{"Temps estimat de lectura":"6 minuts"},"schema":{"@context":"https:\/\/schema.org","@graph":[{"@type":"WebPage","@id":"https:\/\/cdo-fitness.com\/ca\/avis-legal-ateneu\/","url":"https:\/\/cdo-fitness.com\/ca\/avis-legal-ateneu\/","name":"Av\u00eds legal Ateneu - cdo","isPartOf":{"@id":"https:\/\/cdo-fitness.com\/ca\/#website"},"datePublished":"2025-07-01T15:51:56+00:00","dateModified":"2025-07-01T15:53:24+00:00","breadcrumb":{"@id":"https:\/\/cdo-fitness.com\/ca\/avis-legal-ateneu\/#breadcrumb"},"inLanguage":"ca","potentialAction":[{"@type":"ReadAction","target":["https:\/\/cdo-fitness.com\/ca\/avis-legal-ateneu\/"]}]},{"@type":"BreadcrumbList","@id":"https:\/\/cdo-fitness.com\/ca\/avis-legal-ateneu\/#breadcrumb","itemListElement":[{"@type":"ListItem","position":1,"name":"Portada","item":"https:\/\/cdo-fitness.com\/ca\/"},{"@type":"ListItem","position":2,"name":"Av\u00eds legal Ateneu"}]},{"@type":"WebSite","@id":"https:\/\/cdo-fitness.com\/ca\/#website","url":"https:\/\/cdo-fitness.com\/ca\/","name":"CDO Fitness","description":"Gesti\u00f3 de poliesportius municipals","publisher":{"@id":"https:\/\/cdo-fitness.com\/ca\/#organization"},"alternateName":"Gimnasios CDO","potentialAction":[{"@type":"SearchAction","target":{"@type":"EntryPoint","urlTemplate":"https:\/\/cdo-fitness.com\/ca\/?s={search_term_string}"},"query-input":{"@type":"PropertyValueSpecification","valueRequired":true,"valueName":"search_term_string"}}],"inLanguage":"ca"},{"@type":"Organization","@id":"https:\/\/cdo-fitness.com\/ca\/#organization","name":"CDO Fitness","alternateName":"Club deporte y ocio","url":"https:\/\/cdo-fitness.com\/ca\/","logo":{"@type":"ImageObject","inLanguage":"ca","@id":"https:\/\/cdo-fitness.com\/ca\/#\/schema\/logo\/image\/","url":"https:\/\/cdo-fitness.com\/wp-content\/uploads\/2025\/03\/cropped-\u00bfGestionamos-tu-centros-3.png","contentUrl":"https:\/\/cdo-fitness.com\/wp-content\/uploads\/2025\/03\/cropped-\u00bfGestionamos-tu-centros-3.png","width":661,"height":284,"caption":"CDO Fitness"},"image":{"@id":"https:\/\/cdo-fitness.com\/ca\/#\/schema\/logo\/image\/"},"sameAs":["https:\/\/www.instagram.com\/cdo.fitness\/"]}]}},"_links":{"self":[{"href":"https:\/\/cdo-fitness.com\/ca\/wp-json\/wp\/v2\/pages\/15685","targetHints":{"allow":["GET"]}}],"collection":[{"href":"https:\/\/cdo-fitness.com\/ca\/wp-json\/wp\/v2\/pages"}],"about":[{"href":"https:\/\/cdo-fitness.com\/ca\/wp-json\/wp\/v2\/types\/page"}],"author":[{"embeddable":true,"href":"https:\/\/cdo-fitness.com\/ca\/wp-json\/wp\/v2\/users\/2"}],"replies":[{"embeddable":true,"href":"https:\/\/cdo-fitness.com\/ca\/wp-json\/wp\/v2\/comments?post=15685"}],"version-history":[{"count":2,"href":"https:\/\/cdo-fitness.com\/ca\/wp-json\/wp\/v2\/pages\/15685\/revisions"}],"predecessor-version":[{"id":15686,"href":"https:\/\/cdo-fitness.com\/ca\/wp-json\/wp\/v2\/pages\/15685\/revisions\/15686"}],"wp:attachment":[{"href":"https:\/\/cdo-fitness.com\/ca\/wp-json\/wp\/v2\/media?parent=15685"}],"wp:term":[{"taxonomy":"category","embeddable":true,"href":"https:\/\/cdo-fitness.com\/ca\/wp-json\/wp\/v2\/categories?post=15685"},{"taxonomy":"post_tag","embeddable":true,"href":"https:\/\/cdo-fitness.com\/ca\/wp-json\/wp\/v2\/tags?post=15685"}],"curies":[{"name":"wp","href":"https:\/\/api.w.org\/{rel}","templated":true}]}}