{"id":14327,"date":"2025-05-21T12:20:03","date_gmt":"2025-05-21T12:20:03","guid":{"rendered":"https:\/\/cdo-fitness.com\/?page_id=14327"},"modified":"2025-05-26T10:45:04","modified_gmt":"2025-05-26T10:45:04","slug":"cdo-ateneulesbases-manresa-cursets-infantils-de-natacio-2025-2026","status":"publish","type":"page","link":"https:\/\/cdo-fitness.com\/ca\/cdo-ateneulesbases-manresa-cursets-infantils-de-natacio-2025-2026\/","title":{"rendered":"CDO ATENEUlesBASES (Manresa) CURSETS INFANTILS DE NATACI\u00d3 2025 &#8211; 2026"},"content":{"rendered":"<div id=\"pl-14327\"  class=\"panel-layout\" ><div id=\"pg-14327-0\"  class=\"panel-grid panel-no-style\" ><div id=\"pgc-14327-0-0\"  class=\"panel-grid-cell\" ><div id=\"panel-14327-0-0-0\" class=\"so-panel widget widget_sow-headline panel-first-child panel-last-child\" data-index=\"0\" ><div\n\t\t\t\n\t\t\tclass=\"so-widget-sow-headline so-widget-sow-headline-default-54d39f21dd80-14327\"\n\t\t\t\n\t\t><div class=\"sow-headline-container \">\n\t\t\t\t\t\t\t<h2 class=\"sow-headline\">\n\t\t\t\t\t\tCursets infantils nataci\u00f3 2025-26\t\t\t\t\t\t<\/h2>\n\t\t\t\t\t\t\t\t\t\t\t<div class=\"decoration\">\n\t\t\t\t\t\t<div class=\"decoration-inside\"><\/div>\n\t\t\t\t\t<\/div>\n\t\t\t\t\t\t\t\t\t\t\t<p class=\"sow-sub-headline\">\n\t\t\t\t\t\tCDO Ateneu les Bases (Manresa)\t\t\t\t\t\t<\/p>\n\t\t\t\t\t\t<\/div>\n<\/div><\/div><\/div><\/div><div id=\"pg-14327-1\"  class=\"panel-grid panel-has-style\" ><div class=\"panel-row-style panel-row-style-for-14327-1\" ><div id=\"pgc-14327-1-0\"  class=\"panel-grid-cell\" ><div id=\"panel-14327-1-0-0\" class=\"so-panel widget widget_sow-image panel-first-child panel-last-child\" data-index=\"1\" ><div\n\t\t\t\n\t\t\tclass=\"so-widget-sow-image so-widget-sow-image-default-a258e6bfa2d8-14327\"\n\t\t\t\n\t\t>\n<div class=\"sow-image-container\">\n\t\t<img \n\tsrc=\"https:\/\/cdo-fitness.com\/wp-content\/uploads\/2025\/05\/gruposninospiscinaPULPO-ultima.jpg\" width=\"2560\" height=\"1175\" srcset=\"https:\/\/cdo-fitness.com\/wp-content\/uploads\/2025\/05\/gruposninospiscinaPULPO-ultima.jpg 2560w, https:\/\/cdo-fitness.com\/wp-content\/uploads\/2025\/05\/gruposninospiscinaPULPO-ultima-300x138.jpg 300w, https:\/\/cdo-fitness.com\/wp-content\/uploads\/2025\/05\/gruposninospiscinaPULPO-ultima-1024x470.jpg 1024w, https:\/\/cdo-fitness.com\/wp-content\/uploads\/2025\/05\/gruposninospiscinaPULPO-ultima-768x353.jpg 768w, https:\/\/cdo-fitness.com\/wp-content\/uploads\/2025\/05\/gruposninospiscinaPULPO-ultima-1536x705.jpg 1536w, https:\/\/cdo-fitness.com\/wp-content\/uploads\/2025\/05\/gruposninospiscinaPULPO-ultima-2048x940.jpg 2048w\" sizes=\"(max-width: 2560px) 100vw, 2560px\" title=\"Portrait Of Children Standing On Edge Of Pool Waiting For Swimming Lesson\" alt=\"Grupo de ni\u00f1os en un curso de nataci\u00f3n de CDO\" \t\tclass=\"so-widget-image\"\/>\n\t<\/div>\n\n<\/div><\/div><\/div><\/div><\/div><div id=\"pg-14327-2\"  class=\"panel-grid panel-no-style\" ><div id=\"pgc-14327-2-0\"  class=\"panel-grid-cell\" ><div id=\"panel-14327-2-0-0\" class=\"so-panel widget widget_sow-editor panel-first-child\" data-index=\"2\" ><div\n\t\t\t\n\t\t\tclass=\"so-widget-sow-editor so-widget-sow-editor-base\"\n\t\t\t\n\t\t>\n<div class=\"siteorigin-widget-tinymce textwidget\">\n\t<h3 data-start=\"824\" data-end=\"1114\">A l'<strong data-start=\"943\" data-end=\"975\">Ateneu les Bases<\/strong>\u00a0t\u2019oferim <strong data-start=\"985\" data-end=\"1029\">cursets de nataci\u00f3<\/strong>, de 2 a 16 anys, a trav\u00e9s d\u2019un ensenyament i un tracte personalitzat farem que l'infant es desenvolupi amb flu\u00efdesa en el medi aqu\u00e0tic! \ud83c\udfca\u200d\u2640\ufe0f\ud83c\udfca\u200d\u2642\ufe0f<\/h3>\n<p class=\"\" data-start=\"1116\" data-end=\"1287\">\ud83d\udcc5 Aqu\u00ed trobar\u00e0s tota la informaci\u00f3 per inscriure\u2019t als <strong data-start=\"1172\" data-end=\"1204\">Cursets de Nataci\u00f3 2025-2026<\/strong>.<br data-start=\"1205\" data-end=\"1208\" \/>\ud83c\udfaf <strong data-start=\"1211\" data-end=\"1232\">Places limitades!<\/strong> No et quedis fora \u2014 <strong data-start=\"1253\" data-end=\"1287\">apunta\u2019t tan aviat com puguis!<\/strong><\/p>\n<p>A trav\u00e9s d\u2019un ensenyament i un tracte personalitzat farem que l'infant es desenvolupi amb flu\u00efdesa en el medi aqu\u00e0tic.<br \/>\nUtilitzem el joc com a m\u00e8tode d\u2019ensenyament i disposem d\u2019una gran quantitat de material aqu\u00e0tic per facilitar-lo.<br \/>\nTreballem amb grups redu\u00efts i oferim als pares, mares o tutors un tracte personalitzat durant el curs.<\/p>\n<h2>Grups i horaris<\/h2>\n<p>Els entrenaments en Grup comencen el dilluns 15 de setembre de 2025.<br \/>\nEls entrenaments Duo i Individual comencen el dimecres 1 d'octubre de 2025.<\/p>\n<\/div>\n<\/div><\/div><div id=\"panel-14327-2-0-1\" class=\"so-panel widget widget_sow-accordion\" data-index=\"3\" ><div\n\t\t\t\n\t\t\tclass=\"so-widget-sow-accordion so-widget-sow-accordion-default-770d9ed87901-14327\"\n\t\t\t\n\t\t><div>\n\t<div class=\"sow-accordion\">\n\t\t\t<div class=\"sow-accordion-panel\n\t\t\t\t\t\"\n\t\t\t\tdata-anchor-id=\"ep-aquatic-grups-reduits\">\n\t\t\t\t\t<div class=\"sow-accordion-panel-header-container\" role=\"heading\" aria-level=\"2\">\n\t\t\t\t\t<div class=\"sow-accordion-panel-header\" tabindex=\"0\" role=\"button\" id=\"accordion-label-ep-aqu%c3%a0tic-grups-redu%c3%afts\" aria-controls=\"accordion-content-ep-aqu%c3%a0tic-grups-redu%c3%afts\" aria-expanded=\"false\">\n\t\t\t\t\t\t<div class=\"sow-accordion-title sow-accordion-title-icon-left\">\n\t\t\t\t\t\t\t\t\t\t\t\t\t\tEP Aqu\u00e0tic Grups Redu\u00efts\t\t\t\t\t\t\t\t\t\t\t\t\t<\/div>\n\t\t\t\t\t\t<div class=\"sow-accordion-open-close-button\">\n\t\t\t\t\t\t\t<div class=\"sow-accordion-open-button\">\n\t\t\t\t\t\t\t\t<span class=\"sow-icon-ionicons\" data-sow-icon=\"&#xf218;\"\n\t\t \n\t\taria-hidden=\"true\"><\/span>\t\t\t\t\t\t\t<\/div>\n\t\t\t\t\t\t\t<div class=\"sow-accordion-close-button\">\n\t\t\t\t\t\t\t\t<span class=\"sow-icon-ionicons\" data-sow-icon=\"&#xf209;\"\n\t\t \n\t\taria-hidden=\"true\"><\/span>\t\t\t\t\t\t\t<\/div>\n\t\t\t\t\t\t<\/div>\n\t\t\t\t\t<\/div>\n\t\t\t\t<\/div>\n\n\t\t\t<div\n\t\t\t\tclass=\"sow-accordion-panel-content\"\n\t\t\t\trole=\"region\"\n\t\t\t\taria-labelledby=\"accordion-label-ep-aqu%c3%a0tic-grups-redu%c3%afts\"\n\t\t\t\tid=\"accordion-content-ep-aqu%c3%a0tic-grups-redu%c3%afts\"\n\t\t\t\tstyle=\"display: none;\"\t\t\t>\n\t\t\t\t<div class=\"sow-accordion-panel-border\">\n\t\t\t\t\t<p>En aquest entrenament en <strong>grup redu\u00eft<\/strong> treballem en funci\u00f3 de l\u2019edat i el nivell, passant per un seguit de fases d\u2019aprenentatge que van des de l\u2019adaptaci\u00f3 al medi aqu\u00e0tic fins al treball de tecnificaci\u00f3 dels diferents estils de nataci\u00f3.<\/p>\n<p>La durada \u00e9s de <strong>45 minuts<\/strong>.<\/p>\n<p>17.15 h i 18.20 h, segons el nivell.<\/p>\n\t\t\t\t<\/div>\n\t\t\t<\/div>\n\t\t<\/div>\n\t\t\t<div class=\"sow-accordion-panel\n\t\t\t\t\t\"\n\t\t\t\tdata-anchor-id=\"ep-aquatic-duo\">\n\t\t\t\t\t<div class=\"sow-accordion-panel-header-container\" role=\"heading\" aria-level=\"2\">\n\t\t\t\t\t<div class=\"sow-accordion-panel-header\" tabindex=\"0\" role=\"button\" id=\"accordion-label-ep-aqu%c3%a0tic-duo\" aria-controls=\"accordion-content-ep-aqu%c3%a0tic-duo\" aria-expanded=\"false\">\n\t\t\t\t\t\t<div class=\"sow-accordion-title sow-accordion-title-icon-left\">\n\t\t\t\t\t\t\t\t\t\t\t\t\t\tEP Aqu\u00e0tic Duo\t\t\t\t\t\t\t\t\t\t\t\t\t<\/div>\n\t\t\t\t\t\t<div class=\"sow-accordion-open-close-button\">\n\t\t\t\t\t\t\t<div class=\"sow-accordion-open-button\">\n\t\t\t\t\t\t\t\t<span class=\"sow-icon-ionicons\" data-sow-icon=\"&#xf218;\"\n\t\t \n\t\taria-hidden=\"true\"><\/span>\t\t\t\t\t\t\t<\/div>\n\t\t\t\t\t\t\t<div class=\"sow-accordion-close-button\">\n\t\t\t\t\t\t\t\t<span class=\"sow-icon-ionicons\" data-sow-icon=\"&#xf209;\"\n\t\t \n\t\taria-hidden=\"true\"><\/span>\t\t\t\t\t\t\t<\/div>\n\t\t\t\t\t\t<\/div>\n\t\t\t\t\t<\/div>\n\t\t\t\t<\/div>\n\n\t\t\t<div\n\t\t\t\tclass=\"sow-accordion-panel-content\"\n\t\t\t\trole=\"region\"\n\t\t\t\taria-labelledby=\"accordion-label-ep-aqu%c3%a0tic-duo\"\n\t\t\t\tid=\"accordion-content-ep-aqu%c3%a0tic-duo\"\n\t\t\t\tstyle=\"display: none;\"\t\t\t>\n\t\t\t\t<div class=\"sow-accordion-panel-border\">\n\t\t\t\t\t<p>En l'<strong>entrenament personal duo<\/strong>, treballen dos cursetistes amb un monitor en sessions de 30 minuts, que recomanem que siguin setmanals. Al ser dos infants, permet fer un treball m\u00e9s en equip i potenciar el desnvolupament de vincles entre ells.<\/p>\n<p>La durada d'aquest entrenament es de\u00a0<strong>30 minuts.<\/strong><\/p>\n<p>17.00 h i 19.10 h (dos torns de 30 minuts).<\/p>\n\t\t\t\t<\/div>\n\t\t\t<\/div>\n\t\t<\/div>\n\t\t\t<div class=\"sow-accordion-panel\n\t\t\t\t\t\"\n\t\t\t\tdata-anchor-id=\"ep-aquatic-individual\">\n\t\t\t\t\t<div class=\"sow-accordion-panel-header-container\" role=\"heading\" aria-level=\"2\">\n\t\t\t\t\t<div class=\"sow-accordion-panel-header\" tabindex=\"0\" role=\"button\" id=\"accordion-label-ep-aqu%c3%a0tic-individual\" aria-controls=\"accordion-content-ep-aqu%c3%a0tic-individual\" aria-expanded=\"false\">\n\t\t\t\t\t\t<div class=\"sow-accordion-title sow-accordion-title-icon-left\">\n\t\t\t\t\t\t\t\t\t\t\t\t\t\tEP Aqu\u00e0tic Individual\t\t\t\t\t\t\t\t\t\t\t\t\t<\/div>\n\t\t\t\t\t\t<div class=\"sow-accordion-open-close-button\">\n\t\t\t\t\t\t\t<div class=\"sow-accordion-open-button\">\n\t\t\t\t\t\t\t\t<span class=\"sow-icon-ionicons\" data-sow-icon=\"&#xf218;\"\n\t\t \n\t\taria-hidden=\"true\"><\/span>\t\t\t\t\t\t\t<\/div>\n\t\t\t\t\t\t\t<div class=\"sow-accordion-close-button\">\n\t\t\t\t\t\t\t\t<span class=\"sow-icon-ionicons\" data-sow-icon=\"&#xf209;\"\n\t\t \n\t\taria-hidden=\"true\"><\/span>\t\t\t\t\t\t\t<\/div>\n\t\t\t\t\t\t<\/div>\n\t\t\t\t\t<\/div>\n\t\t\t\t<\/div>\n\n\t\t\t<div\n\t\t\t\tclass=\"sow-accordion-panel-content\"\n\t\t\t\trole=\"region\"\n\t\t\t\taria-labelledby=\"accordion-label-ep-aqu%c3%a0tic-individual\"\n\t\t\t\tid=\"accordion-content-ep-aqu%c3%a0tic-individual\"\n\t\t\t\tstyle=\"display: none;\"\t\t\t>\n\t\t\t\t<div class=\"sow-accordion-panel-border\">\n\t\t\t\t\t<p>L'<strong>entrenament individual<\/strong> \u00e9s l\u2019entrenament aqu\u00e0tic m\u00e9s personalitzat. El cursetista disposa d\u2019un monitor\/a 30 minuts a la setmana. Es tracta del m\u00e8tode m\u00e9s eficient i r\u00e0pid d\u2019aprenentatge.<\/p>\n<p>La durada d'aquest entrenament es de\u00a0<strong>30 minuts.<\/strong><\/p>\n<p>17.00 h i 19.10 h (dos torns de 30 minuts).<\/p>\n\t\t\t\t<\/div>\n\t\t\t<\/div>\n\t\t<\/div>\n\t\t<\/div>\n<\/div>\n<\/div><\/div><div id=\"panel-14327-2-0-2\" class=\"so-panel widget widget_sow-editor panel-last-child\" data-index=\"4\" ><div\n\t\t\t\n\t\t\tclass=\"so-widget-sow-editor so-widget-sow-editor-base\"\n\t\t\t\n\t\t>\n<div class=\"siteorigin-widget-tinymce textwidget\">\n\t<p>El centre es reserva el dret de cancel\u00b7lar grups i hores en cas de no arribar al m\u00ednim d'alumnes.<\/p>\n<p>Consulta la normativa, les condicions d'entrada al centre esportiu i m\u00e9s informaci\u00f3 a la normativa.<\/p>\n<\/div>\n<\/div><\/div><\/div><\/div><div id=\"pg-14327-3\"  class=\"panel-grid panel-no-style\" ><div id=\"pgc-14327-3-0\"  class=\"panel-grid-cell\" ><div id=\"panel-14327-3-0-0\" class=\"so-panel widget widget_sow-image panel-first-child panel-last-child\" data-index=\"5\" ><div\n\t\t\t\n\t\t\tclass=\"so-widget-sow-image so-widget-sow-image-default-c67d20f9f743-14327\"\n\t\t\t\n\t\t>\n<div class=\"sow-image-container\">\n\t\t<img \n\tsrc=\"https:\/\/cdo-fitness.com\/wp-content\/uploads\/2025\/05\/imagen-8.png\" width=\"695\" height=\"156\" sizes=\"(max-width: 695px) 100vw, 695px\" title=\"Gorros de niveles nataci\u00f3n CDO\" alt=\"Gorros de niveles nataci\u00f3n CDO\" \t\tclass=\"so-widget-image\"\/>\n\t<\/div>\n\n<\/div><\/div><\/div><\/div><div id=\"pg-14327-4\"  class=\"panel-grid panel-no-style\" ><div id=\"pgc-14327-4-0\"  class=\"panel-grid-cell\" ><div id=\"panel-14327-4-0-0\" class=\"so-panel widget widget_sow-editor panel-first-child\" data-index=\"6\" ><div\n\t\t\t\n\t\t\tclass=\"so-widget-sow-editor so-widget-sow-editor-base\"\n\t\t\t\n\t\t>\n<div class=\"siteorigin-widget-tinymce textwidget\">\n\t<p><\/p>\n<h2>Preus<\/h2>\n<\/div>\n<\/div><\/div><div id=\"panel-14327-4-0-1\" class=\"so-panel widget widget_sow-editor panel-last-child\" data-index=\"7\" ><div\n\t\t\t\n\t\t\tclass=\"so-widget-sow-editor so-widget-sow-editor-base\"\n\t\t\t\n\t\t>\n<div class=\"siteorigin-widget-tinymce textwidget\">\n\t<p class=\"\" data-start=\"101\" data-end=\"165\">Entrenament Personal Aqu\u00e0tic GRUP: 50,95 \u20ac<br data-start=\"118\" data-end=\"121\" \/>Entrenament Personal Aqu\u00e0tic DUO: 55,70 \u20ac<br data-start=\"137\" data-end=\"140\" \/>Entrenament Personal Aqu\u00e0tic INDIVIDUAL: 85,70 \u20ac<\/p>\n<p class=\"\" data-start=\"167\" data-end=\"222\">Els preus s\u2019actualitzaran a partir del gener de 2026.<\/p>\n<\/div>\n<\/div><\/div><\/div><\/div><div id=\"pg-14327-5\"  class=\"panel-grid panel-no-style\" ><div id=\"pgc-14327-5-0\"  class=\"panel-grid-cell\" ><div id=\"panel-14327-5-0-0\" class=\"so-panel widget widget_sow-editor panel-first-child\" data-index=\"8\" ><div\n\t\t\t\n\t\t\tclass=\"so-widget-sow-editor so-widget-sow-editor-base\"\n\t\t\t\n\t\t>\n<div class=\"siteorigin-widget-tinymce textwidget\">\n\t<p><\/p>\n<h2>Inscripcions<\/h2>\n<\/div>\n<\/div><\/div><div id=\"panel-14327-5-0-1\" class=\"so-panel widget widget_sow-editor panel-last-child\" data-index=\"9\" ><div\n\t\t\t\n\t\t\tclass=\"so-widget-sow-editor so-widget-sow-editor-base\"\n\t\t\t\n\t\t>\n<div class=\"siteorigin-widget-tinymce textwidget\">\n\t<p>Renovacions: A partir del 26 de maig<br \/>\nNoves inscripcions: A partir del 2 de juny<\/p>\n<p>Per fer la renovaci\u00f3 o la nova inscripci\u00f3 caldr\u00e0 aportar les dades principals del nen o nena:<\/p>\n<p>- Nom i cognoms<br \/>\n- Data de naixement<br \/>\n- Curs i edat<br \/>\n- Targeta sanit\u00e0ria (CATSalut)<br \/>\n- Adre\u00e7a completa, localitat i codi postal<br \/>\n- Al\u00b7l\u00e8rgies o condicions m\u00e8diques a tenir en compte<\/p>\n<p>Tamb\u00e9 caldr\u00e0: DNI del tutor\/a legal i Un correu electr\u00f2nic i tel\u00e8fon m\u00f2bil de contacte (pare i mare o tutors)<\/p>\n<p><strong>Com fer la inscripci\u00f3<\/strong><\/p>\n<p>Les inscripcions es faran presencialmenta la recepci\u00f3 del centre, en horari de tarda<\/p>\n<p>\ud83d\udd54 De 17 h a 19 h<\/p>\n<p>Per a m\u00e9s informaci\u00f3 o per resoldre dubtes:<br \/>\n\ud83d\udce7 piscinaateneu@gmail.com<br \/>\n\ud83d\udcde Truca'ns directament al centre 935153031 o b\u00e9 omple el formulari i et trucarem el m\u00e9s aviat possible<\/p>\n<\/div>\n<\/div><\/div><\/div><div id=\"pgc-14327-5-1\"  class=\"panel-grid-cell\" ><div id=\"panel-14327-5-1-0\" class=\"so-panel widget widget_sow-editor panel-first-child panel-last-child\" data-index=\"10\" ><div\n\t\t\t\n\t\t\tclass=\"so-widget-sow-editor so-widget-sow-editor-base\"\n\t\t\t\n\t\t><h3 class=\"widget-title\">Vols m\u00e9s informaci\u00f3? Omple el formulari i et trucarem el m\u00e9s aviat possible.<\/h3>\n<div class=\"siteorigin-widget-tinymce textwidget\">\n\t<div class=\"siteorigin-widget-tinymce textwidget\">\n<div class=\"siteorigin-widget-tinymce textwidget\">\n<p><script charset=\"utf-8\" type=\"text\/javascript\" src=\"\/\/js-eu1.hsforms.net\/forms\/embed\/v2.js\"><span data-mce-type=\"bookmark\" style=\"display: inline-block; width: 0px; overflow: hidden; line-height: 0;\" class=\"mce_SELRES_start\">\ufeff<\/span><\/script><br \/>\n<script>\n  hbspt.forms.create({\n    portalId: \"25905303\",\n    formId: \"dfa0501c-50b8-4bcb-b052-54645d11b60b\",\n    region: \"eu1\"\n  });\n<\/script><\/p>\n<\/div>\n<\/div>\n<\/div>\n<\/div><\/div><\/div><\/div><\/div>","protected":false},"excerpt":{"rendered":"<p>Cursets infantils nataci\u00f3 2025-26 CDO Ateneu les Bases (Manresa) A l&#8217;Ateneu les Bases\u00a0t\u2019oferim cursets de nataci\u00f3, de 2 a 16 &#8230; <a title=\"CDO ATENEUlesBASES (Manresa) CURSETS INFANTILS DE NATACI\u00d3 2025 &#8211; 2026\" class=\"read-more\" href=\"https:\/\/cdo-fitness.com\/ca\/cdo-ateneulesbases-manresa-cursets-infantils-de-natacio-2025-2026\/\" aria-label=\"More on CDO ATENEUlesBASES (Manresa) CURSETS INFANTILS DE NATACI\u00d3 2025 &#8211; 2026\">Leer m\u00e1s<\/a><\/p>\n","protected":false},"author":2,"featured_media":0,"parent":0,"menu_order":0,"comment_status":"closed","ping_status":"closed","template":"","meta":{"_acf_changed":false,"content-type":"","footnotes":""},"categories":[],"tags":[196],"class_list":{"0":"post-14327","1":"page","2":"type-page","3":"status-publish","5":"tag-landing-ca"},"acf":[],"yoast_head":"<!-- This site is optimized with the Yoast SEO plugin v27.5 - https:\/\/yoast.com\/product\/yoast-seo-wordpress\/ -->\n<title>CDO ATENEUlesBASES (Manresa) CURSETS INFANTILS DE NATACI\u00d3 2025 - 2026 - cdo<\/title>\n<meta name=\"robots\" content=\"index, follow, max-snippet:-1, max-image-preview:large, max-video-preview:-1\" \/>\n<link rel=\"canonical\" href=\"https:\/\/cdo-fitness.com\/ca\/cdo-ateneulesbases-manresa-cursets-infantils-de-natacio-2025-2026\/\" \/>\n<meta property=\"og:locale\" content=\"ca_ES\" \/>\n<meta property=\"og:type\" content=\"article\" \/>\n<meta property=\"og:title\" content=\"CDO ATENEUlesBASES (Manresa) CURSETS INFANTILS DE NATACI\u00d3 2025 - 2026 - cdo\" \/>\n<meta property=\"og:description\" content=\"Cursets infantils nataci\u00f3 2025-26 CDO Ateneu les Bases (Manresa) A l&#039;Ateneu les Bases\u00a0t\u2019oferim cursets de nataci\u00f3, de 2 a 16 ... Leer m\u00e1s\" \/>\n<meta property=\"og:url\" content=\"https:\/\/cdo-fitness.com\/ca\/cdo-ateneulesbases-manresa-cursets-infantils-de-natacio-2025-2026\/\" \/>\n<meta property=\"og:site_name\" content=\"cdo\" \/>\n<meta property=\"article:modified_time\" content=\"2025-05-26T10:45:04+00:00\" \/>\n<meta property=\"og:image\" content=\"https:\/\/cdo-fitness.com\/wp-content\/uploads\/2025\/03\/\u00bfGestionamos-tu-centros-3.png\" \/>\n\t<meta property=\"og:image:width\" content=\"662\" \/>\n\t<meta property=\"og:image:height\" content=\"404\" \/>\n\t<meta property=\"og:image:type\" content=\"image\/png\" \/>\n<meta name=\"twitter:card\" content=\"summary_large_image\" \/>\n<meta name=\"twitter:label1\" content=\"Temps estimat de lectura\" \/>\n\t<meta name=\"twitter:data1\" content=\"3 minuts\" \/>\n<script type=\"application\/ld+json\" class=\"yoast-schema-graph\">{\"@context\":\"https:\\\/\\\/schema.org\",\"@graph\":[{\"@type\":\"WebPage\",\"@id\":\"https:\\\/\\\/cdo-fitness.com\\\/ca\\\/cdo-ateneulesbases-manresa-cursets-infantils-de-natacio-2025-2026\\\/\",\"url\":\"https:\\\/\\\/cdo-fitness.com\\\/ca\\\/cdo-ateneulesbases-manresa-cursets-infantils-de-natacio-2025-2026\\\/\",\"name\":\"CDO ATENEUlesBASES (Manresa) CURSETS INFANTILS DE NATACI\u00d3 2025 - 2026 - cdo\",\"isPartOf\":{\"@id\":\"https:\\\/\\\/cdo-fitness.com\\\/ca\\\/#website\"},\"datePublished\":\"2025-05-21T12:20:03+00:00\",\"dateModified\":\"2025-05-26T10:45:04+00:00\",\"breadcrumb\":{\"@id\":\"https:\\\/\\\/cdo-fitness.com\\\/ca\\\/cdo-ateneulesbases-manresa-cursets-infantils-de-natacio-2025-2026\\\/#breadcrumb\"},\"inLanguage\":\"ca\",\"potentialAction\":[{\"@type\":\"ReadAction\",\"target\":[\"https:\\\/\\\/cdo-fitness.com\\\/ca\\\/cdo-ateneulesbases-manresa-cursets-infantils-de-natacio-2025-2026\\\/\"]}]},{\"@type\":\"BreadcrumbList\",\"@id\":\"https:\\\/\\\/cdo-fitness.com\\\/ca\\\/cdo-ateneulesbases-manresa-cursets-infantils-de-natacio-2025-2026\\\/#breadcrumb\",\"itemListElement\":[{\"@type\":\"ListItem\",\"position\":1,\"name\":\"Portada\",\"item\":\"https:\\\/\\\/cdo-fitness.com\\\/ca\\\/\"},{\"@type\":\"ListItem\",\"position\":2,\"name\":\"CDO ATENEUlesBASES (Manresa) CURSETS INFANTILS DE NATACI\u00d3 2025 &#8211; 2026\"}]},{\"@type\":\"WebSite\",\"@id\":\"https:\\\/\\\/cdo-fitness.com\\\/ca\\\/#website\",\"url\":\"https:\\\/\\\/cdo-fitness.com\\\/ca\\\/\",\"name\":\"CDO Fitness\",\"description\":\"Gesti\u00f3 de poliesportius municipals\",\"publisher\":{\"@id\":\"https:\\\/\\\/cdo-fitness.com\\\/ca\\\/#organization\"},\"alternateName\":\"Gimnasios CDO\",\"potentialAction\":[{\"@type\":\"SearchAction\",\"target\":{\"@type\":\"EntryPoint\",\"urlTemplate\":\"https:\\\/\\\/cdo-fitness.com\\\/ca\\\/?s={search_term_string}\"},\"query-input\":{\"@type\":\"PropertyValueSpecification\",\"valueRequired\":true,\"valueName\":\"search_term_string\"}}],\"inLanguage\":\"ca\"},{\"@type\":\"Organization\",\"@id\":\"https:\\\/\\\/cdo-fitness.com\\\/ca\\\/#organization\",\"name\":\"CDO Fitness\",\"alternateName\":\"Club deporte y ocio\",\"url\":\"https:\\\/\\\/cdo-fitness.com\\\/ca\\\/\",\"logo\":{\"@type\":\"ImageObject\",\"inLanguage\":\"ca\",\"@id\":\"https:\\\/\\\/cdo-fitness.com\\\/ca\\\/#\\\/schema\\\/logo\\\/image\\\/\",\"url\":\"https:\\\/\\\/cdo-fitness.com\\\/wp-content\\\/uploads\\\/2025\\\/03\\\/cropped-\u00bfGestionamos-tu-centros-3.png\",\"contentUrl\":\"https:\\\/\\\/cdo-fitness.com\\\/wp-content\\\/uploads\\\/2025\\\/03\\\/cropped-\u00bfGestionamos-tu-centros-3.png\",\"width\":661,\"height\":284,\"caption\":\"CDO Fitness\"},\"image\":{\"@id\":\"https:\\\/\\\/cdo-fitness.com\\\/ca\\\/#\\\/schema\\\/logo\\\/image\\\/\"},\"sameAs\":[\"https:\\\/\\\/www.instagram.com\\\/cdo.fitness\\\/\"]}]}<\/script>\n<!-- \/ Yoast SEO plugin. -->","yoast_head_json":{"title":"CDO ATENEUlesBASES (Manresa) CURSETS INFANTILS DE NATACI\u00d3 2025 - 2026 - cdo","robots":{"index":"index","follow":"follow","max-snippet":"max-snippet:-1","max-image-preview":"max-image-preview:large","max-video-preview":"max-video-preview:-1"},"canonical":"https:\/\/cdo-fitness.com\/ca\/cdo-ateneulesbases-manresa-cursets-infantils-de-natacio-2025-2026\/","og_locale":"ca_ES","og_type":"article","og_title":"CDO ATENEUlesBASES (Manresa) CURSETS INFANTILS DE NATACI\u00d3 2025 - 2026 - cdo","og_description":"Cursets infantils nataci\u00f3 2025-26 CDO Ateneu les Bases (Manresa) A l'Ateneu les Bases\u00a0t\u2019oferim cursets de nataci\u00f3, de 2 a 16 ... Leer m\u00e1s","og_url":"https:\/\/cdo-fitness.com\/ca\/cdo-ateneulesbases-manresa-cursets-infantils-de-natacio-2025-2026\/","og_site_name":"cdo","article_modified_time":"2025-05-26T10:45:04+00:00","og_image":[{"width":662,"height":404,"url":"https:\/\/cdo-fitness.com\/wp-content\/uploads\/2025\/03\/\u00bfGestionamos-tu-centros-3.png","type":"image\/png"}],"twitter_card":"summary_large_image","twitter_misc":{"Temps estimat de lectura":"3 minuts"},"schema":{"@context":"https:\/\/schema.org","@graph":[{"@type":"WebPage","@id":"https:\/\/cdo-fitness.com\/ca\/cdo-ateneulesbases-manresa-cursets-infantils-de-natacio-2025-2026\/","url":"https:\/\/cdo-fitness.com\/ca\/cdo-ateneulesbases-manresa-cursets-infantils-de-natacio-2025-2026\/","name":"CDO ATENEUlesBASES (Manresa) CURSETS INFANTILS DE NATACI\u00d3 2025 - 2026 - cdo","isPartOf":{"@id":"https:\/\/cdo-fitness.com\/ca\/#website"},"datePublished":"2025-05-21T12:20:03+00:00","dateModified":"2025-05-26T10:45:04+00:00","breadcrumb":{"@id":"https:\/\/cdo-fitness.com\/ca\/cdo-ateneulesbases-manresa-cursets-infantils-de-natacio-2025-2026\/#breadcrumb"},"inLanguage":"ca","potentialAction":[{"@type":"ReadAction","target":["https:\/\/cdo-fitness.com\/ca\/cdo-ateneulesbases-manresa-cursets-infantils-de-natacio-2025-2026\/"]}]},{"@type":"BreadcrumbList","@id":"https:\/\/cdo-fitness.com\/ca\/cdo-ateneulesbases-manresa-cursets-infantils-de-natacio-2025-2026\/#breadcrumb","itemListElement":[{"@type":"ListItem","position":1,"name":"Portada","item":"https:\/\/cdo-fitness.com\/ca\/"},{"@type":"ListItem","position":2,"name":"CDO ATENEUlesBASES (Manresa) CURSETS INFANTILS DE NATACI\u00d3 2025 &#8211; 2026"}]},{"@type":"WebSite","@id":"https:\/\/cdo-fitness.com\/ca\/#website","url":"https:\/\/cdo-fitness.com\/ca\/","name":"CDO Fitness","description":"Gesti\u00f3 de poliesportius municipals","publisher":{"@id":"https:\/\/cdo-fitness.com\/ca\/#organization"},"alternateName":"Gimnasios CDO","potentialAction":[{"@type":"SearchAction","target":{"@type":"EntryPoint","urlTemplate":"https:\/\/cdo-fitness.com\/ca\/?s={search_term_string}"},"query-input":{"@type":"PropertyValueSpecification","valueRequired":true,"valueName":"search_term_string"}}],"inLanguage":"ca"},{"@type":"Organization","@id":"https:\/\/cdo-fitness.com\/ca\/#organization","name":"CDO Fitness","alternateName":"Club deporte y ocio","url":"https:\/\/cdo-fitness.com\/ca\/","logo":{"@type":"ImageObject","inLanguage":"ca","@id":"https:\/\/cdo-fitness.com\/ca\/#\/schema\/logo\/image\/","url":"https:\/\/cdo-fitness.com\/wp-content\/uploads\/2025\/03\/cropped-\u00bfGestionamos-tu-centros-3.png","contentUrl":"https:\/\/cdo-fitness.com\/wp-content\/uploads\/2025\/03\/cropped-\u00bfGestionamos-tu-centros-3.png","width":661,"height":284,"caption":"CDO Fitness"},"image":{"@id":"https:\/\/cdo-fitness.com\/ca\/#\/schema\/logo\/image\/"},"sameAs":["https:\/\/www.instagram.com\/cdo.fitness\/"]}]}},"_links":{"self":[{"href":"https:\/\/cdo-fitness.com\/ca\/wp-json\/wp\/v2\/pages\/14327","targetHints":{"allow":["GET"]}}],"collection":[{"href":"https:\/\/cdo-fitness.com\/ca\/wp-json\/wp\/v2\/pages"}],"about":[{"href":"https:\/\/cdo-fitness.com\/ca\/wp-json\/wp\/v2\/types\/page"}],"author":[{"embeddable":true,"href":"https:\/\/cdo-fitness.com\/ca\/wp-json\/wp\/v2\/users\/2"}],"replies":[{"embeddable":true,"href":"https:\/\/cdo-fitness.com\/ca\/wp-json\/wp\/v2\/comments?post=14327"}],"version-history":[{"count":17,"href":"https:\/\/cdo-fitness.com\/ca\/wp-json\/wp\/v2\/pages\/14327\/revisions"}],"predecessor-version":[{"id":14612,"href":"https:\/\/cdo-fitness.com\/ca\/wp-json\/wp\/v2\/pages\/14327\/revisions\/14612"}],"wp:attachment":[{"href":"https:\/\/cdo-fitness.com\/ca\/wp-json\/wp\/v2\/media?parent=14327"}],"wp:term":[{"taxonomy":"category","embeddable":true,"href":"https:\/\/cdo-fitness.com\/ca\/wp-json\/wp\/v2\/categories?post=14327"},{"taxonomy":"post_tag","embeddable":true,"href":"https:\/\/cdo-fitness.com\/ca\/wp-json\/wp\/v2\/tags?post=14327"}],"curies":[{"name":"wp","href":"https:\/\/api.w.org\/{rel}","templated":true}]}}