{"id":11766,"date":"2024-07-03T08:07:52","date_gmt":"2024-07-03T08:07:52","guid":{"rendered":"https:\/\/cdo-fitness.com\/prueba-gratis-1-dia\/"},"modified":"2025-05-26T06:27:01","modified_gmt":"2025-05-26T06:27:01","slug":"prueba-gratis-1-dia","status":"publish","type":"page","link":"https:\/\/cdo-fitness.com\/ca\/prueba-gratis-1-dia\/","title":{"rendered":"Prova gratis 1 dia"},"content":{"rendered":"<div id=\"pl-11766\"  class=\"panel-layout\" ><div id=\"pg-11766-0\"  class=\"panel-grid panel-has-style\" ><div class=\"panel-row-style panel-row-style-for-11766-0\" ><div id=\"pgc-11766-0-0\"  class=\"panel-grid-cell\" ><div id=\"panel-11766-0-0-0\" class=\"so-panel widget widget_sow-editor panel-first-child panel-last-child\" data-index=\"0\" ><div\n\t\t\t\n\t\t\tclass=\"so-widget-sow-editor so-widget-sow-editor-base\"\n\t\t\t\n\t\t>\n<div class=\"siteorigin-widget-tinymce textwidget\">\n\t<h2>Aconsegueix la teva prova d'1 dia GRATIS<\/h2>\n<p>Si ets major de 16 anys i vols con\u00e8ixer el nostre centre <strong>CDO<\/strong>, deixa'ns les teves dades i ens posarem en contacte amb tu perqu\u00e8 puguis provar tot el que t'oferim.<\/p>\n<p><span style=\"font-size: x-small;\">Nom\u00e9s es permet una prova per persona. No es podr\u00e0 repetir la prova. Es reserva el dret d'admissi\u00f3 en cas de no complir amb les condicions establertes.<\/span><\/p>\n<\/div>\n<\/div><\/div><\/div><div id=\"pgc-11766-0-1\"  class=\"panel-grid-cell\" ><div class=\"panel-cell-style panel-cell-style-for-11766-0-1\" ><div id=\"panel-11766-0-1-0\" class=\"widget_text so-panel widget widget_custom_html panel-first-child panel-last-child\" data-index=\"1\" ><div class=\"textwidget custom-html-widget\"><script charset=\"utf-8\" type=\"text\/javascript\" src=\"\/\/js-eu1.hsforms.net\/forms\/embed\/v2.js\"><\/script>\n<script>\n  hbspt.forms.create({\n    portalId: \"25905303\",\n    formId: \"512d489c-353e-4d30-a478-654df82e20e3\",\n    region: \"eu1\"\n  });\n<\/script><\/div><\/div><\/div><\/div><\/div><\/div><\/div>","protected":false},"excerpt":{"rendered":"<p>Aconsegueix la teva prova d&#8217;1 dia GRATIS Si ets major de 16 anys i vols con\u00e8ixer el nostre centre CDO, &#8230; <a title=\"Prova gratis 1 dia\" class=\"read-more\" href=\"https:\/\/cdo-fitness.com\/ca\/prueba-gratis-1-dia\/\" aria-label=\"More on Prova gratis 1 dia\">Leer m\u00e1s<\/a><\/p>\n","protected":false},"author":2,"featured_media":0,"parent":0,"menu_order":0,"comment_status":"closed","ping_status":"closed","template":"","meta":{"_acf_changed":false,"content-type":"","footnotes":""},"categories":[],"tags":[],"class_list":["post-11766","page","type-page","status-publish"],"acf":[],"yoast_head":"<!-- This site is optimized with the Yoast SEO plugin v27.5 - https:\/\/yoast.com\/product\/yoast-seo-wordpress\/ -->\n<title>Prova gratis 1 dia - cdo<\/title>\n<meta name=\"robots\" content=\"index, follow, max-snippet:-1, max-image-preview:large, max-video-preview:-1\" \/>\n<link rel=\"canonical\" href=\"https:\/\/cdo-fitness.com\/ca\/prueba-gratis-1-dia\/\" \/>\n<meta property=\"og:locale\" content=\"ca_ES\" \/>\n<meta property=\"og:type\" content=\"article\" \/>\n<meta property=\"og:title\" content=\"Prova gratis 1 dia - cdo\" \/>\n<meta property=\"og:description\" content=\"Aconsegueix la teva prova d&#039;1 dia GRATIS Si ets major de 16 anys i vols con\u00e8ixer el nostre centre CDO, ... Leer m\u00e1s\" \/>\n<meta property=\"og:url\" content=\"https:\/\/cdo-fitness.com\/ca\/prueba-gratis-1-dia\/\" \/>\n<meta property=\"og:site_name\" content=\"cdo\" \/>\n<meta property=\"article:modified_time\" content=\"2025-05-26T06:27:01+00:00\" \/>\n<meta property=\"og:image\" content=\"https:\/\/cdo-fitness.com\/wp-content\/uploads\/2025\/03\/\u00bfGestionamos-tu-centros-3.png\" \/>\n\t<meta property=\"og:image:width\" content=\"662\" \/>\n\t<meta property=\"og:image:height\" content=\"404\" \/>\n\t<meta property=\"og:image:type\" content=\"image\/png\" \/>\n<meta name=\"twitter:card\" content=\"summary_large_image\" \/>\n<meta name=\"twitter:label1\" content=\"Temps estimat de lectura\" \/>\n\t<meta name=\"twitter:data1\" content=\"1 minut\" \/>\n<script type=\"application\/ld+json\" class=\"yoast-schema-graph\">{\"@context\":\"https:\\\/\\\/schema.org\",\"@graph\":[{\"@type\":\"WebPage\",\"@id\":\"https:\\\/\\\/cdo-fitness.com\\\/ca\\\/prueba-gratis-1-dia\\\/\",\"url\":\"https:\\\/\\\/cdo-fitness.com\\\/ca\\\/prueba-gratis-1-dia\\\/\",\"name\":\"Prova gratis 1 dia - cdo\",\"isPartOf\":{\"@id\":\"https:\\\/\\\/cdo-fitness.com\\\/ca\\\/#website\"},\"datePublished\":\"2024-07-03T08:07:52+00:00\",\"dateModified\":\"2025-05-26T06:27:01+00:00\",\"breadcrumb\":{\"@id\":\"https:\\\/\\\/cdo-fitness.com\\\/ca\\\/prueba-gratis-1-dia\\\/#breadcrumb\"},\"inLanguage\":\"ca\",\"potentialAction\":[{\"@type\":\"ReadAction\",\"target\":[\"https:\\\/\\\/cdo-fitness.com\\\/ca\\\/prueba-gratis-1-dia\\\/\"]}]},{\"@type\":\"BreadcrumbList\",\"@id\":\"https:\\\/\\\/cdo-fitness.com\\\/ca\\\/prueba-gratis-1-dia\\\/#breadcrumb\",\"itemListElement\":[{\"@type\":\"ListItem\",\"position\":1,\"name\":\"Portada\",\"item\":\"https:\\\/\\\/cdo-fitness.com\\\/ca\\\/\"},{\"@type\":\"ListItem\",\"position\":2,\"name\":\"Prova gratis 1 dia\"}]},{\"@type\":\"WebSite\",\"@id\":\"https:\\\/\\\/cdo-fitness.com\\\/ca\\\/#website\",\"url\":\"https:\\\/\\\/cdo-fitness.com\\\/ca\\\/\",\"name\":\"CDO Fitness\",\"description\":\"Gesti\u00f3 de poliesportius municipals\",\"publisher\":{\"@id\":\"https:\\\/\\\/cdo-fitness.com\\\/ca\\\/#organization\"},\"alternateName\":\"Gimnasios CDO\",\"potentialAction\":[{\"@type\":\"SearchAction\",\"target\":{\"@type\":\"EntryPoint\",\"urlTemplate\":\"https:\\\/\\\/cdo-fitness.com\\\/ca\\\/?s={search_term_string}\"},\"query-input\":{\"@type\":\"PropertyValueSpecification\",\"valueRequired\":true,\"valueName\":\"search_term_string\"}}],\"inLanguage\":\"ca\"},{\"@type\":\"Organization\",\"@id\":\"https:\\\/\\\/cdo-fitness.com\\\/ca\\\/#organization\",\"name\":\"CDO Fitness\",\"alternateName\":\"Club deporte y ocio\",\"url\":\"https:\\\/\\\/cdo-fitness.com\\\/ca\\\/\",\"logo\":{\"@type\":\"ImageObject\",\"inLanguage\":\"ca\",\"@id\":\"https:\\\/\\\/cdo-fitness.com\\\/ca\\\/#\\\/schema\\\/logo\\\/image\\\/\",\"url\":\"https:\\\/\\\/cdo-fitness.com\\\/wp-content\\\/uploads\\\/2025\\\/03\\\/cropped-\u00bfGestionamos-tu-centros-3.png\",\"contentUrl\":\"https:\\\/\\\/cdo-fitness.com\\\/wp-content\\\/uploads\\\/2025\\\/03\\\/cropped-\u00bfGestionamos-tu-centros-3.png\",\"width\":661,\"height\":284,\"caption\":\"CDO Fitness\"},\"image\":{\"@id\":\"https:\\\/\\\/cdo-fitness.com\\\/ca\\\/#\\\/schema\\\/logo\\\/image\\\/\"},\"sameAs\":[\"https:\\\/\\\/www.instagram.com\\\/cdo.fitness\\\/\"]}]}<\/script>\n<!-- \/ Yoast SEO plugin. -->","yoast_head_json":{"title":"Prova gratis 1 dia - cdo","robots":{"index":"index","follow":"follow","max-snippet":"max-snippet:-1","max-image-preview":"max-image-preview:large","max-video-preview":"max-video-preview:-1"},"canonical":"https:\/\/cdo-fitness.com\/ca\/prueba-gratis-1-dia\/","og_locale":"ca_ES","og_type":"article","og_title":"Prova gratis 1 dia - cdo","og_description":"Aconsegueix la teva prova d'1 dia GRATIS Si ets major de 16 anys i vols con\u00e8ixer el nostre centre CDO, ... Leer m\u00e1s","og_url":"https:\/\/cdo-fitness.com\/ca\/prueba-gratis-1-dia\/","og_site_name":"cdo","article_modified_time":"2025-05-26T06:27:01+00:00","og_image":[{"width":662,"height":404,"url":"https:\/\/cdo-fitness.com\/wp-content\/uploads\/2025\/03\/\u00bfGestionamos-tu-centros-3.png","type":"image\/png"}],"twitter_card":"summary_large_image","twitter_misc":{"Temps estimat de lectura":"1 minut"},"schema":{"@context":"https:\/\/schema.org","@graph":[{"@type":"WebPage","@id":"https:\/\/cdo-fitness.com\/ca\/prueba-gratis-1-dia\/","url":"https:\/\/cdo-fitness.com\/ca\/prueba-gratis-1-dia\/","name":"Prova gratis 1 dia - cdo","isPartOf":{"@id":"https:\/\/cdo-fitness.com\/ca\/#website"},"datePublished":"2024-07-03T08:07:52+00:00","dateModified":"2025-05-26T06:27:01+00:00","breadcrumb":{"@id":"https:\/\/cdo-fitness.com\/ca\/prueba-gratis-1-dia\/#breadcrumb"},"inLanguage":"ca","potentialAction":[{"@type":"ReadAction","target":["https:\/\/cdo-fitness.com\/ca\/prueba-gratis-1-dia\/"]}]},{"@type":"BreadcrumbList","@id":"https:\/\/cdo-fitness.com\/ca\/prueba-gratis-1-dia\/#breadcrumb","itemListElement":[{"@type":"ListItem","position":1,"name":"Portada","item":"https:\/\/cdo-fitness.com\/ca\/"},{"@type":"ListItem","position":2,"name":"Prova gratis 1 dia"}]},{"@type":"WebSite","@id":"https:\/\/cdo-fitness.com\/ca\/#website","url":"https:\/\/cdo-fitness.com\/ca\/","name":"CDO Fitness","description":"Gesti\u00f3 de poliesportius municipals","publisher":{"@id":"https:\/\/cdo-fitness.com\/ca\/#organization"},"alternateName":"Gimnasios CDO","potentialAction":[{"@type":"SearchAction","target":{"@type":"EntryPoint","urlTemplate":"https:\/\/cdo-fitness.com\/ca\/?s={search_term_string}"},"query-input":{"@type":"PropertyValueSpecification","valueRequired":true,"valueName":"search_term_string"}}],"inLanguage":"ca"},{"@type":"Organization","@id":"https:\/\/cdo-fitness.com\/ca\/#organization","name":"CDO Fitness","alternateName":"Club deporte y ocio","url":"https:\/\/cdo-fitness.com\/ca\/","logo":{"@type":"ImageObject","inLanguage":"ca","@id":"https:\/\/cdo-fitness.com\/ca\/#\/schema\/logo\/image\/","url":"https:\/\/cdo-fitness.com\/wp-content\/uploads\/2025\/03\/cropped-\u00bfGestionamos-tu-centros-3.png","contentUrl":"https:\/\/cdo-fitness.com\/wp-content\/uploads\/2025\/03\/cropped-\u00bfGestionamos-tu-centros-3.png","width":661,"height":284,"caption":"CDO Fitness"},"image":{"@id":"https:\/\/cdo-fitness.com\/ca\/#\/schema\/logo\/image\/"},"sameAs":["https:\/\/www.instagram.com\/cdo.fitness\/"]}]}},"_links":{"self":[{"href":"https:\/\/cdo-fitness.com\/ca\/wp-json\/wp\/v2\/pages\/11766","targetHints":{"allow":["GET"]}}],"collection":[{"href":"https:\/\/cdo-fitness.com\/ca\/wp-json\/wp\/v2\/pages"}],"about":[{"href":"https:\/\/cdo-fitness.com\/ca\/wp-json\/wp\/v2\/types\/page"}],"author":[{"embeddable":true,"href":"https:\/\/cdo-fitness.com\/ca\/wp-json\/wp\/v2\/users\/2"}],"replies":[{"embeddable":true,"href":"https:\/\/cdo-fitness.com\/ca\/wp-json\/wp\/v2\/comments?post=11766"}],"version-history":[{"count":11,"href":"https:\/\/cdo-fitness.com\/ca\/wp-json\/wp\/v2\/pages\/11766\/revisions"}],"predecessor-version":[{"id":14566,"href":"https:\/\/cdo-fitness.com\/ca\/wp-json\/wp\/v2\/pages\/11766\/revisions\/14566"}],"wp:attachment":[{"href":"https:\/\/cdo-fitness.com\/ca\/wp-json\/wp\/v2\/media?parent=11766"}],"wp:term":[{"taxonomy":"category","embeddable":true,"href":"https:\/\/cdo-fitness.com\/ca\/wp-json\/wp\/v2\/categories?post=11766"},{"taxonomy":"post_tag","embeddable":true,"href":"https:\/\/cdo-fitness.com\/ca\/wp-json\/wp\/v2\/tags?post=11766"}],"curies":[{"name":"wp","href":"https:\/\/api.w.org\/{rel}","templated":true}]}}